{"id":1602,"date":"2015-09-02T08:46:41","date_gmt":"2015-09-02T08:46:41","guid":{"rendered":"http:\/\/www.tradingfilms.com\/cat\/?page_id=1602"},"modified":"2021-09-22T10:55:13","modified_gmt":"2021-09-22T10:55:13","slug":"empresa","status":"publish","type":"page","link":"https:\/\/www.tradingfilms.com\/ca\/empresa\/","title":{"rendered":"Companyia"},"content":{"rendered":"<p>[vc_row][vc_column width=&#8221;1\/2&#8243;][vc_single_image image=&#8221;2585&#8243; img_size=&#8221;full&#8221; alignment=&#8221;center&#8221;][\/vc_column][vc_column width=&#8221;1\/2&#8243;][vc_column_text css=&#8221;.vc_custom_1632308065296{margin-bottom: -6px !important;padding-top: -6px !important;}&#8221;]<\/p>\n<h2 style=\"font-weight: 500;\">QUIENES SOMOS<\/h2>\n<p style=\"line-height: 1.3; font-weight: 21px; font-size: 16px; color: #000;\"><strong> Trading Films<\/strong> comercialitza, distribueix i manipula pol\u00edmers termopl\u00e0stics per a 4 \u00e0rees de negoci principals:<strong> embalatge flexible, industrial, arts gr\u00e0fiques i etiquetes.<\/strong><\/p>\n<p style=\"line-height: 1.3; font-weight: 21px; font-size: 16px; color: #000;\">Oferim tamb\u00e9 <strong>serveis de tall de bobines, microperforaci\u00f3, macroperforaci\u00f3 i tall en formats<\/strong> d&#8217;alguns materials.<\/p>\n<p style=\"font-weight: 21px; font-size: 16px; color: #000;\">Les fam\u00edlies de producte m\u00e9s representatives que comercialitza la companyia s\u00f3n:<\/p>\n<ul style=\"padding-left: 17px; font-weight: 21px; font-size: 16px; color: #000;\">\n<li>PET (poli\u00e8ster)<\/li>\n<li>BOPP (polipropil\u00e8)<\/li>\n<li>BOPA (poliamida)<\/li>\n<li>Foil d&#8217;Alumini<\/li>\n<li>Biopl\u00e0stics<\/li>\n<\/ul>\n<p style=\"line-height: 1.3; font-weight: 21px; font-size: 16px; color: #000;\">Som una empresa jove i din\u00e0mica amb persones molt preparades i de perllongada experi\u00e8ncia en el sector.<\/p>\n<p style=\"line-height: 1.3; font-weight: 21px; font-size: 16px; color: #000;\">Oferim als nostres clients una atenci\u00f3 exclusiva i personalitzada segons les seves necessitats. Escoltem les seves inquietuds i actuem de consultors quan cal.<\/p>\n<p>[\/vc_column_text][vc_empty_space height=&#8221;15px&#8221;][vc_column_text]<\/p>\n<h2 style=\"font-weight: 500;\">MISSI\u00d3<\/h2>\n<p style=\"line-height: 1.3; font-weight: 21px; font-size: 16px; color: #000;\">La nostra missi\u00f3 <strong>\u00e9s oferir als nostres clients el millor servei, suport i col\u00b7laboraci\u00f3 <\/strong> i una \u00e0mplia gamma de productes que millor satisfaci les seves necessitats. Som proactius i busquem cont\u00ednuament materials que permetin nous desenvolupaments en cadascun dels mercats en que estem presents.<\/p>\n<p style=\"line-height: 1.3; font-weight: 21px; font-size: 16px; color: #000;\">Una de les nostres prioritats \u00e9s <strong>estar al dia de les innovacions <\/strong> dins del nostre mercat, assistint a fires, esdeveniments i confer\u00e8ncies i treballant en col\u00b7laboraci\u00f3 amb algun dels millors fabricants de films, assegurant sempre la qualitat final dels productes que venem.<\/p>\n<p style=\"line-height: 1.3; font-weight: 21px; font-size: 16px; color: #000;\">Per aix\u00f2, Trading Films ha establert contractes d&#8217;exclusivitat amb empreses com <a href=\"http:\/\/www.kolonindustries.com\/Eng\/\/Product\/product03_01.asp\" target=\"_blank\" rel=\"noopener\">Kolon Industries<\/a> de Corea del Sud per a la seva gamma de PET i BOPA.<\/p>\n<p style=\"line-height: 1.3; font-weight: 21px; font-size: 16px; color: #000;\">Ens agrada <strong>romandre al costat dels nostres clients <\/strong> per estar a l\u2019aguait de les seves noves necessitats i poder-los oferir solucions a la seva al\u00e7ada.<\/p>\n<p style=\"line-height: 1.3; font-weight: 21px; font-size: 16px; color: #000;\">Som <strong>respectuosos amb el medi ambient<\/strong> i per aix\u00f2 tots els nostres productes compleixen la Normativa de qualitat i seguretat aplicable en cada moment.<\/p>\n<p style=\"line-height: 1.3; font-weight: 21px; font-size: 16px; color: #000;\"><strong>Creiem en el treball en equip <\/strong>col\u00b7laborant sempre amb tota la cadena de valor, des dels empleats, prove\u00efdors, clients i en general qualsevol persona que es relacioni amb la nostra empresa.<\/p>\n<p>[\/vc_column_text][\/vc_column][\/vc_row]<\/p>\n","protected":false},"excerpt":{"rendered":"<p>[vc_row][vc_column width=&#8221;1\/2&#8243;][vc_single_image image=&#8221;2585&#8243; img_size=&#8221;full&#8221; alignment=&#8221;center&#8221;][\/vc_column][vc_column width=&#8221;1\/2&#8243;][vc_column_text css=&#8221;.vc_custom_1632308065296{margin-bottom: -6px !important;padding-top: -6px !important;}&#8221;] QUIENES SOMOS Trading Films comercialitza, distribueix i manipula pol\u00edmers termopl\u00e0stics per a 4 \u00e0rees de negoci principals: embalatge flexible, industrial, arts gr\u00e0fiques i etiquetes. Oferim tamb\u00e9 serveis de tall&#8230;<\/p>\n","protected":false},"author":1,"featured_media":0,"parent":0,"menu_order":1,"comment_status":"closed","ping_status":"closed","template":"","meta":[],"_links":{"self":[{"href":"https:\/\/www.tradingfilms.com\/ca\/wp-json\/wp\/v2\/pages\/1602"}],"collection":[{"href":"https:\/\/www.tradingfilms.com\/ca\/wp-json\/wp\/v2\/pages"}],"about":[{"href":"https:\/\/www.tradingfilms.com\/ca\/wp-json\/wp\/v2\/types\/page"}],"author":[{"embeddable":true,"href":"https:\/\/www.tradingfilms.com\/ca\/wp-json\/wp\/v2\/users\/1"}],"replies":[{"embeddable":true,"href":"https:\/\/www.tradingfilms.com\/ca\/wp-json\/wp\/v2\/comments?post=1602"}],"version-history":[{"count":24,"href":"https:\/\/www.tradingfilms.com\/ca\/wp-json\/wp\/v2\/pages\/1602\/revisions"}],"predecessor-version":[{"id":2586,"href":"https:\/\/www.tradingfilms.com\/ca\/wp-json\/wp\/v2\/pages\/1602\/revisions\/2586"}],"wp:attachment":[{"href":"https:\/\/www.tradingfilms.com\/ca\/wp-json\/wp\/v2\/media?parent=1602"}],"curies":[{"name":"wp","href":"https:\/\/api.w.org\/{rel}","templated":true}]}}