{"id":1608,"date":"2015-09-02T09:30:37","date_gmt":"2015-09-02T09:30:37","guid":{"rendered":"http:\/\/www.tradingfilms.com\/cat\/?page_id=1608"},"modified":"2017-05-18T12:51:55","modified_gmt":"2017-05-18T12:51:55","slug":"servicios","status":"publish","type":"page","link":"https:\/\/www.tradingfilms.com\/ca\/servicios\/","title":{"rendered":"Serveis"},"content":{"rendered":"<p>[vc_row][vc_column width=&#8221;1\/4&#8243; css=&#8221;.vc_custom_1441208858295{padding-top: 8px !important;}&#8221;][vc_wp_custommenu nav_menu=&#8221;32&#8243; title=&#8221;Els nostres serveis&#8221;][\/vc_column][vc_column width=&#8221;3\/4&#8243; css=&#8221;.vc_custom_1441208963903{padding-top: 15px !important;}&#8221;][vc_column_text]<\/p>\n<h2 style=\"font-weight: 500;\">SERVEIS TRADING FILMS<\/h2>\n<p>[\/vc_column_text][vc_empty_space][vc_gallery type=&#8221;flexslider_slide&#8221; interval=&#8221;3&#8243; images=&#8221;1940,1941,1942,1943,1944,1945,1946&#8243; img_size=&#8221;full&#8221; el_class=&#8221;slider-productos&#8221;][vc_column_text]<\/p>\n<p style=\"line-height: 1.3; font-weight: 21px; font-size: 16px;\"><strong>Trading Films<\/strong> ofereix <strong>serveis de tall de bobines, micro, macro perforat i tall en formats<\/strong>.<\/p>\n<p style=\"line-height: 1.3; font-weight: 21px; font-size: 16px;\">El nostre equip de professionals t\u00e9 m\u00e9s de 20 anys d&#8217;experi\u00e8ncia en manipulaci\u00f3 de films i els assessoraran per a qualsevol tipus de demanda.<\/p>\n<p style=\"line-height: 1.3; font-weight: 21px; font-size: 16px;\">Som primordialment una empresa de serveis i com a tal ens preocupa que les seves necessitats quedin completament cobertes. El nostre sentit de l&#8217;empatia ens empeny a col\u00b7laborar amb vost\u00e8s en la mesura que ens sigui possible. Qualsevol dubte, inquietud o nova necessitat que li sorgeixi no dubti a comentar-nos-la.<\/p>\n<p>[\/vc_column_text][vc_empty_space][vc_column_text]<a name=\"corte\"><\/a><\/p>\n<h3><strong><span style=\"color: #000000;\">Tall i rebobinat<\/span><\/strong><\/h3>\n<p style=\"line-height: 1.3; font-weight: 21px; font-size: 16px;\">Som un dels <strong>l\u00edders en el tall i rebobinat en els camps d&#8217;Embalatge Flexible, Arts gr\u00e0fiques i Industrial.<\/strong> Amb un ample \u00fatil d&#8217;entrada de bobina m\u00e0ster que va dels 400 mm als 2400 mm, podem lliurar bobines tallades des de 10 mm fins a 2400 mm d&#8217;ample i un m\u00e0xim de 800 mm de di\u00e0metre exterior. Som vers\u00e0tils a l\u2019hora de lliurar les bobines en 76 o en 152 mm de di\u00e0metre interior segons li convingui al nostre client final.<\/p>\n<p>[\/vc_column_text][vc_empty_space][vc_row_inner css=&#8221;.vc_custom_1441624307044{margin-top: 5px !important;}&#8221;][vc_column_inner width=&#8221;1\/2&#8243;][vc_column_text]<a name=\"microperforado\"><\/a><\/p>\n<h3><strong>Microperforat<\/strong><\/h3>\n<p style=\"line-height: 1.3; font-weight: 21px; font-size: 16px;\">Un altre dels nostres serveis \u00e9s el microperforat en calent principalment per a rebosteria industrial i sector agr\u00edcola.<\/p>\n<p style=\"line-height: 1.3; font-weight: 21px; font-size: 16px;\">Caracter\u00edstiques del microperforat:<\/p>\n<ul style=\"padding-left: 18px; line-height: 1.3; font-weight: 21px; font-size: 16px;\">\n<li>Di\u00e0metre de perforaci\u00f3: De 0,8 a 1 mm.<\/li>\n<li>Dist\u00e0ncia entre forats: Min 10 mm.<\/li>\n<li>Ampl\u00e0ria m\u00e0xima de bobines de microperforat: 1600 mm.<\/li>\n<li>Ampl\u00e0ria m\u00ednima de bobines de microperforat: 60 mm.<\/li>\n<li>Reserves a sol\u00b7licitud del client.<\/li>\n<li>Di\u00e0metre interior: 76 i 152 mm.<\/li>\n<li>Di\u00e0metre exterior: Fins a 800 mm.<\/li>\n<\/ul>\n<p>[\/vc_column_text][\/vc_column_inner][vc_column_inner width=&#8221;1\/2&#8243;][vc_empty_space height=&#8221;17px&#8221;][vc_raw_html]JTNDYnIlM0UlM0NiciUzRSUzQ2JyJTNF[\/vc_raw_html][vc_single_image image=&#8221;1612&#8243; img_size=&#8221;full&#8221; alignment=&#8221;right&#8221;][\/vc_column_inner][\/vc_row_inner][vc_row_inner css=&#8221;.vc_custom_1441624240756{margin-top: -55px !important;margin-right: 0px !important;}&#8221;][vc_column_inner width=&#8221;1\/2&#8243;][vc_column_text]<a name=\"macroperforado\"><\/a><\/p>\n<h3><strong>Macroperforat <\/strong><\/h3>\n<p style=\"line-height: 1.3; font-weight: 21px; font-size: 16px;\">El proc\u00e9s de macroperforat es realitza en fred i es destina primordialment al mercat d&#8217;embotits i al mercat hortofruct\u00edcola.<\/p>\n<p style=\"line-height: 1.3; font-weight: 21px; font-size: 16px;\">Caracter\u00edstiques del macroperforat:<\/p>\n<ul style=\"padding-left: 18px; line-height: 1.3; font-weight: 21px; font-size: 16px;\">\n<li>Di\u00e0metre de perforaci\u00f3: 6 mm.<\/li>\n<li>Dist\u00e0ncia entre forats: Min 30 mm (vertical i horitzontal).<\/li>\n<li>Nombre m\u00e0xim de perforacions (ample): 15 en horitzontal<\/li>\n<li>Ampl\u00e0ria m\u00e0xima de bobines de macroperforat: 1600 mm.<\/li>\n<li>Dissenys a petici\u00f3 del client.<\/li>\n<li>Sistema de detecci\u00f3 de m\u00e0cula per a film impr\u00e8s.<\/li>\n<li>Di\u00e0metre interior: 76 i 152 mm.<\/li>\n<li>Di\u00e0metre exterior: Fins a 800 mm.<\/li>\n<\/ul>\n<p>[\/vc_column_text][\/vc_column_inner][vc_column_inner width=&#8221;1\/2&#8243;][vc_empty_space height=&#8221;60px&#8221;][vc_single_image image=&#8221;1611&#8243; img_size=&#8221;full&#8221; alignment=&#8221;right&#8221;][vc_empty_space height=&#8221;2px&#8221;][\/vc_column_inner][\/vc_row_inner][vc_empty_space][vc_column_text css=&#8221;.vc_custom_1495097307341{margin-top: -15px !important;}&#8221;]<a name=\"resmado\"><\/a><\/p>\n<h3><strong>Tall en formats<\/strong><\/h3>\n<p style=\"line-height: 1.3; font-weight: 21px; font-size: 16px;\"><strong>Trading Films<\/strong> pot lliurar material en formats en lloc de bobines. Normalment s\u2019utilitza per a l\u00e0mines de poli\u00e8ster amb alts micratges (de 50 a 350 \u00b5).<\/p>\n<p style=\"line-height: 1.3; font-weight: 21px; font-size: 16px;\">Caracter\u00edstiques del tall en formats:<\/p>\n<ul style=\"padding-left: 18px; line-height: 1.3; font-weight: 21px; font-size: 16px;\">\n<li>Tall en formats principalment de poli\u00e8ster d\u2019alts micratges.<\/li>\n<li>Format m\u00e0xim de 1000 x 2000 (Ample x Llarg).<\/li>\n<li>A petici\u00f3 del client es poden intercalar fulls de separaci\u00f3 entre l\u00e0mines.<\/li>\n<\/ul>\n<p>[\/vc_column_text][vc_empty_space]<div role=\"form\" class=\"wpcf7\" id=\"wpcf7-f1614-o1\" lang=\"es-ES\" dir=\"ltr\">\n<div class=\"screen-reader-response\"><p role=\"status\" aria-live=\"polite\" aria-atomic=\"true\"><\/p> <ul><\/ul><\/div>\n<form action=\"\/ca\/wp-json\/wp\/v2\/pages\/1608#wpcf7-f1614-o1\" method=\"post\" class=\"wpcf7-form init\" novalidate=\"novalidate\" data-status=\"init\">\n<div style=\"display: none;\">\n<input type=\"hidden\" name=\"_wpcf7\" value=\"1614\" \/>\n<input type=\"hidden\" name=\"_wpcf7_version\" value=\"5.4\" \/>\n<input type=\"hidden\" name=\"_wpcf7_locale\" value=\"es_ES\" \/>\n<input type=\"hidden\" name=\"_wpcf7_unit_tag\" value=\"wpcf7-f1614-o1\" \/>\n<input type=\"hidden\" name=\"_wpcf7_container_post\" value=\"0\" \/>\n<input type=\"hidden\" name=\"_wpcf7_posted_data_hash\" value=\"\" \/>\n<\/div>\n<div id=\"form-servicios\">\n\t<strong><br \/>\n<h3>SOL\u00b7LICITI M\u00c9S INFORMACI\u00d3<\/h3>\n<p><\/strong><\/br><\/p>\n<div class=\"col-md-6\">\n\t\t<span class=\"wpcf7-form-control-wrap NombreEmpresa\"><input type=\"text\" name=\"NombreEmpresa\" value=\"\" size=\"40\" class=\"wpcf7-form-control wpcf7-text wpcf7-validates-as-required\" aria-required=\"true\" aria-invalid=\"false\" placeholder=\"Nom \/ Empresa *\" \/><\/span><br \/>\n\t\t<span class=\"wpcf7-form-control-wrap Pais\"><input type=\"text\" name=\"Pais\" value=\"\" size=\"40\" class=\"wpcf7-form-control wpcf7-text wpcf7-validates-as-required\" aria-required=\"true\" aria-invalid=\"false\" placeholder=\"Pa\u00eds *\" \/><\/span><br \/>\n\t\t<span class=\"wpcf7-form-control-wrap Provincia\"><input type=\"text\" name=\"Provincia\" value=\"\" size=\"40\" class=\"wpcf7-form-control wpcf7-text wpcf7-validates-as-required\" aria-required=\"true\" aria-invalid=\"false\" placeholder=\"Prov\u00edncia *\" \/><\/span><br \/>\n\t\t<span class=\"wpcf7-form-control-wrap Ciudad\"><input type=\"text\" name=\"Ciudad\" value=\"\" size=\"40\" class=\"wpcf7-form-control wpcf7-text wpcf7-validates-as-required\" aria-required=\"true\" aria-invalid=\"false\" placeholder=\"Ciutat *\" \/><\/span><br \/>\n\t\t<span class=\"wpcf7-form-control-wrap Codigopostal\"><input type=\"text\" name=\"Codigopostal\" value=\"\" size=\"40\" class=\"wpcf7-form-control wpcf7-text wpcf7-validates-as-required\" aria-required=\"true\" aria-invalid=\"false\" placeholder=\"Codi postal *\" \/><\/span>\n\t<\/div>\n<div class=\"col-md-6\">\n\t\t<span class=\"wpcf7-form-control-wrap e-mail\"><input type=\"email\" name=\"e-mail\" value=\"\" size=\"40\" class=\"wpcf7-form-control wpcf7-text wpcf7-email wpcf7-validates-as-required wpcf7-validates-as-email\" aria-required=\"true\" aria-invalid=\"false\" placeholder=\"E-mail *\" \/><\/span><br \/>\n\t\t<span class=\"wpcf7-form-control-wrap Telefono\"><input type=\"tel\" name=\"Telefono\" value=\"\" size=\"40\" class=\"wpcf7-form-control wpcf7-text wpcf7-tel wpcf7-validates-as-required wpcf7-validates-as-tel\" aria-required=\"true\" aria-invalid=\"false\" placeholder=\"Tel\u00e8fon*\" \/><\/span><br \/>\n\t\t<span class=\"wpcf7-form-control-wrap mensaje\"><textarea name=\"mensaje\" cols=\"40\" rows=\"10\" class=\"wpcf7-form-control wpcf7-textarea wpcf7-validates-as-required\" aria-required=\"true\" aria-invalid=\"false\" placeholder=\"Escriu aqu\u00ed el teu missatge... *\"><\/textarea><\/span>\n\t<\/div>\n<div class=\"col-md-12 padding-0\" style=\"line-height: 19px;\">\n<p class=\"float-left size-text-16\"><strong>Codi de seguretat:<\/strong> Per evitar <i>Spam<\/i>, haur\u00e0s d\u2019omplir els seg\u00fcents numeros i\/o lletres *<\/p>\n<p  class=\"col-md-1\"><input type=\"hidden\" name=\"_wpcf7_captcha_challenge_captcha-564\" value=\"2036785494\" \/><img class=\"wpcf7-form-control wpcf7-captchac wpcf7-captcha-captcha-564\" width=\"72\" height=\"24\" alt=\"captcha\" src=\"https:\/\/www.tradingfilms.com\/ca\/wp-content\/uploads\/sites\/5\/wpcf7_captcha\/2036785494.png\" \/><\/p>\n<div class=\"col-md-6\">\n<p style=\"margin-top: 19px;\" class=\"col-md-1\"><span class=\"wpcf7-form-control-wrap captcha-564\"><input type=\"text\" name=\"captcha-564\" value=\"\" size=\"40\" class=\"wpcf7-form-control wpcf7-captchar\" autocomplete=\"off\" aria-invalid=\"false\" \/><\/span><\/p>\n<\/div>\n<\/div>\n<div class=\"col-md-12 padding-0\">\n\t\t<span class=\"aceptar-politica size-text-16\" style=\"margin-top: -10px !important;\"><span class=\"wpcf7-form-control-wrap Politica\"><span class=\"wpcf7-form-control wpcf7-checkbox wpcf7-validates-as-required\"><span class=\"wpcf7-list-item first last\"><label><input type=\"checkbox\" name=\"Politica[]\" value=\"\" \/><span class=\"wpcf7-list-item-label\"><\/span><\/label><\/span><\/span><\/span> <span class=\"txt-black\" >He llegit i accepto<\/span><a href=\"http:\/\/www.tradingfilms.com\/ca\/aviso-legal-y-politica-privacidad\/\"> l\u2019av\u00eds legal i la pol\u00edtica de privacitat.<\/a><\/span>\n\t<\/div>\n<div class=\"col-md-12 padding-0\">\n<div class=\"hidden-lg hidden-md hidden-sm\">\n<p>&nbsp;<\/p>\n<p>&nbsp;<\/p>\n<\/div>\n<p>\t\t<span class=\"campos-requeridos\">* Camps obligatoris.<\/span>\n\t<\/div>\n<div class=\"col-md-12\">\n<div class=\"hidden-lg hidden-md hidden-sm\">\n<p>&nbsp;<\/p>\n<p>&nbsp;<\/p>\n<\/div>\n<p>\t\t<input type=\"submit\" value=\"ENVIAR MISSATGE\" class=\"wpcf7-form-control wpcf7-submit\" \/>\n\t<\/p><\/div>\n<\/div>\n<div class=\"wpcf7-response-output\" aria-hidden=\"true\"><\/div><\/form><\/div>[\/vc_column][\/vc_row]<\/p>\n","protected":false},"excerpt":{"rendered":"<p>[vc_row][vc_column width=&#8221;1\/4&#8243; css=&#8221;.vc_custom_1441208858295{padding-top: 8px !important;}&#8221;][vc_wp_custommenu nav_menu=&#8221;32&#8243; title=&#8221;Els nostres serveis&#8221;][\/vc_column][vc_column width=&#8221;3\/4&#8243; css=&#8221;.vc_custom_1441208963903{padding-top: 15px !important;}&#8221;][vc_column_text] SERVEIS TRADING FILMS [\/vc_column_text][vc_empty_space][vc_gallery type=&#8221;flexslider_slide&#8221; interval=&#8221;3&#8243; images=&#8221;1940,1941,1942,1943,1944,1945,1946&#8243; img_size=&#8221;full&#8221; el_class=&#8221;slider-productos&#8221;][vc_column_text] Trading Films ofereix serveis de tall de bobines, micro, macro perforat i tall en formats. El nostre equip&#8230;<\/p>\n","protected":false},"author":1,"featured_media":0,"parent":0,"menu_order":3,"comment_status":"closed","ping_status":"closed","template":"","meta":[],"_links":{"self":[{"href":"https:\/\/www.tradingfilms.com\/ca\/wp-json\/wp\/v2\/pages\/1608"}],"collection":[{"href":"https:\/\/www.tradingfilms.com\/ca\/wp-json\/wp\/v2\/pages"}],"about":[{"href":"https:\/\/www.tradingfilms.com\/ca\/wp-json\/wp\/v2\/types\/page"}],"author":[{"embeddable":true,"href":"https:\/\/www.tradingfilms.com\/ca\/wp-json\/wp\/v2\/users\/1"}],"replies":[{"embeddable":true,"href":"https:\/\/www.tradingfilms.com\/ca\/wp-json\/wp\/v2\/comments?post=1608"}],"version-history":[{"count":42,"href":"https:\/\/www.tradingfilms.com\/ca\/wp-json\/wp\/v2\/pages\/1608\/revisions"}],"predecessor-version":[{"id":2576,"href":"https:\/\/www.tradingfilms.com\/ca\/wp-json\/wp\/v2\/pages\/1608\/revisions\/2576"}],"wp:attachment":[{"href":"https:\/\/www.tradingfilms.com\/ca\/wp-json\/wp\/v2\/media?parent=1608"}],"curies":[{"name":"wp","href":"https:\/\/api.w.org\/{rel}","templated":true}]}}