{"id":1633,"date":"2015-09-02T11:02:39","date_gmt":"2015-09-02T11:02:39","guid":{"rendered":"http:\/\/www.tradingfilms.com\/cat\/?page_id=1633"},"modified":"2020-06-10T13:53:56","modified_gmt":"2020-06-10T13:53:56","slug":"contacto","status":"publish","type":"page","link":"https:\/\/www.tradingfilms.com\/ca\/contacto\/","title":{"rendered":"Contacto"},"content":{"rendered":"<p>[vc_row full_width=&#8221;stretch_row_content_no_spaces&#8221;][vc_column][vc_raw_html]JTNDZGl2JTIwaWQlM0QlMjJtYXAlMjIlMjBzdHlsZSUzRCUyMndpZHRoJTNBJTIwMTAwJTI1JTNCJTIwaGVpZ2h0JTNBJTIwNTAwcHglM0IlMjIlM0UlM0MlMkZkaXYlM0U=[\/vc_raw_html][\/vc_column][\/vc_row][vc_row][vc_column][vc_empty_space][vc_row_inner][vc_column_inner width=&#8221;1\/3&#8243;][vc_column_text]<\/p>\n<h2>DIRECCI\u00d3<\/h2>\n<p style=\"font-weight: 21; font-size: 16px; color: #000;\"><strong>Trading Films S.L. <\/strong><br \/>\nC\/ Barcelona 1, Nave B<br \/>\n08850 Gav\u00e0 (Barcelona)<\/p>\n<p>[\/vc_column_text][\/vc_column_inner][vc_column_inner width=&#8221;1\/3&#8243;][vc_column_text]<\/p>\n<h2>CONTACTE<\/h2>\n<p style=\"font-weight: 21; font-size: 16px; color: #000;\">Tel\u00e8fon +34 93 277 68 61<\/p>\n<p class=\"mail-contacto\" style=\"font-weight: 21; font-size: 16px;\"><a href=\"mailto:info@tradingfilms.com\">info@tradingfilms.com<\/a><\/p>\n<p>[\/vc_column_text][\/vc_column_inner][vc_column_inner width=&#8221;1\/3&#8243;][vc_empty_space height=&#8221;12px&#8221;][vc_column_text]<\/p>\n<p style=\"font-weight: 21; font-size: 16px; color: #000;\">No dubti a parlar amb el nostre representant a qualsevol moment.<\/p>\n<p style=\"font-weight: 21; font-size: 16px; color: #000;\">Si us plau, utilitzi el nostre formulari de contacte, el nostre correu electr\u00f2nic o el nostre n\u00famero de tel\u00e8fon.<\/p>\n<p>[\/vc_column_text][\/vc_column_inner][\/vc_row_inner]<div role=\"form\" class=\"wpcf7\" id=\"wpcf7-f1647-o1\" lang=\"es-ES\" dir=\"ltr\">\n<div class=\"screen-reader-response\"><p role=\"status\" aria-live=\"polite\" aria-atomic=\"true\"><\/p> <ul><\/ul><\/div>\n<form action=\"\/ca\/wp-json\/wp\/v2\/pages\/1633#wpcf7-f1647-o1\" method=\"post\" class=\"wpcf7-form init\" novalidate=\"novalidate\" data-status=\"init\">\n<div style=\"display: none;\">\n<input type=\"hidden\" name=\"_wpcf7\" value=\"1647\" \/>\n<input type=\"hidden\" name=\"_wpcf7_version\" value=\"5.4\" \/>\n<input type=\"hidden\" name=\"_wpcf7_locale\" value=\"es_ES\" \/>\n<input type=\"hidden\" name=\"_wpcf7_unit_tag\" value=\"wpcf7-f1647-o1\" \/>\n<input type=\"hidden\" name=\"_wpcf7_container_post\" value=\"0\" \/>\n<input type=\"hidden\" name=\"_wpcf7_posted_data_hash\" value=\"\" \/>\n<\/div>\n<div id=\"form-contacto\">\n\t<strong><br \/>\n<h3>ENVIA'NS UN MISSATGE<\/h3>\n<p><\/strong><\/br><\/p>\n<div class=\"col-md-6\">\n\t\t<span class=\"wpcf7-form-control-wrap NombreEmpresa\"><input type=\"text\" name=\"NombreEmpresa\" value=\"\" size=\"40\" class=\"wpcf7-form-control wpcf7-text wpcf7-validates-as-required\" aria-required=\"true\" aria-invalid=\"false\" placeholder=\"Nom \/ Empresa *\" \/><\/span><br \/>\n\t\t<span class=\"wpcf7-form-control-wrap Pais\"><input type=\"text\" name=\"Pais\" value=\"\" size=\"40\" class=\"wpcf7-form-control wpcf7-text wpcf7-validates-as-required\" aria-required=\"true\" aria-invalid=\"false\" placeholder=\"Pa\u00eds *\" \/><\/span><br \/>\n\t\t<span class=\"wpcf7-form-control-wrap Provincia\"><input type=\"text\" name=\"Provincia\" value=\"\" size=\"40\" class=\"wpcf7-form-control wpcf7-text wpcf7-validates-as-required\" aria-required=\"true\" aria-invalid=\"false\" placeholder=\"Prov\u00edncia *\" \/><\/span><br \/>\n\t\t<span class=\"wpcf7-form-control-wrap Ciudad\"><input type=\"text\" name=\"Ciudad\" value=\"\" size=\"40\" class=\"wpcf7-form-control wpcf7-text wpcf7-validates-as-required\" aria-required=\"true\" aria-invalid=\"false\" placeholder=\"Ciutat *\" \/><\/span><br \/>\n\t\t<span class=\"wpcf7-form-control-wrap Codigopostal\"><input type=\"text\" name=\"Codigopostal\" value=\"\" size=\"40\" class=\"wpcf7-form-control wpcf7-text wpcf7-validates-as-required\" aria-required=\"true\" aria-invalid=\"false\" placeholder=\"Codi postal *\" \/><\/span>\n\t<\/div>\n<div class=\"col-md-6\">\n\t\t<span class=\"wpcf7-form-control-wrap e-mail\"><input type=\"email\" name=\"e-mail\" value=\"\" size=\"40\" class=\"wpcf7-form-control wpcf7-text wpcf7-email wpcf7-validates-as-required wpcf7-validates-as-email\" aria-required=\"true\" aria-invalid=\"false\" placeholder=\"E-mail *\" \/><\/span><br \/>\n\t\t<span class=\"wpcf7-form-control-wrap Telefono\"><input type=\"tel\" name=\"Telefono\" value=\"\" size=\"40\" class=\"wpcf7-form-control wpcf7-text wpcf7-tel wpcf7-validates-as-required wpcf7-validates-as-tel\" aria-required=\"true\" aria-invalid=\"false\" placeholder=\"Tel\u00e8fon*\" \/><\/span><br \/>\n\t\t<span class=\"wpcf7-form-control-wrap mensaje\"><textarea name=\"mensaje\" cols=\"40\" rows=\"10\" class=\"wpcf7-form-control wpcf7-textarea wpcf7-validates-as-required\" aria-required=\"true\" aria-invalid=\"false\" placeholder=\"Escriu aqu\u00ed el teu missatge... *\"><\/textarea><\/span>\n\t<\/div>\n<div class=\"col-md-12 padding-0\" style=\"line-height: 19px;\">\n<p class=\"float-left size-text-16\"><strong>Codi de seguretat:<\/strong> Per evitar <i>Spam<\/i>, , haur\u00e0s d\u2019omplir els seg\u00fcents numeros i\/o lletres *<\/p>\n<p  class=\"col-md-1\"><input type=\"hidden\" name=\"_wpcf7_captcha_challenge_captcha-564\" value=\"3421433677\" \/><img class=\"wpcf7-form-control wpcf7-captchac wpcf7-captcha-captcha-564\" width=\"72\" height=\"24\" alt=\"captcha\" src=\"https:\/\/www.tradingfilms.com\/ca\/wp-content\/uploads\/sites\/5\/wpcf7_captcha\/3421433677.png\" \/><\/p>\n<div class=\"col-md-6\">\n<p style=\"margin-top: 19px;\" class=\"col-md-1\"><span class=\"wpcf7-form-control-wrap captcha-564\"><input type=\"text\" name=\"captcha-564\" value=\"\" size=\"40\" class=\"wpcf7-form-control wpcf7-captchar\" autocomplete=\"off\" aria-invalid=\"false\" \/><\/span><\/p>\n<\/div>\n<div class=\"col-md-12 padding-0\">\n\t\t<span class=\"aceptar-politica size-text-16\" ><span class=\"wpcf7-form-control-wrap Politica\"><span class=\"wpcf7-form-control wpcf7-checkbox wpcf7-validates-as-required\"><span class=\"wpcf7-list-item first last\"><label><input type=\"checkbox\" name=\"Politica[]\" value=\"\" \/><span class=\"wpcf7-list-item-label\"><\/span><\/label><\/span><\/span><\/span> <span class=\"txt-black\" >He llegit i accepto<\/span><a href=\"http:\/\/www.tradingfilms.com\/ca\/aviso-legal-y-politica-privacidad\/\"> l\u2019av\u00eds legal i la pol\u00edtica de privacitat.<\/a><\/span><\/p>\n<div class=\"col-md-12 padding-0\">\n\t\t<span class=\"campos-requeridos\">* Camps obligatoris.<\/span><\/p>\n<div class=\"hidden-lg hidden-md hidden-sm\">\n<p>&nbsp;<\/p>\n<\/div>\n<\/div>\n<div class=\"col-md-12 padding-0\">\n<p>&nbsp;<\/p>\n<div class=\"hidden-lg hidden-md hidden-sm\">\n<p>&nbsp;<\/p>\n<\/div>\n<p>\t\t<input type=\"submit\" value=\"ENVIAR MISSATGE\" class=\"wpcf7-form-control wpcf7-submit\" \/>\n\t<\/p><\/div>\n<\/div>\n<\/div>\n<div class=\"wpcf7-response-output\" aria-hidden=\"true\"><\/div><\/form><\/div>[\/vc_column][\/vc_row]<\/p>\n","protected":false},"excerpt":{"rendered":"<p>[vc_row full_width=&#8221;stretch_row_content_no_spaces&#8221;][vc_column][vc_raw_html]JTNDZGl2JTIwaWQlM0QlMjJtYXAlMjIlMjBzdHlsZSUzRCUyMndpZHRoJTNBJTIwMTAwJTI1JTNCJTIwaGVpZ2h0JTNBJTIwNTAwcHglM0IlMjIlM0UlM0MlMkZkaXYlM0U=[\/vc_raw_html][\/vc_column][\/vc_row][vc_row][vc_column][vc_empty_space][vc_row_inner][vc_column_inner width=&#8221;1\/3&#8243;][vc_column_text] DIRECCI\u00d3 Trading Films S.L. C\/ Barcelona 1, Nave B 08850 Gav\u00e0 (Barcelona) [\/vc_column_text][\/vc_column_inner][vc_column_inner width=&#8221;1\/3&#8243;][vc_column_text] CONTACTE Tel\u00e8fon +34 93 277 68 61 info@tradingfilms.com [\/vc_column_text][\/vc_column_inner][vc_column_inner width=&#8221;1\/3&#8243;][vc_empty_space height=&#8221;12px&#8221;][vc_column_text] No dubti a parlar amb el nostre representant a qualsevol moment. Si&#8230;<\/p>\n","protected":false},"author":1,"featured_media":0,"parent":0,"menu_order":6,"comment_status":"closed","ping_status":"closed","template":"","meta":[],"_links":{"self":[{"href":"https:\/\/www.tradingfilms.com\/ca\/wp-json\/wp\/v2\/pages\/1633"}],"collection":[{"href":"https:\/\/www.tradingfilms.com\/ca\/wp-json\/wp\/v2\/pages"}],"about":[{"href":"https:\/\/www.tradingfilms.com\/ca\/wp-json\/wp\/v2\/types\/page"}],"author":[{"embeddable":true,"href":"https:\/\/www.tradingfilms.com\/ca\/wp-json\/wp\/v2\/users\/1"}],"replies":[{"embeddable":true,"href":"https:\/\/www.tradingfilms.com\/ca\/wp-json\/wp\/v2\/comments?post=1633"}],"version-history":[{"count":33,"href":"https:\/\/www.tradingfilms.com\/ca\/wp-json\/wp\/v2\/pages\/1633\/revisions"}],"predecessor-version":[{"id":2579,"href":"https:\/\/www.tradingfilms.com\/ca\/wp-json\/wp\/v2\/pages\/1633\/revisions\/2579"}],"wp:attachment":[{"href":"https:\/\/www.tradingfilms.com\/ca\/wp-json\/wp\/v2\/media?parent=1633"}],"curies":[{"name":"wp","href":"https:\/\/api.w.org\/{rel}","templated":true}]}}