{"id":1690,"date":"2015-09-02T12:50:06","date_gmt":"2015-09-02T12:50:06","guid":{"rendered":"http:\/\/www.tradingfilms.com\/cat\/?page_id=1690"},"modified":"2017-05-18T08:32:25","modified_gmt":"2017-05-18T08:32:25","slug":"productos","status":"publish","type":"page","link":"https:\/\/www.tradingfilms.com\/ca\/productos\/","title":{"rendered":"Productes"},"content":{"rendered":"<p>[vc_row css=&#8221;.vc_custom_1441269064620{padding-top: 10px !important;}&#8221;][vc_column][vc_column_text]<\/p>\n<p><!--galerias por productos--><\/p>\n<div id=\"gal-aluminios-ca\">\n[vc_gallery type=&#8221;flexslider_slide&#8221; interval=&#8221;3&#8243; images=&#8221;2080,2081&#8243; img_size=&#8221;full&#8221; onclick=&#8221;&#8221; el_class=&#8221;slider-productos&#8221;]<\/p>\n<h5><strong>Foil d\u2019Alumini<\/strong><\/h5>\n<p>Aquest material \u00e9s gaireb\u00e9 irreempla\u00e7able quan parlem de protecci\u00f3 total als gasos, a la llum, al vapor d&#8217;aigua i l&#8217;aroma. Es fa servir sempre com una de les capes de l&#8217;estructura en un complexe laminant-se amb altres materials com el PE, el PET etc &#8230;\n<\/p><\/div>\n<div id=\"gal-poliamidas-ca\">\n[vc_gallery type=&#8221;flexslider_slide&#8221; interval=&#8221;3&#8243; images=&#8221;2082,2083,2084&#8243; img_size=&#8221;full&#8221; onclick=&#8221;&#8221; el_class=&#8221;slider-productos&#8221;]<\/p>\n<h5><strong>Films de BOPA<\/strong><\/h5>\n<p>La poliamida bi-orientada (BOPA) \u00e9s un material transparent amb una excel\u00b7lent propietat de barrera a l&#8217;oxigen i a altres gasos com l&#8217;heli. D&#8217;altra banda, la seva barrera al vapor d&#8217;aigua \u00e9s molt dolenta ja que aquest producte \u00e9s higrosc\u00f2pic (absorbeix la humitat de l&#8217;ambient). La poliamida tamb\u00e9 t\u00e9 una alta resist\u00e8ncia a la punci\u00f3 i l&#8217;estirament i aguanta processos t\u00e8rmics amb altes temperatures.\n<\/p><\/div>\n<div id=\"gal-poliesteres-ca\">\n[vc_gallery type=&#8221;flexslider_slide&#8221; interval=&#8221;3&#8243; images=&#8221;2085,2086,2087&#8243; img_size=&#8221;full&#8221; onclick=&#8221;&#8221; el_class=&#8221;slider-productos&#8221;]<\/p>\n<h5><strong>Films de PET<\/strong><\/h5>\n<p>El Poli\u00e8ster (PET) \u00e9s un dels materials m\u00e9s importants en embalatge flexible per les seves excepcionals propietats mec\u00e0niques i la seva resist\u00e8ncia a la temperatura, fent-lo indispensable en processos t\u00e8rmics que requereixen temperatures per sobre dels 150-180\u00baC.\n<\/p><\/div>\n<div id=\"gal-polipropilenos-ca\">\n[vc_gallery type=&#8221;flexslider_slide&#8221; interval=&#8221;3&#8243; images=&#8221;2088,2089&#8243; img_size=&#8221;full&#8221; onclick=&#8221;&#8221; el_class=&#8221;slider-productos&#8221;]<\/p>\n<h5><strong>Films de BOPP<\/strong><\/h5>\n<p>El polipropil\u00e8 bi-orientat (BOPP) \u00e9s un film molt m\u00e9s clar que el polietil\u00e8 (PE). A m\u00e9s, \u00e9s m\u00e9s r\u00edgid i m\u00e9s resistent. T\u00e9 una menor permeabilitat al gas i a la humitat per\u00f2 el seu punt de fusi\u00f3 \u00e9s superior al PE i pot usar-se en envasos processats que requereixen una certa temperatura.\n<\/p><\/div>\n<p><!--galerias por mercado--><\/p>\n<div id=\"gal-artes-graficas-ca\">\n[vc_gallery type=&#8221;flexslider_slide&#8221; interval=&#8221;3&#8243; images=&#8221;2090,2091,2092,2093,2094&#8243; img_size=&#8221;full&#8221; onclick=&#8221;&#8221; el_class=&#8221;slider-productos&#8221;]<\/p>\n<h5><strong>Films de PET<\/strong><\/h5>\n<p>El Poli\u00e8ster (PET) \u00e9s un dels materials m\u00e9s importants en embalatge flexible per les seves excepcionals propietats mec\u00e0niques i la seva resist\u00e8ncia a la temperatura, fent-lo indispensable en processos t\u00e8rmics que requereixen temperatures per sobre dels 150-180\u00baC. <\/p>\n<h5><strong>Films de BOPP<\/strong><\/h5>\n<p>El polipropil\u00e8 bi-orientat (BOPP) \u00e9s un film molt m\u00e9s clar que el polietil\u00e8 (PE). A m\u00e9s, \u00e9s m\u00e9s r\u00edgid i m\u00e9s resistent. T\u00e9 una menor permeabilitat al gas i a la humitat per\u00f2 el seu punt de fusi\u00f3 \u00e9s superior al PE i pot usar-se en envasos processats que requereixen una certa temperatura.\n<\/p><\/div>\n<div id=\"gal-embalaje-flexible-ca\">\n[vc_gallery type=&#8221;flexslider_slide&#8221; interval=&#8221;3&#8243; images=&#8221;2095,2096,2097,2098,2099,2100&#8243; img_size=&#8221;full&#8221; onclick=&#8221;&#8221; el_class=&#8221;slider-productos&#8221;]<\/p>\n<h5><strong>Films de PET<\/strong><\/h5>\n<p>El Poli\u00e8ster (PET) \u00e9s un dels materials m\u00e9s importants en embalatge flexible per les seves excepcionals propietats mec\u00e0niques i la seva resist\u00e8ncia a la temperatura, fent-lo indispensable en processos t\u00e8rmics que requereixen temperatures per sobre dels 150-180\u00baC. <\/p>\n<h5><strong>Films de BOPP<\/strong><\/h5>\n<p>El polipropil\u00e8 bi-orientat (BOPP) \u00e9s un film molt m\u00e9s clar que el polietil\u00e8 (PE). A m\u00e9s, \u00e9s m\u00e9s r\u00edgid i m\u00e9s resistent. T\u00e9 una menor permeabilitat al gas i a la humitat per\u00f2 el seu punt de fusi\u00f3 \u00e9s superior al PE i pot usar-se en envasos processats que requereixen una certa temperatura.<\/p>\n<h5><strong>Films de BOPA<\/strong><\/h5>\n<p>La poliamida bi-orientada (BOPA) \u00e9s un material transparent amb una excel\u00b7lent propietat de barrera a l&#8217;oxigen i a altres gasos com l&#8217;heli. D&#8217;altra banda, la seva barrera al vapor d&#8217;aigua \u00e9s molt dolenta ja que aquest producte \u00e9s higrosc\u00f2pic (absorbeix la humitat de l&#8217;ambient). La poliamida tamb\u00e9 t\u00e9 una alta resist\u00e8ncia a la punci\u00f3 i l&#8217;estirament i aguanta processos t\u00e8rmics amb altes temperatures.  <\/p>\n<h5><strong>Foil d&#8217;Alumini<\/strong><\/h5>\n<p>Aquest material \u00e9s gaireb\u00e9 irreempla\u00e7able quan parlem de protecci\u00f3 total als gasos, a la llum, al vapor d&#8217;aigua i l&#8217;aroma. Es fa servir sempre com una de les capes de l&#8217;estructura en un complexe laminant-se amb altres materials com el PE, el PET etc &#8230;\n<\/p><\/div>\n<div id=\"gal-etiquetas-ca\">\n[vc_gallery type=&#8221;flexslider_slide&#8221; interval=&#8221;3&#8243; images=&#8221;2101,2102,2103,2104,2105&#8243; img_size=&#8221;full&#8221; onclick=&#8221;&#8221; el_class=&#8221;slider-productos&#8221;]<\/p>\n<h5><strong>Films de PET<\/strong><\/h5>\n<p>El Poli\u00e8ster (PET) \u00e9s un dels materials m\u00e9s importants en embalatge flexible per les seves excepcionals propietats mec\u00e0niques i la seva resist\u00e8ncia a la temperatura, fent-lo indispensable en processos t\u00e8rmics que requereixen temperatures per sobre dels 150-180\u00baC. <\/p>\n<h5><strong>Films de BOPP<\/strong><\/h5>\n<p>El polipropil\u00e8 bi-orientat (BOPP) \u00e9s un film molt m\u00e9s clar que el polietil\u00e8 (PE). A m\u00e9s, \u00e9s m\u00e9s r\u00edgid i m\u00e9s resistent. T\u00e9 una menor permeabilitat al gas i a la humitat per\u00f2 el seu punt de fusi\u00f3 \u00e9s superior al PE i pot usar-se en envasos processats que requereixen una certa temperatura.\n<\/p><\/div>\n<div id=\"gal-industrial-ca\">\n[vc_gallery type=&#8221;flexslider_slide&#8221; interval=&#8221;3&#8243; images=&#8221;2106,2107,2108,2109&#8243; img_size=&#8221;full&#8221; onclick=&#8221;&#8221; el_class=&#8221;slider-productos&#8221;]<\/p>\n<h5><strong>Films de PET<\/strong><\/h5>\n<p>El Poli\u00e8ster (PET) \u00e9s un dels materials m\u00e9s importants en embalatge flexible per les seves excepcionals propietats mec\u00e0niques i la seva resist\u00e8ncia a la temperatura, fent-lo indispensable en processos t\u00e8rmics que requereixen temperatures per sobre dels 150-180\u00baC. <\/p>\n<h5><strong>Films de BOPP<\/strong><\/h5>\n<p>El polipropil\u00e8 bi-orientat (BOPP) \u00e9s un film molt m\u00e9s clar que el polietil\u00e8 (PE). A m\u00e9s, \u00e9s m\u00e9s r\u00edgid i m\u00e9s resistent. T\u00e9 una menor permeabilitat al gas i a la humitat per\u00f2 el seu punt de fusi\u00f3 \u00e9s superior al PE i pot usar-se en envasos processats que requereixen una certa temperatura.\n<\/p><\/div>\n<p>[\/vc_column_text][\/vc_column][\/vc_row]<\/p>\n","protected":false},"excerpt":{"rendered":"<p>[vc_row css=&#8221;.vc_custom_1441269064620{padding-top: 10px !important;}&#8221;][vc_column][vc_column_text] [vc_gallery type=&#8221;flexslider_slide&#8221; interval=&#8221;3&#8243; images=&#8221;2080,2081&#8243; img_size=&#8221;full&#8221; onclick=&#8221;&#8221; el_class=&#8221;slider-productos&#8221;] Foil d\u2019Alumini Aquest material \u00e9s gaireb\u00e9 irreempla\u00e7able quan parlem de protecci\u00f3 total als gasos, a la llum, al vapor d&#8217;aigua i l&#8217;aroma. Es fa servir sempre com una de&#8230;<\/p>\n","protected":false},"author":1,"featured_media":0,"parent":0,"menu_order":2,"comment_status":"closed","ping_status":"closed","template":"page-productos.php","meta":[],"_links":{"self":[{"href":"https:\/\/www.tradingfilms.com\/ca\/wp-json\/wp\/v2\/pages\/1690"}],"collection":[{"href":"https:\/\/www.tradingfilms.com\/ca\/wp-json\/wp\/v2\/pages"}],"about":[{"href":"https:\/\/www.tradingfilms.com\/ca\/wp-json\/wp\/v2\/types\/page"}],"author":[{"embeddable":true,"href":"https:\/\/www.tradingfilms.com\/ca\/wp-json\/wp\/v2\/users\/1"}],"replies":[{"embeddable":true,"href":"https:\/\/www.tradingfilms.com\/ca\/wp-json\/wp\/v2\/comments?post=1690"}],"version-history":[{"count":45,"href":"https:\/\/www.tradingfilms.com\/ca\/wp-json\/wp\/v2\/pages\/1690\/revisions"}],"predecessor-version":[{"id":2535,"href":"https:\/\/www.tradingfilms.com\/ca\/wp-json\/wp\/v2\/pages\/1690\/revisions\/2535"}],"wp:attachment":[{"href":"https:\/\/www.tradingfilms.com\/ca\/wp-json\/wp\/v2\/media?parent=1690"}],"curies":[{"name":"wp","href":"https:\/\/api.w.org\/{rel}","templated":true}]}}