{"id":1721,"date":"2015-09-03T07:24:45","date_gmt":"2015-09-03T07:24:45","guid":{"rendered":"http:\/\/www.tradingfilms.com\/cat\/politica-de-cookies\/"},"modified":"2017-05-18T09:07:00","modified_gmt":"2017-05-18T09:07:00","slug":"politica-de-cookies","status":"publish","type":"page","link":"https:\/\/www.tradingfilms.com\/ca\/politica-de-cookies\/","title":{"rendered":"Pol\u00edtica de cookies"},"content":{"rendered":"<p>[vc_row][vc_column][vc_column_text]<\/p>\n<h1>POL\u00cdTICA DE COOKIES<\/h1>\n<p style=\"font-size: 16px; line-height: 1.3;\"><strong>TRADING FILMS, S.L. pel seu propi compte o la d&#8217;un tercer contractat per a prestaci\u00f3 de serveis de mesurament, poden utilitzar cookies quan l&#8217;usuari navega pel lloc web. Les cookies s\u00f3n fitxers enviats al navegador per mitj\u00e0 d&#8217;un servei web amb la finalitat de registrar les activitats de l&#8217;usuari durant el seu temps de navegaci\u00f3.<\/strong><\/p>\n<p style=\"font-size: 16px; line-height: 1.3;\">Les cookies utilitzades s&#8217;associen \u00fanicament amb un usuari an\u00f2nim i el seu ordinador, i no proporcionen per si mateixes les dades personals de l&#8217;usuari.<\/p>\n<p style=\"font-size: 16px; line-height: 1.3;\"><strong>Mitjan\u00e7ant l&#8217;\u00fas de les cookies resulta possible que el servidor on es troba la web reconegui el navegador web utilitzat per l&#8217;usuari amb la finalitat que la navegaci\u00f3 sigui m\u00e9s senzilla.<\/strong> S&#8217;utilitzen tamb\u00e9 per mesurar l&#8217;audi\u00e8ncia i par\u00e0metres del tr\u00e0fic, controlar el proc\u00e9s i nombre d&#8217;entrades.<\/p>\n<p style=\"font-size: 16px; line-height: 1.3;\"><strong>L&#8217;usuari t\u00e9 la possibilitat de configurar el seu navegador per ser avisat de la recepci\u00f3 de cookies i per impedir la seva instal\u00b7laci\u00f3 en el seu equip.<\/strong> Per favor consulti les instruccions i manuals del seu navegador per ampliar aquesta informaci\u00f3.<\/p>\n<p style=\"font-size: 16px; line-height: 1.3;\">Per utilitzar el lloc web no \u00e9s necessari que l&#8217;usuari permeti la instal\u00b7laci\u00f3 de les cookies enviades al lloc web, o el tercer que actu\u00ef en el seu nom, sense perjudici que sigui necessari que l&#8217;usuari inici\u00ef una sessi\u00f3 tal en cadascun dels serveis la prestaci\u00f3 dels quals requereixi el previ registre.<\/p>\n<p style=\"font-size: 16px; line-height: 1.3;\">En tot cas <strong>les cookies tenen un car\u00e0cter temporal<\/strong> amb l&#8217;\u00fanica finalitat de fer m\u00e9s efica\u00e7 la seva transmissi\u00f3 ulterior. En cap cas s&#8217;utilitzar\u00e0 cookies per recollir informaci\u00f3 de car\u00e0cter personal.<\/p>\n<p>[\/vc_column_text][\/vc_column][\/vc_row]<\/p>\n","protected":false},"excerpt":{"rendered":"<p>[vc_row][vc_column][vc_column_text] POL\u00cdTICA DE COOKIES TRADING FILMS, S.L. pel seu propi compte o la d&#8217;un tercer contractat per a prestaci\u00f3 de serveis de mesurament, poden utilitzar cookies quan l&#8217;usuari navega pel lloc web. Les cookies s\u00f3n fitxers enviats al navegador per&#8230;<\/p>\n","protected":false},"author":1,"featured_media":0,"parent":0,"menu_order":11,"comment_status":"closed","ping_status":"closed","template":"","meta":[],"_links":{"self":[{"href":"https:\/\/www.tradingfilms.com\/ca\/wp-json\/wp\/v2\/pages\/1721"}],"collection":[{"href":"https:\/\/www.tradingfilms.com\/ca\/wp-json\/wp\/v2\/pages"}],"about":[{"href":"https:\/\/www.tradingfilms.com\/ca\/wp-json\/wp\/v2\/types\/page"}],"author":[{"embeddable":true,"href":"https:\/\/www.tradingfilms.com\/ca\/wp-json\/wp\/v2\/users\/1"}],"replies":[{"embeddable":true,"href":"https:\/\/www.tradingfilms.com\/ca\/wp-json\/wp\/v2\/comments?post=1721"}],"version-history":[{"count":3,"href":"https:\/\/www.tradingfilms.com\/ca\/wp-json\/wp\/v2\/pages\/1721\/revisions"}],"predecessor-version":[{"id":2542,"href":"https:\/\/www.tradingfilms.com\/ca\/wp-json\/wp\/v2\/pages\/1721\/revisions\/2542"}],"wp:attachment":[{"href":"https:\/\/www.tradingfilms.com\/ca\/wp-json\/wp\/v2\/media?parent=1721"}],"curies":[{"name":"wp","href":"https:\/\/api.w.org\/{rel}","templated":true}]}}