{"id":1723,"date":"2015-09-03T07:46:15","date_gmt":"2015-09-03T07:46:15","guid":{"rendered":"http:\/\/www.tradingfilms.com\/cat\/?page_id=1723"},"modified":"2021-11-12T10:17:31","modified_gmt":"2021-11-12T10:17:31","slug":"aviso-legal-y-politica-privacidad","status":"publish","type":"page","link":"https:\/\/www.tradingfilms.com\/ca\/aviso-legal-y-politica-privacidad\/","title":{"rendered":"Av\u00eds legal i pol\u00edtica de privacitat"},"content":{"rendered":"<p>[vc_row][vc_column][vc_column_text]<\/p>\n<h2><span style=\"color: #000000;\">DADES GENERALS<\/span><\/h2>\n<p style=\"font-size: 16px; line-height: 1.3;\"><strong>D&#8217;acord amb l&#8217;article 10 de la Llei 34\/2002, d&#8217;11 de juliol, de Serveis de la Societat de la Informaci\u00f3 i de Comer\u00e7 Electr\u00f2nic posem a la seva disposici\u00f3 les seg\u00fcents dades:<\/strong><\/p>\n<p style=\"font-size: 16px; line-height: 1.3;\">TRADING FILMS, S.L. est\u00e0 domiciliada al C\/ Barcelona 1, Nave B, 08850 Gav\u00e0 (Barcelona), amb CIF ESB65606527. Inscrita en el Registre Mercantil de BARCELONA, Tom 42690, Foli 13, Fulla B414372, Inscripci\u00f3 1\u00aa.<\/p>\n<p style=\"font-size: 16px; line-height: 1.3;\">A la web <a href=\"http:\/\/www.tradingfilms.com\">www.tradingfilms.com<\/a> hi ha una s\u00e8rie de continguts de car\u00e0cter informatiu sobre l&#8217;activitat de l&#8217;empresa TRADING FILMS, S.L.<\/p>\n<p style=\"font-size: 16px; line-height: 1.3;\"><strong>El seu principal objectiu<\/strong> \u00e9s facilitar als clients i al p\u00fablic en general, la informaci\u00f3 relativa a l&#8217;empresa, als productes i serveis que s&#8217;ofereixen.<\/p>\n<h2><span style=\"color: #000000;\">POL\u00cdTICA DE PRIVACITAT<\/span><\/h2>\n<p style=\"font-size: 16px; line-height: 1.3;\">En compliment del que es disposa en <strong>la Llei Org\u00e0nica 15\/1999, de 13 de Desembre, de Protecci\u00f3 de Dades de Car\u00e0cter Personal (LOPD)<\/strong> s&#8217;informa a l&#8217;usuari que totes les dades que ens proporcioni seran incorporats a un fitxer, creat i mantingut sota la responsabilitat de TRADING FILMS, S.L.<\/p>\n<p style=\"font-size: 16px; line-height: 1.3;\">Sempre <strong>es respectar\u00e0 la confidencialitat de les seves dades personals<\/strong> que nom\u00e9s seran utilitzades amb la finalitat de gestionar els serveis oferts, atendre a les sol\u00b7licituds que ens plantegi, realitzar tasques administratives, aix\u00ed com remetre informaci\u00f3 t\u00e8cnica, comercial o publicit\u00e0ria per via ordin\u00e0ria o electr\u00f2nica.<\/p>\n<p style=\"font-size: 16px; line-height: 1.3;\">Per exercir els seus <strong>drets d&#8217;oposici\u00f3, rectificaci\u00f3 o cancel\u00b7laci\u00f3<\/strong> haur\u00e0 de dirigir-se a la seu de l&#8217;empresa al C\/ Barcelona 1, Nave B, 08850 Gav\u00e0 (Barcelona), escriure&#8217;ns al seg\u00fcent correu <a href=\"mailto:info@tradingfilms.com\">info@tradingfilms.com<\/a> o cridar-nos al 932 776 861.<\/p>\n<h2><span style=\"color: #000000;\">CONDICIONS D&#8217;\u00daS<\/span><\/h2>\n<p style=\"font-size: 16px; line-height: 1.3;\"><strong>Les condicions d&#8217;acc\u00e9s i \u00fas del present lloc web es regeixen per la legalitat vigent i pel principi de bona fe<\/strong> comprometent-se l&#8217;usuari a realitzar un bon \u00fas de la web. No es permeten conductes que vagin contra la llei, els drets o interessos de tercers.<\/p>\n<p style=\"font-size: 16px; line-height: 1.3;\">Ser usuari de la web de <a href=\"http:\/\/www.tradingfilms.com\">www.tradingfilms.com <\/a>implica que reconeix haver llegit i acceptat les presents condicions i que estengui la normativa legal aplicable en aquesta mat\u00e8ria. Si pel motiu que fos no estigu\u00e9s d&#8217;acord amb aquestes condicions no continu\u00ef usant aquesta web.<\/p>\n<p style=\"font-size: 16px; line-height: 1.3;\"><strong>Qualsevol tipus de notificaci\u00f3 i\/o reclamaci\u00f3 solament ser\u00e0 v\u00e0lida per notificaci\u00f3 escrita i\/o correu certificat.<\/strong><\/p>\n<h2><span style=\"color: #000000;\">RESPONSABILITATS<\/span><\/h2>\n<p style=\"font-size: 16px; line-height: 1.3;\">TRADING FILMS, S.L. <strong>no es fa responsable de la informaci\u00f3 i continguts emmagatzemats en f\u00f2rums, xarxes socials o qualssevol altre mitj\u00e0<\/strong> que permeti a tercers publicar continguts de forma independent a la p\u00e0gina web del prestador.<\/p>\n<p style=\"font-size: 16px; line-height: 1.3;\">No obstant aix\u00f2, tenint en compte els art. 11 i 16 de la LSSI-CE, TRADING FILMS, S.L. <strong>es compromet a la retirada o si escau bloqueig d&#8217;aquells continguts que poguessin afectar o contravenir la legislaci\u00f3 nacional o internacional<\/strong>, drets de tercers o la moral i l&#8217;ordre p\u00fablic.<\/p>\n<p style=\"font-size: 16px; line-height: 1.3;\"><strong>Tampoc l&#8217;empresa es responsabilitzar\u00e0 dels danys i perjudicis que es produeixin per fallades o males configuracions del programari instal\u00b7lat en l&#8217;ordinador de l&#8217;internauta.<\/strong> S&#8217;exclou tota responsabilitat per alguna incid\u00e8ncia t\u00e8cnica o fallada que es produeixi quan l&#8217;usuari es connecti a internet. Igualment no es garanteix la inexist\u00e8ncia d&#8217;interrupcions o errors en l&#8217;acc\u00e9s al lloc web.<\/p>\n<p style=\"font-size: 16px; line-height: 1.3;\">Aix\u00ed mateix, TRADING FILMS, S.L. <strong>es reserva el dret a actualitzar, modificar o eliminar la informaci\u00f3 continguda a la seva p\u00e0gina web,<\/strong> aix\u00ed com la configuraci\u00f3 o presentaci\u00f3 del mateix, a qualsevol moment sense assumir alguna responsabilitat per aix\u00f2.<\/p>\n<p style=\"font-size: 16px; line-height: 1.3;\">Li comuniquem que qualsevol preu que pugui veure a la nostra web ser\u00e0 solament orientatiu. Si l&#8217;usuari desitja saber amb exactitud el preu o si el producte al moment actual compta amb alguna oferta de la qual es pot beneficiar ha de sol\u00b7licitar-ho al departament comercial de TRADING FILMS, S.L.<\/p>\n<h2><span style=\"color: #000000;\">PROPIETAT INTEL\u00b7LECTUAL I INDUSTRIAL<\/span><\/h2>\n<p style=\"font-size: 16px; line-height: 1.3;\">TRADING FILMS, S.L. <strong>\u00e9s titular de tots els drets sobre el software de la publicaci\u00f3 digital aix\u00ed com dels drets de propietat industrial i intel\u00b7lectual referits als continguts que s&#8217;incloguin<\/strong>, a excepci\u00f3 dels drets sobre productes i serveis de car\u00e0cter p\u00fablic que no s\u00f3n propietat d&#8217;aquesta empresa.<\/p>\n<p style=\"font-size: 16px; line-height: 1.3;\"><strong>Cap material publicat en aquesta web podr\u00e0 ser reprodu\u00eft, copiat o publicat<\/strong> sense el consentiment per escrit de TRADING FILMS, S.L.<\/p>\n<p style=\"font-size: 16px; line-height: 1.3;\"><strong>Tota la informaci\u00f3 que es rebi a la web, com a comentaris, suggeriments o idees, es considerar\u00e0 cedida<\/strong> a TRADING FILMS, S.L. de manera gratu\u00efta. No ha d&#8217;enviar-se informaci\u00f3 que NO pugui ser tractada d&#8217;aquesta manera.<\/p>\n<p style=\"font-size: 16px; line-height: 1.3;\">Tots els productes i serveis d&#8217;aquestes p\u00e0gines que NO s\u00f3n propietat de TRADING FILMS, S.L. s\u00f3n marques registrades dels seus respectius propietaris i s\u00f3n reconegudes com a tals per la nostra empresa. Solament apareixen a la web de TRADING FILMS, S.L. a l&#8217;efecte de promoci\u00f3 i de recopilaci\u00f3 d&#8217;informaci\u00f3. Aquests propietaris poden sol\u00b7licitar la modificaci\u00f3 o eliminaci\u00f3 de la informaci\u00f3 que els pertany.<\/p>\n<h2><span style=\"color: #000000;\">LLEI APLICABLE I JURISDICCI\u00d3<\/span><\/h2>\n<p style=\"font-size: 16px; line-height: 1.3;\"><strong>Les presents condicions generals es regeixen per la legislaci\u00f3 espanyola.<\/strong> Per a qualsevol litigi que pogu\u00e9s sorgir relacionat amb el lloc web o l&#8217;activitat que en ell es desenvolupa seran competents els Jutjats de Gav\u00e0, renunciant expressament l&#8217;usuari a qualsevol altre fur que pogu\u00e9s correspondre-li.<\/p>\n<p>[\/vc_column_text][\/vc_column][\/vc_row]<\/p>\n","protected":false},"excerpt":{"rendered":"<p>[vc_row][vc_column][vc_column_text] DADES GENERALS D&#8217;acord amb l&#8217;article 10 de la Llei 34\/2002, d&#8217;11 de juliol, de Serveis de la Societat de la Informaci\u00f3 i de Comer\u00e7 Electr\u00f2nic posem a la seva disposici\u00f3 les seg\u00fcents dades: TRADING FILMS, S.L. est\u00e0 domiciliada al&#8230;<\/p>\n","protected":false},"author":1,"featured_media":0,"parent":0,"menu_order":8,"comment_status":"closed","ping_status":"closed","template":"","meta":[],"_links":{"self":[{"href":"https:\/\/www.tradingfilms.com\/ca\/wp-json\/wp\/v2\/pages\/1723"}],"collection":[{"href":"https:\/\/www.tradingfilms.com\/ca\/wp-json\/wp\/v2\/pages"}],"about":[{"href":"https:\/\/www.tradingfilms.com\/ca\/wp-json\/wp\/v2\/types\/page"}],"author":[{"embeddable":true,"href":"https:\/\/www.tradingfilms.com\/ca\/wp-json\/wp\/v2\/users\/1"}],"replies":[{"embeddable":true,"href":"https:\/\/www.tradingfilms.com\/ca\/wp-json\/wp\/v2\/comments?post=1723"}],"version-history":[{"count":14,"href":"https:\/\/www.tradingfilms.com\/ca\/wp-json\/wp\/v2\/pages\/1723\/revisions"}],"predecessor-version":[{"id":1726,"href":"https:\/\/www.tradingfilms.com\/ca\/wp-json\/wp\/v2\/pages\/1723\/revisions\/1726"}],"wp:attachment":[{"href":"https:\/\/www.tradingfilms.com\/ca\/wp-json\/wp\/v2\/media?parent=1723"}],"curies":[{"name":"wp","href":"https:\/\/api.w.org\/{rel}","templated":true}]}}