{"id":2615,"date":"2022-05-19T12:32:20","date_gmt":"2022-05-19T12:32:20","guid":{"rendered":"https:\/\/www.tradingfilms.com\/ca\/?page_id=2615"},"modified":"2022-05-20T09:16:06","modified_gmt":"2022-05-20T09:16:06","slug":"definicions","status":"publish","type":"page","link":"https:\/\/www.tradingfilms.com\/ca\/green-packaging\/definicions\/","title":{"rendered":"Definicions"},"content":{"rendered":"<p>[vc_row][vc_column width=&#8221;1\/3&#8243;][vc_single_image image=&#8221;2618&#8243; img_size=&#8221;full&#8221;][vc_single_image image=&#8221;2617&#8243; img_size=&#8221;full&#8221; alignment=&#8221;center&#8221; onclick=&#8221;link_image&#8221;][\/vc_column][vc_column width=&#8221;2\/3&#8243;][vc_custom_heading text=&#8221;<strong>Biopl\u00e0stics\/Biopol\u00edmers<\/strong>&#8221; font_container=&#8221;tag:h2|font_size:32px|text_align:left|color:%23000000|line_height:42px&#8221; use_theme_fonts=&#8221;yes&#8221;][vc_column_text css=&#8221;.vc_custom_1653038165143{margin-bottom: -6px !important;padding-top: -6px !important;}&#8221;]Els biopl\u00e0stics representen una \u00e0mplia fam\u00edlia de materials polim\u00e8rics biodegradables i\/o basats en mat\u00e8ries primes renovables.<\/p>\n<p>Aquests materials constitueixen una alternativa atractiva i sostenible als materials pl\u00e0stics convencionals. D&#8217;una banda, l&#8217;\u00fas de mat\u00e8ries primes d&#8217;origen natural permet reduir la depend\u00e8ncia de materials d&#8217;origen petroqu\u00edmic i les emissions de gasos hivernacle a l&#8217;atmosfera al final de la seva vida \u00fatil (un 30-80% depenent del material i l&#8217;aplicaci\u00f3). De l&#8217;altra banda, els materials biodegradables ofereixen la possibilitat de ser gestionats conjuntament amb la fracci\u00f3 org\u00e0nica d&#8217;altres residus. Per exemple, restes d\u2019aliments.<\/p>\n<p>Des d&#8217;un punt de vista estructural, els materials biodegradables presenten certes limitacions en quant a propietats f\u00edsiques, qu\u00edmiques i\/o mec\u00e0niques. D&#8217;altra banda, la seva capacitat de producci\u00f3 actual \u00e9s molt inferior a la dels materials convencionals, reduint-ne el potencial de substituci\u00f3 i incrementant els costos del producte final, de vegades molt superiors als de materials convencionals.<\/p>\n<p>Segons el context, el prefix \u201cbio\u201d identifica diferents tipus de materials polim\u00e8rics:<\/p>\n<ul>\n<li aria-level=\"1\"><strong>Pol\u00edmers basats en mat\u00e8ries primes renovables<\/strong> (Bio-based). Aquests alhora poden ser de dos tipus\n<ul>\n<li aria-level=\"2\">Naturals: pol\u00edmers naturals sintetitzats per organismes vius com els polisac\u00e0rids (mid\u00f3, cel\u00b7lulosa), les prote\u00efnes i els polihidroxialcanoats<\/li>\n<li aria-level=\"2\">Sint\u00e8tics: deriven de recursos renovables per\u00f2 la conversi\u00f3 a pol\u00edmers es realitza mitjan\u00e7ant una transformaci\u00f3 qu\u00edmica. Dins aquest grup s&#8217;inclouen el PLA, el PE d&#8217;origen natural (BIO-PE) i la poliamida 11 (BIO-PA) obtinguda a partir de l&#8217;oli de ric\u00ed<\/li>\n<\/ul>\n<\/li>\n<li aria-level=\"1\"><strong>Pol\u00edmers biodegradables<\/strong>. En aquest context, el prefix \u201cbio\u201d es centra en la biodegradabilitat i la possibilitat de recuperaci\u00f3 org\u00e0nica dels residus. En aquesta ocasi\u00f3 el terme biopol\u00edmer identifica pol\u00edmers capa\u00e7os de ser degradats aer\u00f2bica (en pres\u00e8ncia d&#8217;oxigen) o anaer\u00f2bicament (en abs\u00e8ncia d&#8217;oxigen) per l&#8217;acci\u00f3 de microorganismes existents al medi de manera natural tals com els bacteris, fongs i\/o algues.<\/li>\n<\/ul>\n<p>De vegades el terme \u201cbiodegradable\u201d \u00e9s substitu\u00eft pel terme \u201ccompostable\u201d malgrat tenir significats diferents. A difer\u00e8ncia d&#8217;un pl\u00e0stic biodegradable, un material compostable \u00e9s aquell que experimenta degradaci\u00f3 biol\u00f2gica durant la formaci\u00f3 de compost per produir di\u00f2xid de carboni, aigua, compostos inorg\u00e0nics i biomassa, amb una rapidesa similar a altres materials compostables, sense generar residus distingibles visualment o residus t\u00f2xics. En altres paraules, un pl\u00e0stic compostable sempre \u00e9s biodegradable, mentre que un pl\u00e0stic biodegradable no sempre \u00e9s compostable.<\/p>\n<p>La normativa Europea EN13432 resol molt b\u00e9 aquesta possible confusi\u00f3 entre biodegradabilitat i compostabilitat ja que defineix que perqu\u00e8 un material sigui compostable s&#8217;ha de biodegradar almenys el 90% del material convertint-se en CO2, aigua i biomassa sota l&#8217;acci\u00f3 de microorganismes dins un per\u00edode m\u00e0xim de 180 dies aproximadament a 60\u00baC<\/p>\n<p>En resum, els biopl\u00e0stics representen al voltant d&#8217;un 1% dels m\u00e9s de 368 milions de tones de pl\u00e0stic produ\u00efdes anualment. Per\u00f2 a mesura que augmenti la demanda, i amb aplicacions cada cop m\u00e9s sofisticades i productes emergents, el mercat dels biopl\u00e0stics estar\u00e0 cont\u00ednuament creixent i diversificant-se. La producci\u00f3 global de biopl\u00e0stics s&#8217;incrementar\u00e0 de 2,11 milions de tones l&#8217;any 2020 a unes 2,87 milions de tones el 2025.[\/vc_column_text][vc_empty_space][\/vc_column][\/vc_row]<\/p>\n","protected":false},"excerpt":{"rendered":"<p>[vc_row][vc_column width=&#8221;1\/3&#8243;][vc_single_image image=&#8221;2618&#8243; img_size=&#8221;full&#8221;][vc_single_image image=&#8221;2617&#8243; img_size=&#8221;full&#8221; alignment=&#8221;center&#8221; onclick=&#8221;link_image&#8221;][\/vc_column][vc_column width=&#8221;2\/3&#8243;][vc_custom_heading text=&#8221;Biopl\u00e0stics\/Biopol\u00edmers&#8221; font_container=&#8221;tag:h2|font_size:32px|text_align:left|color:%23000000|line_height:42px&#8221; use_theme_fonts=&#8221;yes&#8221;][vc_column_text css=&#8221;.vc_custom_1653038165143{margin-bottom: -6px !important;padding-top: -6px !important;}&#8221;]Els biopl\u00e0stics representen una \u00e0mplia fam\u00edlia de materials polim\u00e8rics biodegradables i\/o basats en mat\u00e8ries primes renovables. Aquests materials constitueixen una alternativa atractiva i sostenible&#8230;<\/p>\n","protected":false},"author":1,"featured_media":0,"parent":2603,"menu_order":0,"comment_status":"closed","ping_status":"closed","template":"page-test.php","meta":[],"_links":{"self":[{"href":"https:\/\/www.tradingfilms.com\/ca\/wp-json\/wp\/v2\/pages\/2615"}],"collection":[{"href":"https:\/\/www.tradingfilms.com\/ca\/wp-json\/wp\/v2\/pages"}],"about":[{"href":"https:\/\/www.tradingfilms.com\/ca\/wp-json\/wp\/v2\/types\/page"}],"author":[{"embeddable":true,"href":"https:\/\/www.tradingfilms.com\/ca\/wp-json\/wp\/v2\/users\/1"}],"replies":[{"embeddable":true,"href":"https:\/\/www.tradingfilms.com\/ca\/wp-json\/wp\/v2\/comments?post=2615"}],"version-history":[{"count":3,"href":"https:\/\/www.tradingfilms.com\/ca\/wp-json\/wp\/v2\/pages\/2615\/revisions"}],"predecessor-version":[{"id":2658,"href":"https:\/\/www.tradingfilms.com\/ca\/wp-json\/wp\/v2\/pages\/2615\/revisions\/2658"}],"up":[{"embeddable":true,"href":"https:\/\/www.tradingfilms.com\/ca\/wp-json\/wp\/v2\/pages\/2603"}],"wp:attachment":[{"href":"https:\/\/www.tradingfilms.com\/ca\/wp-json\/wp\/v2\/media?parent=2615"}],"curies":[{"name":"wp","href":"https:\/\/api.w.org\/{rel}","templated":true}]}}