{"id":2622,"date":"2022-05-19T12:34:37","date_gmt":"2022-05-19T12:34:37","guid":{"rendered":"https:\/\/www.tradingfilms.com\/ca\/?page_id=2622"},"modified":"2022-05-19T12:42:33","modified_gmt":"2022-05-19T12:42:33","slug":"metriques-i-tendencies","status":"publish","type":"page","link":"https:\/\/www.tradingfilms.com\/ca\/green-packaging\/metriques-i-tendencies\/","title":{"rendered":"M\u00e8triques i Tend\u00e8ncies"},"content":{"rendered":"<p>[vc_row][vc_column width=&#8221;1\/6&#8243;][\/vc_column][vc_column width=&#8221;2\/3&#8243;][vc_custom_heading text=&#8221;<strong>Capacitats productives globals de materials biopl\u00e0stics el 2020:<br \/>\nbio basats no biodegradables vs bio basats biodegradables<\/strong>&#8221; font_container=&#8221;tag:h2|font_size:18px|text_align:left|color:%23565656|line_height:22px&#8221; use_theme_fonts=&#8221;yes&#8221;][vc_empty_space height=&#8221;20px&#8221;][vc_custom_heading text=&#8221;El 41,9% dels materials biopl\u00e0stics produ\u00efts el 2020 s\u00f3n biobasats, \u00e9s a dir, d&#8217;origen no f\u00f2ssil, encara que NO s\u00f3n biodegradables. Dins aquesta tipologia de materials d&#8217;origen natural destaquen la PA (poliamida) i el PE (polietil\u00e8).&#8221; font_container=&#8221;tag:p|font_size:14px|text_align:left|line_height:16px&#8221; use_theme_fonts=&#8221;yes&#8221;][vc_custom_heading text=&#8221;El 58,1% dels materials biopl\u00e0stics a m\u00e9s de ser biobasats s\u00f3n biodegradables i els m\u00e9s populars s\u00f3n el PLA i altres productes derivats de les barreges de mid\u00f3.&#8221; font_container=&#8221;tag:p|font_size:14px|text_align:left|line_height:16px&#8221; use_theme_fonts=&#8221;yes&#8221;][vc_empty_space height=&#8221;20px&#8221;][vc_single_image image=&#8221;2625&#8243; img_size=&#8221;full&#8221; alignment=&#8221;center&#8221;][vc_empty_space height=&#8221;50px&#8221;][\/vc_column][vc_column width=&#8221;1\/6&#8243;][\/vc_column][\/vc_row][vc_row][vc_column width=&#8221;1\/6&#8243;][\/vc_column][vc_column width=&#8221;2\/3&#8243;][vc_custom_heading text=&#8221;<strong>Comparativa de les capacitats productives globals de materials biopl\u00e0stics a 2020 i 2025: bio basats no biodegradables vs bio basats biodegradables<\/strong>&#8221; font_container=&#8221;tag:h2|font_size:18px|text_align:left|color:%23565656|line_height:22px&#8221; use_theme_fonts=&#8221;yes&#8221;][vc_empty_space height=&#8221;20px&#8221;][vc_custom_heading text=&#8221;La producci\u00f3 dels materials bio basats i biodegradables passar\u00e0 del 58,1% al 2020 al 62,7% al 2025.&#8221; font_container=&#8221;tag:p|font_size:14px|text_align:left|line_height:16px&#8221; use_theme_fonts=&#8221;yes&#8221;][vc_custom_heading text=&#8221;Dins dels materials bio basats i no biodegradables la PA i el PE seguiran sent els m\u00e9s utilitzats i fabricats el 2025; en canvi dins dels bio basats biodegradables hi haur\u00e0 una tend\u00e8ncia a l&#8217;al\u00e7a dels PHA&#8217;s (polihidroxialcanoats) i els PLA&#8217;s assoliran l&#8217;11,5% del total dels biopl\u00e0stics.&#8221; font_container=&#8221;tag:p|font_size:14px|text_align:left|line_height:16px&#8221; use_theme_fonts=&#8221;yes&#8221;][vc_empty_space height=&#8221;20px&#8221;][\/vc_column][vc_column width=&#8221;1\/6&#8243;][\/vc_column][\/vc_row][vc_row][vc_column width=&#8221;1\/6&#8243;][\/vc_column][vc_column width=&#8221;1\/3&#8243;][vc_single_image image=&#8221;2626&#8243; img_size=&#8221;full&#8221; alignment=&#8221;center&#8221;][vc_custom_heading text=&#8221;<sup>*<\/sup> PDF is currently in development and predicted to be available in commercial scale in 2023.&#8221; font_container=&#8221;tag:p|font_size:12px|text_align:left|line_height:14px&#8221; use_theme_fonts=&#8221;yes&#8221;][vc_custom_heading text=&#8221;<sup>1<\/sup> World plastics production 1950-2019 (estimation), Plastics Europe, 2020&#8243; font_container=&#8221;tag:p|font_size:14px|text_align:left|line_height:16px&#8221; use_theme_fonts=&#8221;yes&#8221;][vc_empty_space height=&#8221;50px&#8221;][\/vc_column][vc_column width=&#8221;1\/3&#8243;][vc_single_image image=&#8221;2627&#8243; img_size=&#8221;full&#8221; alignment=&#8221;center&#8221;][vc_empty_space height=&#8221;50px&#8221;][\/vc_column][vc_column width=&#8221;1\/6&#8243;][\/vc_column][\/vc_row][vc_row][vc_column width=&#8221;1\/6&#8243;][\/vc_column][vc_column width=&#8221;2\/3&#8243;][vc_custom_heading text=&#8221;<strong>Capacitats productives globals dels biopl\u00e0stics el 2020 per sectors industrials<\/strong>&#8221; font_container=&#8221;tag:h2|font_size:18px|text_align:left|color:%23565656|line_height:22px&#8221; use_theme_fonts=&#8221;yes&#8221;][vc_empty_space height=&#8221;20px&#8221;][vc_custom_heading text=&#8221;El 47% dels materials biopl\u00e0stics que es van fabricar l&#8217;any 2020 es van destinar al mercat de l&#8217;embalatge flexible i r\u00edgid, el 12% a b\u00e9ns de consum i l&#8217;11% a la ind\u00fastria t\u00e8xtil.&#8221; font_container=&#8221;tag:p|font_size:14px|text_align:left|line_height:16px&#8221; use_theme_fonts=&#8221;yes&#8221;][vc_empty_space height=&#8221;20px&#8221;][vc_single_image image=&#8221;2628&#8243; img_size=&#8221;full&#8221; alignment=&#8221;center&#8221;][vc_empty_space height=&#8221;50px&#8221;][\/vc_column][vc_column width=&#8221;1\/6&#8243;][\/vc_column][\/vc_row][vc_row][vc_column width=&#8221;1\/6&#8243;][\/vc_column][vc_column width=&#8221;2\/3&#8243;][vc_custom_heading text=&#8221;<strong>Capacitats productives globals dels biopl\u00e0stics el 2020 per regions<\/strong>&#8221; font_container=&#8221;tag:h2|font_size:18px|text_align:left|color:%23565656|line_height:22px&#8221; use_theme_fonts=&#8221;yes&#8221;][vc_empty_space height=&#8221;20px&#8221;][vc_custom_heading text=&#8221;El 46% de la producci\u00f3 mundial dels biopl\u00e0stics s&#8217;ha produ\u00eft a \u00c0sia, seguit d&#8217;un 26% que s&#8217;ha fabricat a Europa.&#8221; font_container=&#8221;tag:p|font_size:14px|text_align:left|line_height:16px&#8221; use_theme_fonts=&#8221;yes&#8221;][vc_empty_space height=&#8221;20px&#8221;][vc_single_image image=&#8221;2629&#8243; img_size=&#8221;full&#8221; alignment=&#8221;center&#8221;][vc_empty_space height=&#8221;50px&#8221;][\/vc_column][vc_column width=&#8221;1\/6&#8243;][\/vc_column][\/vc_row][vc_row][vc_column width=&#8221;1\/6&#8243;][\/vc_column][vc_column width=&#8221;2\/3&#8243;][vc_custom_heading text=&#8221;<strong>Evoluci\u00f3 de les capacitats productives mundials dels biopl\u00e0stics<\/strong>&#8221; font_container=&#8221;tag:h2|font_size:18px|text_align:left|color:%23565656|line_height:22px&#8221; use_theme_fonts=&#8221;yes&#8221;][vc_empty_space height=&#8221;20px&#8221;][vc_custom_heading text=&#8221;La producci\u00f3 mundial de biopl\u00e0stics passar\u00e0 de 2,1 milions de tones el 2020 a 2,9 milions de tones el 2025. A m\u00e9s, tal com es mostra a la gr\u00e0fica, la fabricaci\u00f3 dels materials bio basats i biodegradables fabricats s\u2019 espera que superi la fabricaci\u00f3 dels materials biobasats per\u00f2 no biodegradables.&#8221; font_container=&#8221;tag:p|font_size:14px|text_align:left|line_height:16px&#8221; use_theme_fonts=&#8221;yes&#8221;][vc_empty_space height=&#8221;20px&#8221;][vc_single_image image=&#8221;2630&#8243; img_size=&#8221;full&#8221; alignment=&#8221;center&#8221;][vc_empty_space height=&#8221;50px&#8221;][\/vc_column][vc_column width=&#8221;1\/6&#8243;][\/vc_column][\/vc_row][vc_row][vc_column width=&#8221;1\/6&#8243;][\/vc_column][vc_column width=&#8221;2\/3&#8243;][vc_custom_heading text=&#8221;<strong>Evoluci\u00f3 productiva global dels biopl\u00e0stics el 2020 per sectors industrials<\/strong>&#8221; font_container=&#8221;tag:h2|font_size:18px|text_align:left|color:%23565656|line_height:22px&#8221; use_theme_fonts=&#8221;yes&#8221;][vc_empty_space height=&#8221;20px&#8221;][vc_custom_heading text=&#8221;Els sectors de l&#8217;embalatge flexible i r\u00edgid lideren amb escreix la resta dels sectors industrials, i els seg\u00fcents m\u00e9s demandats s\u00f3n el sector dels b\u00e9ns de consum i el t\u00e8xtil.&#8221; font_container=&#8221;tag:p|font_size:14px|text_align:left|line_height:16px&#8221; use_theme_fonts=&#8221;yes&#8221;][vc_empty_space height=&#8221;20px&#8221;][vc_single_image image=&#8221;2631&#8243; img_size=&#8221;full&#8221; alignment=&#8221;center&#8221;][vc_empty_space height=&#8221;50px&#8221;][\/vc_column][vc_column width=&#8221;1\/6&#8243;][\/vc_column][\/vc_row][vc_row][vc_column width=&#8221;1\/6&#8243;][\/vc_column][vc_column width=&#8221;2\/3&#8243;][vc_column_text]<\/p>\n<hr \/>\n<p>[\/vc_column_text][vc_empty_space height=&#8221;20px&#8221;][vc_custom_heading text=&#8221;Font: European Bioplastics, nova-Institute (2020).<br \/>\nM\u00e9s informaci\u00f3: <strong>www.european-bioplastics.org\/market<\/strong> i <strong>www.bio-based.eu\/markets<\/strong>&#8221; font_container=&#8221;tag:p|font_size:14px|text_align:left|line_height:16px&#8221; use_theme_fonts=&#8221;yes&#8221;][vc_empty_space height=&#8221;50px&#8221;][\/vc_column][vc_column width=&#8221;1\/6&#8243;][\/vc_column][\/vc_row]<\/p>\n","protected":false},"excerpt":{"rendered":"<p>[vc_row][vc_column width=&#8221;1\/6&#8243;][\/vc_column][vc_column width=&#8221;2\/3&#8243;][vc_custom_heading text=&#8221;Capacitats productives globals de materials biopl\u00e0stics el 2020: bio basats no biodegradables vs bio basats biodegradables&#8221; font_container=&#8221;tag:h2|font_size:18px|text_align:left|color:%23565656|line_height:22px&#8221; use_theme_fonts=&#8221;yes&#8221;][vc_empty_space height=&#8221;20px&#8221;][vc_custom_heading text=&#8221;El 41,9% dels materials biopl\u00e0stics produ\u00efts el 2020 s\u00f3n biobasats, \u00e9s a dir, d&#8217;origen no f\u00f2ssil, encara que&#8230;<\/p>\n","protected":false},"author":1,"featured_media":0,"parent":2603,"menu_order":2,"comment_status":"closed","ping_status":"closed","template":"page-test.php","meta":[],"_links":{"self":[{"href":"https:\/\/www.tradingfilms.com\/ca\/wp-json\/wp\/v2\/pages\/2622"}],"collection":[{"href":"https:\/\/www.tradingfilms.com\/ca\/wp-json\/wp\/v2\/pages"}],"about":[{"href":"https:\/\/www.tradingfilms.com\/ca\/wp-json\/wp\/v2\/types\/page"}],"author":[{"embeddable":true,"href":"https:\/\/www.tradingfilms.com\/ca\/wp-json\/wp\/v2\/users\/1"}],"replies":[{"embeddable":true,"href":"https:\/\/www.tradingfilms.com\/ca\/wp-json\/wp\/v2\/comments?post=2622"}],"version-history":[{"count":3,"href":"https:\/\/www.tradingfilms.com\/ca\/wp-json\/wp\/v2\/pages\/2622\/revisions"}],"predecessor-version":[{"id":2632,"href":"https:\/\/www.tradingfilms.com\/ca\/wp-json\/wp\/v2\/pages\/2622\/revisions\/2632"}],"up":[{"embeddable":true,"href":"https:\/\/www.tradingfilms.com\/ca\/wp-json\/wp\/v2\/pages\/2603"}],"wp:attachment":[{"href":"https:\/\/www.tradingfilms.com\/ca\/wp-json\/wp\/v2\/media?parent=2622"}],"curies":[{"name":"wp","href":"https:\/\/api.w.org\/{rel}","templated":true}]}}