{"id":2633,"date":"2022-05-19T12:45:47","date_gmt":"2022-05-19T12:45:47","guid":{"rendered":"https:\/\/www.tradingfilms.com\/ca\/?page_id=2633"},"modified":"2022-05-19T12:45:47","modified_gmt":"2022-05-19T12:45:47","slug":"pla","status":"publish","type":"page","link":"https:\/\/www.tradingfilms.com\/ca\/green-packaging\/pla\/","title":{"rendered":"PLA"},"content":{"rendered":"<p>[vc_row][vc_column][vc_column_text]El 1890 es descobreix l&#8217;\u00e0cid polil\u00e0ctic (PLA), un pol\u00edmer termopl\u00e0stic d&#8217;origen natural, biodegradable, biocompatible i d&#8217;origen renovable, obtingut mitjan\u00e7ant la polimeritzaci\u00f3 de l&#8217;\u00e0cid l\u00e0ctic obtingut del blat de moro, altres midons o altres fonts de sucre (remolatxa, etc). L&#8217;\u00e0cid l\u00e0ctic s&#8217;obt\u00e9 a partir de la fermentaci\u00f3 bacteriana de polisac\u00e0rids o mitjan\u00e7ant s\u00edntesi qu\u00edmica.<br \/>\nEl PLA ha contribu\u00eft a conduir la ind\u00fastria de l&#8217;embalatge flexible cap a solucions m\u00e9s sostenibles i ofereix als consumidors la possibilitat d&#8217;escollir productes naturals que redueixen l&#8217;efecte hivernacle, les emissions de CO2 i els residus postconsum.<\/p>\n<p>Les l\u00e0mines de PLA poden reempla\u00e7ar els pl\u00e0stics convencionals com el polipropil\u00e8, el poli\u00e8ster i el polietil\u00e8 oferint dos avantatges mediambientals: Origen bio-basat i certificat T\u00dcV \u00c0ustria per a la compostabilitat segons la Normativa EN13432.<\/p>\n<p>El rang de productes PLA que podem oferir-vos inclou l\u00e0mines termosellables transparents de 20 a 75 micres, blanques, metal\u00b7litzades, amb Alox i finalment termoretraibles que cobreixen un ampli rang d&#8217;aplicacions per al mercat d&#8217;embalatge flexible tant en alimentaci\u00f3 com en altres sectors com el d&#8217;etiquetes (sleeve).<\/p>\n<p>Productes:<\/p>\n<ul>\n<li><a href=\"https:\/\/www.tradingfilms.com\/wp-content\/uploads\/2021\/07\/9001-PLA-TERMOSELLABLE-DOS-CARAS-S.pdf\" target=\"_blank\" rel=\"noopener\">9001: PLA. TRANSPARENT TERMOSELLABLE 2\/C (de 20 a 75 \u00b5)<\/a><\/li>\n<li><a href=\"https:\/\/www.tradingfilms.com\/wp-content\/uploads\/2021\/07\/9002-PLA-TERMOSELLABLE-DOS-CARAS-MICROPERFORADO-S.pdf\" target=\"_blank\" rel=\"noopener\">9002: PLA. MICROPERFORAT (de 20 a 75 \u00b5)<\/a><\/li>\n<li><a href=\"https:\/\/www.tradingfilms.com\/wp-content\/uploads\/2021\/07\/9003-PLA-ALTA-BARRERA-ALOX-TRANSPARENTE-TERMOSELLABLE-S.pdf\" target=\"_blank\" rel=\"noopener\">9003: PLA. AMB BARRERA TRANSPARENT- ALOX (20-30 \u00b5)<\/a><\/li>\n<li><a href=\"https:\/\/www.tradingfilms.com\/wp-content\/uploads\/2021\/07\/9004-PLA-METALIZADO-TERMOSELLABLE-S-2.pdf\" target=\"_blank\" rel=\"noopener\">9004: PLA. AMB BARRERA METALITZAT TERMOSELLABLE (20-30 \u00b5)<\/a><\/li>\n<li><a href=\"https:\/\/www.tradingfilms.com\/wp-content\/uploads\/2021\/07\/9005-PLA.-TERMO-RETRAIBLE.pdf\" target=\"_blank\" rel=\"noopener\">9005: PLA. TERMORETRAIBLE PER SLEEVE (45-50 \u00b5)<\/a><\/li>\n<li>9006: PLA. BLANC TERMOSELLABLE (de 20 a 40 \u00b5)<\/li>\n<\/ul>\n<p>[\/vc_column_text][vc_empty_space height=&#8221;50px&#8221;][vc_single_image image=&#8221;2634&#8243; img_size=&#8221;full&#8221; alignment=&#8221;center&#8221;][\/vc_column][\/vc_row]<\/p>\n","protected":false},"excerpt":{"rendered":"<p>[vc_row][vc_column][vc_column_text]El 1890 es descobreix l&#8217;\u00e0cid polil\u00e0ctic (PLA), un pol\u00edmer termopl\u00e0stic d&#8217;origen natural, biodegradable, biocompatible i d&#8217;origen renovable, obtingut mitjan\u00e7ant la polimeritzaci\u00f3 de l&#8217;\u00e0cid l\u00e0ctic obtingut del blat de moro, altres midons o altres fonts de sucre (remolatxa, etc). L&#8217;\u00e0cid l\u00e0ctic&#8230;<\/p>\n","protected":false},"author":1,"featured_media":0,"parent":2603,"menu_order":3,"comment_status":"closed","ping_status":"closed","template":"page-test.php","meta":[],"_links":{"self":[{"href":"https:\/\/www.tradingfilms.com\/ca\/wp-json\/wp\/v2\/pages\/2633"}],"collection":[{"href":"https:\/\/www.tradingfilms.com\/ca\/wp-json\/wp\/v2\/pages"}],"about":[{"href":"https:\/\/www.tradingfilms.com\/ca\/wp-json\/wp\/v2\/types\/page"}],"author":[{"embeddable":true,"href":"https:\/\/www.tradingfilms.com\/ca\/wp-json\/wp\/v2\/users\/1"}],"replies":[{"embeddable":true,"href":"https:\/\/www.tradingfilms.com\/ca\/wp-json\/wp\/v2\/comments?post=2633"}],"version-history":[{"count":1,"href":"https:\/\/www.tradingfilms.com\/ca\/wp-json\/wp\/v2\/pages\/2633\/revisions"}],"predecessor-version":[{"id":2635,"href":"https:\/\/www.tradingfilms.com\/ca\/wp-json\/wp\/v2\/pages\/2633\/revisions\/2635"}],"up":[{"embeddable":true,"href":"https:\/\/www.tradingfilms.com\/ca\/wp-json\/wp\/v2\/pages\/2603"}],"wp:attachment":[{"href":"https:\/\/www.tradingfilms.com\/ca\/wp-json\/wp\/v2\/media?parent=2633"}],"curies":[{"name":"wp","href":"https:\/\/api.w.org\/{rel}","templated":true}]}}