{"id":2636,"date":"2022-05-19T12:47:06","date_gmt":"2022-05-19T12:47:06","guid":{"rendered":"https:\/\/www.tradingfilms.com\/ca\/?page_id=2636"},"modified":"2022-05-19T12:48:36","modified_gmt":"2022-05-19T12:48:36","slug":"pha","status":"publish","type":"page","link":"https:\/\/www.tradingfilms.com\/ca\/green-packaging\/pha\/","title":{"rendered":"PHA"},"content":{"rendered":"<p>[vc_row][vc_column width=&#8221;1\/3&#8243;][vc_single_image image=&#8221;2637&#8243; img_size=&#8221;full&#8221;][vc_single_image image=&#8221;2638&#8243; img_size=&#8221;full&#8221;][\/vc_column][vc_column width=&#8221;2\/3&#8243;][vc_column_text]Els polihidroxialcanoats (PHA) constitueixen una \u00e0mplia fam\u00edlia de pol\u00edmers d&#8217;origen renovable, sintetitzats de manera natural mitjan\u00e7ant processos de fermentaci\u00f3 bacteriana de sucres o l\u00edpids. Aquests biopol\u00edmers es troben a les c\u00e8l\u00b7lules en forma de gr\u00e0nuls i actuen com a reserva d&#8217;energia i carboni.<\/p>\n<p>En general, els PHA presenten propietats compatibles al polietil\u00e8 (PE) i al polipropil\u00e8 (PP).<\/p>\n<p>Els tres polihidroxialcanoats m\u00e9s importants s\u00f3n el poli (3-hidroxibutirat) (<strong>PHB<\/strong>), el polihidroxivalerat (<strong>PHV<\/strong>) i el polihidroxihexanoat (<strong>PHH<\/strong>). Diverses empreses estan involucrades en la producci\u00f3 de PHA. Actualment el mercat \u00e9s relativament petit, per\u00f2 s&#8217;espera que creixi significativament. Les aplicacions t\u00edpiques dels PHA inclouen articles de vaixella d&#8217;un sol \u00fas com gots, coberts, safates, plats de menjar i recipients de menjar. Algunes altres aplicacions (potencials) inclouen l\u00e0mines de retenci\u00f3 de s\u00f2ls i altres pel\u00b7l\u00edcules agr\u00edcoles, bosses d&#8217;escombraries i de compres, i l&#8217;\u00fas com a material d&#8217;embalatge en general. Els PHA tamb\u00e9 es poden filar en fibres que es podrien fer servir per a la fabricaci\u00f3 d&#8217;articles de tela d&#8217;un sol \u00fas biodegradables: teixits (woven) i teixit sense teixir (non woven), com ara sutures quir\u00fargiques. Altres aplicacions biom\u00e8diques (potencials) inclouen sistemes d&#8217;administraci\u00f3 de f\u00e0rmacs (microc\u00e0psules o microesferes) i dispositius m\u00e8dics implantats biodegradables.[\/vc_column_text][\/vc_column][\/vc_row]<\/p>\n","protected":false},"excerpt":{"rendered":"<p>[vc_row][vc_column width=&#8221;1\/3&#8243;][vc_single_image image=&#8221;2637&#8243; img_size=&#8221;full&#8221;][vc_single_image image=&#8221;2638&#8243; img_size=&#8221;full&#8221;][\/vc_column][vc_column width=&#8221;2\/3&#8243;][vc_column_text]Els polihidroxialcanoats (PHA) constitueixen una \u00e0mplia fam\u00edlia de pol\u00edmers d&#8217;origen renovable, sintetitzats de manera natural mitjan\u00e7ant processos de fermentaci\u00f3 bacteriana de sucres o l\u00edpids. Aquests biopol\u00edmers es troben a les c\u00e8l\u00b7lules en forma de&#8230;<\/p>\n","protected":false},"author":1,"featured_media":0,"parent":2603,"menu_order":0,"comment_status":"closed","ping_status":"closed","template":"page-test.php","meta":[],"_links":{"self":[{"href":"https:\/\/www.tradingfilms.com\/ca\/wp-json\/wp\/v2\/pages\/2636"}],"collection":[{"href":"https:\/\/www.tradingfilms.com\/ca\/wp-json\/wp\/v2\/pages"}],"about":[{"href":"https:\/\/www.tradingfilms.com\/ca\/wp-json\/wp\/v2\/types\/page"}],"author":[{"embeddable":true,"href":"https:\/\/www.tradingfilms.com\/ca\/wp-json\/wp\/v2\/users\/1"}],"replies":[{"embeddable":true,"href":"https:\/\/www.tradingfilms.com\/ca\/wp-json\/wp\/v2\/comments?post=2636"}],"version-history":[{"count":2,"href":"https:\/\/www.tradingfilms.com\/ca\/wp-json\/wp\/v2\/pages\/2636\/revisions"}],"predecessor-version":[{"id":2640,"href":"https:\/\/www.tradingfilms.com\/ca\/wp-json\/wp\/v2\/pages\/2636\/revisions\/2640"}],"up":[{"embeddable":true,"href":"https:\/\/www.tradingfilms.com\/ca\/wp-json\/wp\/v2\/pages\/2603"}],"wp:attachment":[{"href":"https:\/\/www.tradingfilms.com\/ca\/wp-json\/wp\/v2\/media?parent=2636"}],"curies":[{"name":"wp","href":"https:\/\/api.w.org\/{rel}","templated":true}]}}