{"id":2641,"date":"2022-05-19T12:52:36","date_gmt":"2022-05-19T12:52:36","guid":{"rendered":"https:\/\/www.tradingfilms.com\/ca\/?page_id=2641"},"modified":"2022-05-20T09:18:04","modified_gmt":"2022-05-20T09:18:04","slug":"pbs","status":"publish","type":"page","link":"https:\/\/www.tradingfilms.com\/ca\/green-packaging\/pbs\/","title":{"rendered":"PBS"},"content":{"rendered":"<p>[vc_row][vc_column width=&#8221;1\/4&#8243;][vc_single_image image=&#8221;2642&#8243; img_size=&#8221;full&#8221;][vc_single_image image=&#8221;2643&#8243; img_size=&#8221;full&#8221;][\/vc_column][vc_column width=&#8221;3\/4&#8243;][vc_column_text]Derivat de material renovable i conegut per la seva biodegradabilitat superior, el BioPBS (succinat de polibutil\u00e8 de base biol\u00f2gica) \u00e9s revolucionari a les seves propietats biol\u00f2giques dobles.<\/p>\n<ul>\n<li>BASAT EN BIO<br \/>\nUtilitzant tecnologia avan\u00e7ada \u00e9s un pl\u00e0stic biodegradable i de base biol\u00f2gica.<\/li>\n<li>COMPOSTABLE<br \/>\nDerivat de recursos naturals, com la iuca de canya de sucre i el blat de moro, BioPBS \u00e9s compostable en biomassa, di\u00f2xid de carboni i aigua. Els productes elaborats amb BioPBS es poden eliminar juntament amb les deixalles org\u00e0niques. BioPBS no t\u00e9 efectes adversos al medi ambient i \u00e9s naturalment compostable, sense requerir una instal\u00b7laci\u00f3 especialitzada en compostatge.<\/li>\n<\/ul>\n<p><strong>Beneficis del PBS<\/strong><\/p>\n<ul>\n<li>Alta temperatura de servei: les aplicacions realitzades amb BioPBS poden suportar fins a 100 \u00b0 C. BioPBS es pot utilitzar per a gots, caixes i utensilis de begudes calentes per a aliments acabats de cuinar.<\/li>\n<li>Sellabilitat t\u00e8rmica d&#8217;alt rendiment: t\u00e9 almenys el mateix nivell de resist\u00e8ncia de segellat que el petropl\u00e0stic convencional per\u00f2 s&#8217;aconsegueix amb una temperatura m\u00e9s baixa. Ofereix el mateix rendiment amb un menor cost en despeses d&#8217;eliminaci\u00f3 de deixalles.<\/li>\n<li>Bona imprimibilitat sense tractament previ.<\/li>\n<li>Compatible amb fibres naturals.<\/li>\n<li>\u00a0Excel\u00b7lent processabilitat.<\/li>\n<li>Compatibilitat m\u00fatua amb altres pl\u00e0stics biodegradables com ara l&#8217;\u00e0cid polil\u00e0ctic (PLA). La barreja de BioPBS amb altres tipus de biopol\u00edmers pot satisfer els requisits del client en un major grau de propietats.<\/li>\n<\/ul>\n<p>Presenta propietats comparables al tereftalat de polietil\u00e8 (PET); posseeix excel\u00b7lents propietats mec\u00e0niques i, igual que altres poli\u00e8sters alif\u00e0tics, \u00e9s t\u00e8rmicament estable fins a temperatures d&#8217;aproximadament 90-120C. A m\u00e9s, mostra bones caracter\u00edstiques d&#8217;assecatge i \u00e9s biodegradable.<\/p>\n<p>El PBS presenta molt bona processabilitat i es pot processar mitjan\u00e7ant t\u00e8cniques de processament convencionals com ara extrusi\u00f3, injecci\u00f3 o emmotllament per bufat.[\/vc_column_text][\/vc_column][\/vc_row]<\/p>\n","protected":false},"excerpt":{"rendered":"<p>[vc_row][vc_column width=&#8221;1\/4&#8243;][vc_single_image image=&#8221;2642&#8243; img_size=&#8221;full&#8221;][vc_single_image image=&#8221;2643&#8243; img_size=&#8221;full&#8221;][\/vc_column][vc_column width=&#8221;3\/4&#8243;][vc_column_text]Derivat de material renovable i conegut per la seva biodegradabilitat superior, el BioPBS (succinat de polibutil\u00e8 de base biol\u00f2gica) \u00e9s revolucionari a les seves propietats biol\u00f2giques dobles. BASAT EN BIO Utilitzant tecnologia avan\u00e7ada \u00e9s&#8230;<\/p>\n","protected":false},"author":1,"featured_media":0,"parent":2603,"menu_order":5,"comment_status":"closed","ping_status":"closed","template":"page-test.php","meta":[],"_links":{"self":[{"href":"https:\/\/www.tradingfilms.com\/ca\/wp-json\/wp\/v2\/pages\/2641"}],"collection":[{"href":"https:\/\/www.tradingfilms.com\/ca\/wp-json\/wp\/v2\/pages"}],"about":[{"href":"https:\/\/www.tradingfilms.com\/ca\/wp-json\/wp\/v2\/types\/page"}],"author":[{"embeddable":true,"href":"https:\/\/www.tradingfilms.com\/ca\/wp-json\/wp\/v2\/users\/1"}],"replies":[{"embeddable":true,"href":"https:\/\/www.tradingfilms.com\/ca\/wp-json\/wp\/v2\/comments?post=2641"}],"version-history":[{"count":3,"href":"https:\/\/www.tradingfilms.com\/ca\/wp-json\/wp\/v2\/pages\/2641\/revisions"}],"predecessor-version":[{"id":2659,"href":"https:\/\/www.tradingfilms.com\/ca\/wp-json\/wp\/v2\/pages\/2641\/revisions\/2659"}],"up":[{"embeddable":true,"href":"https:\/\/www.tradingfilms.com\/ca\/wp-json\/wp\/v2\/pages\/2603"}],"wp:attachment":[{"href":"https:\/\/www.tradingfilms.com\/ca\/wp-json\/wp\/v2\/media?parent=2641"}],"curies":[{"name":"wp","href":"https:\/\/api.w.org\/{rel}","templated":true}]}}