{"id":2650,"date":"2022-05-19T13:04:31","date_gmt":"2022-05-19T13:04:31","guid":{"rendered":"https:\/\/www.tradingfilms.com\/ca\/?page_id=2650"},"modified":"2022-05-20T09:19:04","modified_gmt":"2022-05-20T09:19:04","slug":"r-pet-o-pcr-pet","status":"publish","type":"page","link":"https:\/\/www.tradingfilms.com\/ca\/green-packaging\/r-pet-o-pcr-pet\/","title":{"rendered":"R-PET o PCR PET"},"content":{"rendered":"<p>[vc_row][vc_column width=&#8221;1\/4&#8243;][vc_single_image image=&#8221;2651&#8243; img_size=&#8221;full&#8221;][\/vc_column][vc_column width=&#8221;3\/4&#8243;][vc_column_text]Trading Films ofereix films de PET reciclat postconsum (PCR) fets del 60 al 100% de resina PET de PCR. Estan dissenyats amb un alt contingut de materials PET reciclats que han estat desinfectats i reconfigurats en resina de grau per a fabricaci\u00f3 de l\u00e0mines de PET, fet que els fa ambientalment sensibles i 100% compatibles amb els requisits de sostenibilitat.<\/p>\n<p>Les resines utilitzades per produir aquests films de PET es fabriquen a partir d&#8217;ampolles de PET reciclades de grau postconsum utilitzant tecnologia capdavantera i estan totalment aprovades per la FDA i la UE per al seu \u00fas en contacte amb aliments i altres aplicacions de productes. Presenten les mateixes especificacions de rendiment que altres l\u00e0mines de PET, oferint una alta resist\u00e8ncia a l&#8217;impacte i propietats de barrera extremadament eficaces contra l&#8217;aigua, el di\u00f2xid de carboni, l&#8217;oxigen i el nitrogen.[\/vc_column_text][vc_empty_space height=&#8221;50px&#8221;][vc_custom_heading text=&#8221;<strong>Llistat de productes amb continguts PCR (Post consumption Recycled)<\/strong>&#8221; font_container=&#8221;tag:h2|font_size:22px|text_align:left|color:%23000000|line_height:30px&#8221; use_theme_fonts=&#8221;yes&#8221;][vc_column_text]<\/p>\n<div class=\"tg-wrap\">\n<p>Totes les refer\u00e8ncies de productes que consumeixin en PET poden produir-se amb contingut PCR<\/p>\n<table class=\"tg\">\n<tbody>\n<tr>\n<th class=\"tg-20ty\">Sr. N\u00ba.<\/th>\n<th class=\"tg-20ty\">Refer\u00e8ncia<\/th>\n<th class=\"tg-20ty\">Descripci\u00f3<\/th>\n<\/tr>\n<tr>\n<td class=\"tg-oh1n\">1<\/td>\n<td class=\"tg-oh1n\">1022-60%<\/td>\n<td class=\"tg-oh1n\">PET de 12 a 75 micres no tractat per a aplicacions industrials. Contingut PCR 60%<\/td>\n<\/tr>\n<tr>\n<td class=\"tg-7i0n\">2<\/td>\n<td class=\"tg-7i0n\">1022-90%<\/td>\n<td class=\"tg-7i0n\">PET de 12 a 75 micres no tractat per a aplicacions industrials. Contingut PCR 90%<\/td>\n<\/tr>\n<tr>\n<td class=\"tg-oh1n\">3<\/td>\n<td class=\"tg-oh1n\">1022-100%<\/td>\n<td class=\"tg-oh1n\">PET de 12 a 75 micres no tractat per a aplicacions industrials. Contingut PCR 100%<\/td>\n<\/tr>\n<tr>\n<td class=\"tg-7i0n\">4<\/td>\n<td class=\"tg-7i0n\">1009-60%<\/td>\n<td class=\"tg-7i0n\">PET de 12 a 36 micres tractat qu\u00edmic 1\/C. Contingut PCR 60%<\/td>\n<\/tr>\n<tr>\n<td class=\"tg-oh1n\">5<\/td>\n<td class=\"tg-oh1n\">1009-90%+<\/td>\n<td class=\"tg-oh1n\">PET de 12 a 36 micres tractat qu\u00edmic 1\/C. Contingut PCR 90%<\/td>\n<\/tr>\n<tr>\n<td class=\"tg-7i0n\">6<\/td>\n<td class=\"tg-7i0n\">1009-100%<\/td>\n<td class=\"tg-7i0n\">PET de 12 a 36 micres tractat qu\u00edmic 1\/C. Contingut PCR 100%<\/td>\n<\/tr>\n<tr>\n<td class=\"tg-oh1n\">7<\/td>\n<td class=\"tg-oh1n\">1042-60%<\/td>\n<td class=\"tg-oh1n\">PET de 12 a 36 micres tractat qu\u00edmic 1\/C i corona 1\/C. Contingut PCR 60%<\/td>\n<\/tr>\n<tr>\n<td class=\"tg-7i0n\">8<\/td>\n<td class=\"tg-7i0n\">1042-90%<\/td>\n<td class=\"tg-7i0n\">PET de 12 a 36 micres tractat qu\u00edmic 1\/C i corona 1\/C. Contingut PCR 90%<\/td>\n<\/tr>\n<tr>\n<td class=\"tg-oh1n\">9<\/td>\n<td class=\"tg-oh1n\">1042-100%<\/td>\n<td class=\"tg-oh1n\">PET de 12 a 36 micres tractat qu\u00edmic 1\/C i corona 1\/C. Contingut PCR 100%<\/td>\n<\/tr>\n<tr>\n<td class=\"tg-7i0n\">10<\/td>\n<td class=\"tg-7i0n\">1030-60%<\/td>\n<td class=\"tg-7i0n\">PET de 12 a 36 micres tractat corona 1\/C. Contingut PCR 60%<\/td>\n<\/tr>\n<tr>\n<td class=\"tg-oh1n\">11<\/td>\n<td class=\"tg-oh1n\">1030-90%<\/td>\n<td class=\"tg-oh1n\">PET de 12 a 36 micres tractat corona 1\/C. Contingut PCR 90%<\/td>\n<\/tr>\n<tr>\n<td class=\"tg-7i0n\">12<\/td>\n<td class=\"tg-7i0n\">1030-100%<\/td>\n<td class=\"tg-7i0n\">PET de 12 a 36 micres tractat corona 1\/C. Contingut PCR 100%<\/td>\n<\/tr>\n<tr>\n<td class=\"tg-7i0n\">13<\/td>\n<td class=\"tg-7i0n\">1036-30%<\/td>\n<td class=\"tg-7i0n\">PET blanc opac de 12 a 50 micres tractat corona 1\/C. Contingut PCR 30%<\/td>\n<\/tr>\n<tr>\n<td class=\"tg-oh1n\">14<\/td>\n<td class=\"tg-oh1n\">1028-70%<\/td>\n<td class=\"tg-oh1n\">PET de 12 a 30 micres termosegellable interior i tractat corona exterior o al rev\u00e9s. Contingut PCR 70%<\/td>\n<\/tr>\n<tr>\n<td class=\"tg-7i0n\">15<\/td>\n<td class=\"tg-7i0n\">1043-70%<\/td>\n<td class=\"tg-7i0n\">PET de 12 a 36 micres Mate tractat corona 1\/C. Contingut PCR 70%<\/td>\n<\/tr>\n<tr>\n<td class=\"tg-oh1n\">16<\/td>\n<td class=\"tg-oh1n\">1055-70%<\/td>\n<td class=\"tg-oh1n\">PET de 12 a 36 micres Mate tractat qu\u00edmic 1\/C. Contingut PCR 70%<\/td>\n<\/tr>\n<tr>\n<td class=\"tg-7i0n\">17<\/td>\n<td class=\"tg-7i0n\">1015-90%<\/td>\n<td class=\"tg-7i0n\">PET de 12 a 36 micres metal\u00b7litzat i tractat corona 1\/C -D.O 2.2. Contingut PCR 70%<\/td>\n<\/tr>\n<tr>\n<td class=\"tg-oh1n\">18<\/td>\n<td class=\"tg-oh1n\">1044-60%<\/td>\n<td class=\"tg-oh1n\">PET de 12 a 36 micres metal\u00b7litzat tractat qu\u00edmic 1\/C i tractat corona 1\/C -D.O 2.2. Contingut PCR 60%<\/td>\n<\/tr>\n<tr>\n<td class=\"tg-7i0n\">19<\/td>\n<td class=\"tg-7i0n\">1044-90%<\/td>\n<td class=\"tg-7i0n\">PET de 12 a 36 micres metal\u00b7litzat tractat qu\u00edmic 1\/C i tractat corona 1\/C -D.O 2.2. Contingut PCR 90%<\/td>\n<\/tr>\n<tr>\n<td class=\"tg-oh1n\">20<\/td>\n<td class=\"tg-oh1n\">1048-70%<\/td>\n<td class=\"tg-oh1n\">PET de 12 a 36 micres metal\u00b7litzat i tractat corona 1\/C low optical density (susceptor) -D.O 0.30 Contingut PCR 70%<\/td>\n<\/tr>\n<tr>\n<td class=\"tg-7i0n\">21<\/td>\n<td class=\"tg-7i0n\">1073-PCR content<\/td>\n<td class=\"tg-7i0n\">PET de 12 a 36 micres metal\u00b7litzat alt\u00edssima barrera -D.O 3.0. Contingut PCR a seleccionar<\/td>\n<\/tr>\n<tr>\n<td class=\"tg-oh1n\">22<\/td>\n<td class=\"tg-oh1n\">1057-60%<\/td>\n<td class=\"tg-oh1n\">PET de 12 a 36 micres metal\u00b7litzat or i tractat corona 1\/C -D.O 2.2. Contingut PCR 60%<\/td>\n<\/tr>\n<tr>\n<td class=\"tg-7i0n\">23<\/td>\n<td class=\"tg-7i0n\">1057-90%<\/td>\n<td class=\"tg-7i0n\">PET de 12 a 36 micres metal\u00b7litzat or i tractat corona 1\/C -D.O 2.2. Contingut PCR 90%<\/td>\n<\/tr>\n<tr>\n<td class=\"tg-oh1n\" colspan=\"3\">El % de contingut de PCR pot ser escollit pel client, en aquesta llista hem mostrat tan sols alguns exemples<\/td>\n<\/tr>\n<tr>\n<td class=\"tg-oh1n\" colspan=\"3\">Totes les refer\u00e8ncies de productes que consumeixin en PET poden produir-se amb contingut PCR<\/td>\n<\/tr>\n<\/tbody>\n<\/table>\n<\/div>\n<p>[\/vc_column_text][vc_raw_html]JTNDc3R5bGUlMjB0eXBlJTNEJTIydGV4dCUyRmNzcyUyMiUzRSUwQSUyMCUyMCUyMCUyMCUyMCUyMCUyMCUyMCUyMCUyMCUyMCUyMCUyMCUyMCUyMCUyMC5jb250LXByb2R1Y3RvJTdCbWF4LXdpZHRoJTNBJTIwMTAwJTI1JTNCJTIwZm9udC1mYW1pbHklM0ElMjAlMjJPcGVuJTIwU2FucyUyMiUzQiU3RCUwQSUyMCUyMCUyMCUyMCUyMCUyMCUyMCUyMCUyMCUyMCUyMCUyMCUyMCUyMCUyMCUyMC5wYWRkaW5nLWxlZnQtMCU3Qm1hcmdpbi1sZWZ0JTNBMCUyMCUyMWltcG9ydGFudCUzQiUyMG1hcmdpbi1sZWZ0JTNBJTIwMCUyMCUyMWltcG9ydGFudCUzQiU3RCUwQSUyMCUyMCUyMCUyMCUyMCUyMCUyMCUyMCUyMCUyMCUyMCUyMCUyMCUyMCUyMCUyMC50ZyUyMCUyMCU3QmJvcmRlci1jb2xsYXBzZSUzQWNvbGxhcHNlJTNCYm9yZGVyLXNwYWNpbmclM0EwJTNCJTIwd2lkdGglM0ElMjAxMDAlMjUlM0IlN0QlMEElMjAlMjAlMjAlMjAlMjAlMjAlMjAlMjAlMjAlMjAlMjAlMjAlMjAlMjAlMjAlMjAudGclMjB0ZCU3QmZvbnQtZmFtaWx5JTNBJTIyT3BlbiUyMFNhbnMlMjIlM0Jmb250LXNpemUlM0ExNHB4JTNCcGFkZGluZyUzQTE0cHglMjAyMHB4JTNCYm9yZGVyJTNBJTIwMXB4JTIwc29saWQlMjAlMjNmZmYlM0JvdmVyZmxvdyUzQWhpZGRlbiUzQndvcmQtYnJlYWslM0Fub3JtYWwlM0IlN0QlMEElMjAlMjAlMjAlMjAlMjAlMjAlMjAlMjAlMjAlMjAlMjAlMjAlMjAlMjAlMjAlMjAudGclMjB0aCU3QmZvbnQtZmFtaWx5JTNBJTIyT3BlbiUyMFNhbnMlMjIlM0Jmb250LXNpemUlM0ExNHB4JTNCZm9udC13ZWlnaHQlM0Fub3JtYWwlM0JwYWRkaW5nJTNBMTRweCUyMDIwcHglM0Jib3JkZXIlM0ElMjAxcHglMjBzb2xpZCUyMCUyM2ZmZiUzQm92ZXJmbG93JTNBaGlkZGVuJTNCd29yZC1icmVhayUzQW5vcm1hbCUzQiU3RCUwQSUyMCUyMCUyMCUyMCUyMCUyMCUyMCUyMCUyMCUyMCUyMCUyMCUyMCUyMCUyMCUyMC50ZyUyMC50Zy0yMHR5JTdCZm9udC13ZWlnaHQlM0Fib2xkJTNCYmFja2dyb3VuZC1jb2xvciUzQSUyMzY2YjI0NSUzQmNvbG9yJTNBJTIzZmZmZmZmJTNCdGV4dC1hbGlnbiUzQWxlZnQlM0IlN0QlMEElMjAlMjAlMjAlMjAlMjAlMjAlMjAlMjAlMjAlMjAlMjAlMjAlMjAlMjAlMjAlMjAudGclMjAudGctb2gxbiU3QmJhY2tncm91bmQtY29sb3IlM0ElMjNlNWU1ZTUlM0Jjb2xvciUzQSUyMzAwMDAwMCUzQnRleHQtYWxpZ24lM0FsZWZ0JTNCYm9yZGVyJTNBJTIwMXB4JTIwc29saWQlMjAlMjNmZmYlM0IlN0QlMEElMjAlMjAlMjAlMjAlMjAlMjAlMjAlMjAlMjAlMjAlMjAlMjAlMjAlMjAlMjAlMjAudGclMjAudGctN2kwbiU3QmJhY2tncm91bmQtY29sb3IlM0ElMjNmMmYyZjIlM0Jjb2xvciUzQSUyMzAwMDAwMCUzQnRleHQtYWxpZ24lM0FsZWZ0JTNCYm9yZGVyJTNBJTIwMXB4JTIwc29saWQlMjAlMjNmZmYlM0IlN0QlMEElMjAlMjAlMjAlMjAlMjAlMjAlMjAlMjAlMjAlMjAlMjAlMjAlMjAlMjAlMjAlMjAlM0MlMkZzdHlsZSUzRQ==[\/vc_raw_html][vc_empty_space]<div class=\"panel-group\" id=\"accordion1\"><div class=\"panel\">\n                <div class=\"panel-heading\">\n                    <h4 class=\"panel-title\">\n                        <a data-toggle=\"collapse\"  class='collapsed' href=\"#collapse1\"><strong>1009: COMPARATIVA PET-RPET TRACTAT QU\u00edMIC<\/strong><\/a>\n                    <\/h4>\n                <\/div>\n                <div id=\"collapse1\" class=\"panel-collapse collapse\">\n                    <div class=\"panel-body\">\n<div class=\"tg-wrap\">\n<table class=\"tg\">\n<thead>\n<tr>\n<th class=\"tg-20ty\">Propietats<\/th>\n<th class=\"tg-20ty\">M\u00e8tode<\/th>\n<th class=\"tg-20ty\">Unitat<\/th>\n<th class=\"tg-20ty\" colspan=\"2\">Valors<\/th>\n<\/tr>\n<\/thead>\n<tbody>\n<tr>\n<td class=\"tg-oh1n\" style=\"text-align: left;\" colspan=\"3\"><strong>F\u00edsiques<\/strong><\/td>\n<td class=\"tg-oh1n\">R-PET@100%<\/td>\n<td class=\"tg-oh1n\">PET<\/td>\n<\/tr>\n<tr>\n<td class=\"tg-oh1n\">Micratge<\/td>\n<td class=\"tg-oh1n\">Intern<\/td>\n<td class=\"tg-oh1n\">\u00b5<\/td>\n<td class=\"tg-oh1n\">12<\/td>\n<td class=\"tg-oh1n\">12<\/td>\n<\/tr>\n<tr>\n<td class=\"tg-oh1n\">Rendiment<\/td>\n<td class=\"tg-oh1n\">Intern<\/td>\n<td class=\"tg-oh1n\">M<sup>2<\/sup>\/Kg<\/td>\n<td class=\"tg-oh1n\">59.5<\/td>\n<td class=\"tg-oh1n\">59.5<\/td>\n<\/tr>\n<tr>\n<td class=\"tg-7i0n\" style=\"text-align: left;\" colspan=\"5\"><strong>Mec\u00e0niques<\/strong><\/td>\n<\/tr>\n<tr>\n<td class=\"tg-7i0n\">For\u00e7a de Trencament MD<br \/>\nFor\u00e7a de Trencament TD<\/td>\n<td class=\"tg-7i0n\">ASTM D-882<\/td>\n<td class=\"tg-7i0n\">Kg\/cm<sup>2<\/sup><\/td>\n<td class=\"tg-7i0n\">1900<br \/>\n2000<\/td>\n<td class=\"tg-7i0n\">2000<br \/>\n2100<\/td>\n<\/tr>\n<tr>\n<td class=\"tg-7i0n\">Elongaci\u00f3 MD<br \/>\nElongaci\u00f3 TD<\/td>\n<td class=\"tg-7i0n\">ASTM D-882<\/td>\n<td class=\"tg-7i0n\">%<\/td>\n<td class=\"tg-7i0n\">100<br \/>\n90<\/td>\n<td class=\"tg-7i0n\">100<br \/>\n90<\/td>\n<\/tr>\n<tr>\n<td class=\"tg-oh1n\" style=\"text-align: left;\" colspan=\"5\"><strong>Superf\u00edcie<\/strong><\/td>\n<\/tr>\n<tr>\n<td class=\"tg-oh1n\">Coeficient de fricci\u00f3 St<br \/>\nCoeficient de fricci\u00f3 Dy<\/td>\n<td class=\"tg-oh1n\">ASTM D-1894<\/td>\n<td class=\"tg-oh1n\">&#8211;<br \/>\n&#8211;<\/td>\n<td class=\"tg-oh1n\">0.48<br \/>\n0.42<\/td>\n<td class=\"tg-oh1n\">0.48<br \/>\n0.40<\/td>\n<\/tr>\n<tr>\n<td class=\"tg-oh1n\">Tensi\u00f3 superficial<\/td>\n<td class=\"tg-oh1n\">ASTM D-2578<\/td>\n<td class=\"tg-oh1n\">Dinas\/cm<\/td>\n<td class=\"tg-oh1n\">46<\/td>\n<td class=\"tg-oh1n\">54<\/td>\n<\/tr>\n<tr>\n<td class=\"tg-7i0n\"><strong>\u00d2ptiques<\/strong> -Haze<\/td>\n<td class=\"tg-7i0n\">ASTM D-1003<\/td>\n<td class=\"tg-7i0n\">%<\/td>\n<td class=\"tg-7i0n\">3.5<\/td>\n<td class=\"tg-7i0n\">3.5<\/td>\n<\/tr>\n<tr>\n<td class=\"tg-oh1n\"><strong>T\u00e8rmiques- Shrinkage<\/strong><\/td>\n<td class=\"tg-oh1n\">ASTM D-1204<\/td>\n<td class=\"tg-oh1n\">%<\/td>\n<td class=\"tg-oh1n\">MD\/TD 2.0\/0.0<\/td>\n<td class=\"tg-oh1n\">2.0\/0.0<\/td>\n<\/tr>\n<\/tbody>\n<\/table>\n<\/div>\n<\/div>\n                <\/div>\n            <\/div><div class=\"panel\">\n                <div class=\"panel-heading\">\n                    <h4 class=\"panel-title\">\n                        <a data-toggle=\"collapse\"  class='collapsed' href=\"#collapse2\"><strong>1030: COMPARATIVA PET-RPET TRACTAT CORONA<\/strong><\/a>\n                    <\/h4>\n                <\/div>\n                <div id=\"collapse2\" class=\"panel-collapse collapse\">\n                    <div class=\"panel-body\">\n<div class=\"tg-wrap\">\n<table class=\"tg\">\n<thead>\n<tr>\n<th class=\"tg-20ty\">Propietats<\/th>\n<th class=\"tg-20ty\">M\u00e8tode<\/th>\n<th class=\"tg-20ty\">Unitat<\/th>\n<th class=\"tg-20ty\" colspan=\"2\">Valors<\/th>\n<\/tr>\n<\/thead>\n<tbody>\n<tr>\n<td class=\"tg-oh1n\" style=\"text-align: left;\" colspan=\"3\"><strong>F\u00edsiques<\/strong><\/td>\n<td class=\"tg-oh1n\">R-PET@100%<\/td>\n<td class=\"tg-oh1n\">PET<\/td>\n<\/tr>\n<tr>\n<td class=\"tg-oh1n\">Micratge<\/td>\n<td class=\"tg-oh1n\">Intern<\/td>\n<td class=\"tg-oh1n\">\u00b5<\/td>\n<td class=\"tg-oh1n\">12<\/td>\n<td class=\"tg-oh1n\">12<\/td>\n<\/tr>\n<tr>\n<td class=\"tg-oh1n\">Rendiment<\/td>\n<td class=\"tg-oh1n\">Intern<\/td>\n<td class=\"tg-oh1n\">M<sup>2<\/sup>\/Kg<\/td>\n<td class=\"tg-oh1n\">59.5<\/td>\n<td class=\"tg-oh1n\">59.5<\/td>\n<\/tr>\n<tr>\n<td class=\"tg-7i0n\" style=\"text-align: left;\" colspan=\"5\"><strong>Mec\u00e0niques<\/strong><\/td>\n<\/tr>\n<tr>\n<td class=\"tg-7i0n\">For\u00e7a de Trencament MD<br \/>\nFor\u00e7a de Trencament TD<\/td>\n<td class=\"tg-7i0n\">ASTM D-882<\/td>\n<td class=\"tg-7i0n\">Kg\/cm<sup>2<\/sup><\/td>\n<td class=\"tg-7i0n\">1900<br \/>\n2000<\/td>\n<td class=\"tg-7i0n\">2000<br \/>\n2100<\/td>\n<\/tr>\n<tr>\n<td class=\"tg-7i0n\">Elongaci\u00f3 MD<br \/>\nElongaci\u00f3 TD<\/td>\n<td class=\"tg-7i0n\">ASTM D-882<\/td>\n<td class=\"tg-7i0n\">%<\/td>\n<td class=\"tg-7i0n\">100<br \/>\n90<\/td>\n<td class=\"tg-7i0n\">100<br \/>\n90<\/td>\n<\/tr>\n<tr>\n<td class=\"tg-oh1n\" style=\"text-align: left;\" colspan=\"5\"><strong>Superf\u00edcie<\/strong><\/td>\n<\/tr>\n<tr>\n<td class=\"tg-oh1n\">Coeficient de fricci\u00f3 St<br \/>\nCoeficient de fricci\u00f3 Dy<\/td>\n<td class=\"tg-oh1n\">ASTM D-1894<\/td>\n<td class=\"tg-oh1n\">&#8211;<br \/>\n&#8211;<\/td>\n<td class=\"tg-oh1n\">0.50<br \/>\n0.45<\/td>\n<td class=\"tg-oh1n\">0.54<br \/>\n0.48<\/td>\n<\/tr>\n<tr>\n<td class=\"tg-oh1n\">Tensi\u00f3 superficial<\/td>\n<td class=\"tg-oh1n\">ASTM D-2578<\/td>\n<td class=\"tg-oh1n\">Dinas\/cm<\/td>\n<td class=\"tg-oh1n\">52<\/td>\n<td class=\"tg-oh1n\">52<\/td>\n<\/tr>\n<tr>\n<td class=\"tg-7i0n\"><strong>\u00d2ptiques<\/strong> -Haze<\/td>\n<td class=\"tg-7i0n\">ASTM D-1003<\/td>\n<td class=\"tg-7i0n\">%<\/td>\n<td class=\"tg-7i0n\">3.5<\/td>\n<td class=\"tg-7i0n\">3.5<\/td>\n<\/tr>\n<tr>\n<td class=\"tg-oh1n\"><strong>T\u00e8rmiques- Shrinkage<\/strong><\/td>\n<td class=\"tg-oh1n\">ASTM D-1204<\/td>\n<td class=\"tg-oh1n\">%<\/td>\n<td class=\"tg-oh1n\">MD\/TD 2.0\/0.0<\/td>\n<td class=\"tg-oh1n\">2.0\/0.0<\/td>\n<\/tr>\n<\/tbody>\n<\/table>\n<\/div>\n<\/div>\n                <\/div>\n            <\/div><div class=\"panel\">\n                <div class=\"panel-heading\">\n                    <h4 class=\"panel-title\">\n                        <a data-toggle=\"collapse\"  class='collapsed' href=\"#collapse3\"><strong>1055: COMPARATIVA PET-RPET TRACTAT QU\u00cdMIC I MATE<\/strong><\/a>\n                    <\/h4>\n                <\/div>\n                <div id=\"collapse3\" class=\"panel-collapse collapse\">\n                    <div class=\"panel-body\">\n<div class=\"tg-wrap\">\n<table class=\"tg\">\n<thead>\n<tr>\n<th class=\"tg-20ty\">Propietats<\/th>\n<th class=\"tg-20ty\">M\u00e8tode<\/th>\n<th class=\"tg-20ty\">Unitat<\/th>\n<th class=\"tg-20ty\" colspan=\"2\">Valors<\/th>\n<\/tr>\n<\/thead>\n<tbody>\n<tr>\n<td class=\"tg-oh1n\" style=\"text-align: left;\" colspan=\"3\"><strong>F\u00edsiques<\/strong><\/td>\n<td class=\"tg-oh1n\">R-PET@70%<\/td>\n<td class=\"tg-oh1n\">PET<\/td>\n<\/tr>\n<tr>\n<td class=\"tg-oh1n\">Micratge<\/td>\n<td class=\"tg-oh1n\">Intern<\/td>\n<td class=\"tg-oh1n\">\u00b5<\/td>\n<td class=\"tg-oh1n\">12<\/td>\n<td class=\"tg-oh1n\">12<\/td>\n<\/tr>\n<tr>\n<td class=\"tg-oh1n\">Rendiment<\/td>\n<td class=\"tg-oh1n\">Intern<\/td>\n<td class=\"tg-oh1n\">M<sup>2<\/sup>\/Kg<\/td>\n<td class=\"tg-oh1n\">59.5<\/td>\n<td class=\"tg-oh1n\">59.5<\/td>\n<\/tr>\n<tr>\n<td class=\"tg-7i0n\" style=\"text-align: left;\" colspan=\"5\"><strong>Mec\u00e0niques<\/strong><\/td>\n<\/tr>\n<tr>\n<td class=\"tg-7i0n\">For\u00e7a de Trencament MD<br \/>\nFor\u00e7a de Trencament TD<\/td>\n<td class=\"tg-7i0n\">ASTM D-882<\/td>\n<td class=\"tg-7i0n\">Kg\/cm<sup>2<\/sup><\/td>\n<td class=\"tg-7i0n\">1900<br \/>\n2000<\/td>\n<td class=\"tg-7i0n\">1900<br \/>\n2000<\/td>\n<\/tr>\n<tr>\n<td class=\"tg-7i0n\">Elongaci\u00f3 MD<br \/>\nElongaci\u00f3 TD<\/td>\n<td class=\"tg-7i0n\">ASTM D-882<\/td>\n<td class=\"tg-7i0n\">%<\/td>\n<td class=\"tg-7i0n\">100<br \/>\n90<\/td>\n<td class=\"tg-7i0n\">100<br \/>\n90<\/td>\n<\/tr>\n<tr>\n<td class=\"tg-oh1n\" style=\"text-align: left;\" colspan=\"5\"><strong>Superf\u00edcie<\/strong><\/td>\n<\/tr>\n<tr>\n<td class=\"tg-oh1n\">Coeficient de fricci\u00f3 St<br \/>\nCoeficient de fricci\u00f3 Dy<\/td>\n<td class=\"tg-oh1n\">ASTM D-1894<\/td>\n<td class=\"tg-oh1n\">&#8211;<br \/>\n&#8211;<\/td>\n<td class=\"tg-oh1n\">0.40<br \/>\n0.36<\/td>\n<td class=\"tg-oh1n\">0.40<br \/>\n0.36<\/td>\n<\/tr>\n<tr>\n<td class=\"tg-oh1n\">Tensi\u00f3 superficial<\/td>\n<td class=\"tg-oh1n\">ASTM D-2578<\/td>\n<td class=\"tg-oh1n\">Dinas\/cm<\/td>\n<td class=\"tg-oh1n\">46<\/td>\n<td class=\"tg-oh1n\">46<\/td>\n<\/tr>\n<tr>\n<td class=\"tg-7i0n\"><strong>\u00d2ptiques<\/strong> -Haze<\/td>\n<td class=\"tg-7i0n\">ASTM D-1003<\/td>\n<td class=\"tg-7i0n\">%<\/td>\n<td class=\"tg-7i0n\">45<\/td>\n<td class=\"tg-7i0n\">45<\/td>\n<\/tr>\n<tr>\n<td class=\"tg-oh1n\"><strong>T\u00e8rmiques- Shrinkage<\/strong><\/td>\n<td class=\"tg-oh1n\">ASTM D-1204<\/td>\n<td class=\"tg-oh1n\">%<\/td>\n<td class=\"tg-oh1n\">MD\/TD 2.0\/0.0<\/td>\n<td class=\"tg-oh1n\">2.0\/0.0<\/td>\n<\/tr>\n<\/tbody>\n<\/table>\n<\/div>\n<\/div>\n                <\/div>\n            <\/div><div class=\"panel\">\n                <div class=\"panel-heading\">\n                    <h4 class=\"panel-title\">\n                        <a data-toggle=\"collapse\"  class='collapsed' href=\"#collapse4\"><strong>1080: COMPARATIVA PET-RPET METAL.LITZAT I BITRACTAT (QU\u00cdMIC\/CORONA)<\/strong><\/a>\n                    <\/h4>\n                <\/div>\n                <div id=\"collapse4\" class=\"panel-collapse collapse\">\n                    <div class=\"panel-body\">\n<div class=\"tg-wrap\">\n<table class=\"tg\">\n<thead>\n<tr>\n<th class=\"tg-20ty\">Propietats<\/th>\n<th class=\"tg-20ty\">M\u00e8tode<\/th>\n<th class=\"tg-20ty\">Unitat<\/th>\n<th class=\"tg-20ty\" colspan=\"2\">Valors<\/th>\n<\/tr>\n<\/thead>\n<tbody>\n<tr>\n<td class=\"tg-oh1n\" style=\"text-align: left;\" colspan=\"3\"><strong>F\u00edsiques<\/strong><\/td>\n<td class=\"tg-oh1n\">R-PET@100%<\/td>\n<td class=\"tg-oh1n\">PET<\/td>\n<\/tr>\n<tr>\n<td class=\"tg-oh1n\">Micratge<\/td>\n<td class=\"tg-oh1n\">Intern<\/td>\n<td class=\"tg-oh1n\">\u00b5<\/td>\n<td class=\"tg-oh1n\">12<\/td>\n<td class=\"tg-oh1n\">12<\/td>\n<\/tr>\n<tr>\n<td class=\"tg-oh1n\">Rendimient<\/td>\n<td class=\"tg-oh1n\">Intern<\/td>\n<td class=\"tg-oh1n\">M<sup>2<\/sup>\/Kg<\/td>\n<td class=\"tg-oh1n\">59.5<\/td>\n<td class=\"tg-oh1n\">59.5<\/td>\n<\/tr>\n<tr>\n<td class=\"tg-7i0n\" style=\"text-align: left;\" colspan=\"5\"><strong>Mec\u00e0niques<\/strong><\/td>\n<\/tr>\n<tr>\n<td class=\"tg-7i0n\">For\u00e7a de Trencament MD<br \/>\nFor\u00e7a de Trencament TD<\/td>\n<td class=\"tg-7i0n\">ASTM D-882<\/td>\n<td class=\"tg-7i0n\">Kg\/cm<sup>2<\/sup><\/td>\n<td class=\"tg-7i0n\">1900<br \/>\n2000<\/td>\n<td class=\"tg-7i0n\">2000<br \/>\n2100<\/td>\n<\/tr>\n<tr>\n<td class=\"tg-7i0n\">Elongaci\u00f3 MD<br \/>\nElongaci\u00f3 TD<\/td>\n<td class=\"tg-7i0n\">ASTM D-882<\/td>\n<td class=\"tg-7i0n\">%<\/td>\n<td class=\"tg-7i0n\">100<br \/>\n90<\/td>\n<td class=\"tg-7i0n\">100<br \/>\n90<\/td>\n<\/tr>\n<tr>\n<td class=\"tg-oh1n\" style=\"text-align: left;\" colspan=\"5\"><strong>Superf\u00edcie<\/strong><\/td>\n<\/tr>\n<tr>\n<td class=\"tg-oh1n\">Coeficient de fricci\u00f3 St<br \/>\nCoeficient de fricci\u00f3 Dy<\/td>\n<td class=\"tg-oh1n\">ASTM D-1894<\/td>\n<td class=\"tg-oh1n\">&#8211;<br \/>\n&#8211;<\/td>\n<td class=\"tg-oh1n\">0.70<br \/>\n0.60<\/td>\n<td class=\"tg-oh1n\">0.70<br \/>\n0.60<\/td>\n<\/tr>\n<tr>\n<td class=\"tg-oh1n\">Tensi\u00f3 superficial<\/td>\n<td class=\"tg-oh1n\">ASTM D-2578<\/td>\n<td class=\"tg-oh1n\">Dinas\/cm<\/td>\n<td class=\"tg-oh1n\">54<\/td>\n<td class=\"tg-oh1n\">54<\/td>\n<\/tr>\n<tr>\n<td class=\"tg-7i0n\"><strong>\u00d2ptiques<\/strong> -Haze<\/td>\n<td class=\"tg-7i0n\">ASTM D-1003<\/td>\n<td class=\"tg-7i0n\">%<\/td>\n<td class=\"tg-7i0n\">2.2<\/td>\n<td class=\"tg-7i0n\">2.2<\/td>\n<\/tr>\n<tr>\n<td class=\"tg-oh1n\"><strong>T\u00e8rmiques- Shrinkage<\/strong><\/td>\n<td class=\"tg-oh1n\">ASTM D-1204<\/td>\n<td class=\"tg-oh1n\">%<\/td>\n<td class=\"tg-oh1n\">MD\/TD 2.0\/0.0<\/td>\n<td class=\"tg-oh1n\">2.0\/0.0<\/td>\n<\/tr>\n<\/tbody>\n<\/table>\n<\/div>\n<\/div>\n                <\/div>\n            <\/div><div class=\"panel\">\n                <div class=\"panel-heading\">\n                    <h4 class=\"panel-title\">\n                        <a data-toggle=\"collapse\"  class='collapsed' href=\"#collapse5\"><strong>1048: COMPARATIVA PET-RPET SUSCEPTOR LOW OPTICAL DENSITY 0.30<\/strong><\/a>\n                    <\/h4>\n                <\/div>\n                <div id=\"collapse5\" class=\"panel-collapse collapse\">\n                    <div class=\"panel-body\">\n<div class=\"tg-wrap\">\n<table class=\"tg\">\n<thead>\n<tr>\n<th class=\"tg-20ty\">Propietats<\/th>\n<th class=\"tg-20ty\">M\u00e8tode<\/th>\n<th class=\"tg-20ty\">Unitat<\/th>\n<th class=\"tg-20ty\" colspan=\"2\">Valors<\/th>\n<\/tr>\n<\/thead>\n<tbody>\n<tr>\n<td class=\"tg-oh1n\" style=\"text-align: left;\" colspan=\"3\"><strong>F\u00edsiques<\/strong><\/td>\n<td class=\"tg-oh1n\">R-PET@100%<\/td>\n<td class=\"tg-oh1n\">PET<\/td>\n<\/tr>\n<tr>\n<td class=\"tg-oh1n\">Micratge<\/td>\n<td class=\"tg-oh1n\">Intern<\/td>\n<td class=\"tg-oh1n\">\u00b5<\/td>\n<td class=\"tg-oh1n\">12<\/td>\n<td class=\"tg-oh1n\">12<\/td>\n<\/tr>\n<tr>\n<td class=\"tg-oh1n\">Rendimient<\/td>\n<td class=\"tg-oh1n\">Intern<\/td>\n<td class=\"tg-oh1n\">M<sup>2<\/sup>\/Kg<\/td>\n<td class=\"tg-oh1n\">59.5<\/td>\n<td class=\"tg-oh1n\">59.5<\/td>\n<\/tr>\n<tr>\n<td class=\"tg-7i0n\" style=\"text-align: left;\" colspan=\"5\"><strong>Mec\u00e0niques<\/strong><\/td>\n<\/tr>\n<tr>\n<td class=\"tg-7i0n\">For\u00e7a de Trencament MD<br \/>\nFor\u00e7a de Trencament TD<\/td>\n<td class=\"tg-7i0n\">ASTM D-882<\/td>\n<td class=\"tg-7i0n\">Kg\/cm<sup>2<\/sup><\/td>\n<td class=\"tg-7i0n\"><span style=\"font-weight: 400;\">2000<\/span><br \/>\n2100<\/td>\n<td class=\"tg-7i0n\">2000<br \/>\n2100<\/td>\n<\/tr>\n<tr>\n<td class=\"tg-7i0n\">Elongaci\u00f3 MD<br \/>\nElongaci\u00f3 TD<\/td>\n<td class=\"tg-7i0n\">ASTM D-882<\/td>\n<td class=\"tg-7i0n\">%<\/td>\n<td class=\"tg-7i0n\">100<br \/>\n90<\/td>\n<td class=\"tg-7i0n\">100<br \/>\n90<\/td>\n<\/tr>\n<tr>\n<td class=\"tg-oh1n\" style=\"text-align: left;\" colspan=\"5\"><strong>Superf\u00edcie i Barrera<\/strong><\/td>\n<\/tr>\n<tr>\n<td class=\"tg-oh1n\">MVTR (38\u00baC-RH90%)<br \/>\nOTR (23\u00baC-RH0%)<br \/>\nTensi\u00f3 superficial<\/td>\n<td class=\"tg-oh1n\">ASTM F-1249<br \/>\nASTM D-3985<br \/>\nASTM D-2578<\/td>\n<td class=\"tg-oh1n\">gm\/m<sup>2<\/sup>\/dia<br \/>\ncc\/m<sup>2<\/sup>\/dia<br \/>\nDinas\/cm<\/td>\n<td class=\"tg-oh1n\">40.0<br \/>\n3.50<br \/>\n56<\/td>\n<td class=\"tg-oh1n\">40.0<br \/>\n3.50<br \/>\n56<\/td>\n<\/tr>\n<tr>\n<td class=\"tg-7i0n\"><strong>\u00d2ptiques<\/strong> \u2013 O.D.<\/td>\n<td class=\"tg-7i0n\">ASTM D-1003<\/td>\n<td class=\"tg-7i0n\">%<\/td>\n<td class=\"tg-7i0n\">0.3<\/td>\n<td class=\"tg-7i0n\">0.3<\/td>\n<\/tr>\n<tr>\n<td class=\"tg-oh1n\"><strong>T\u00e8rmiques- Shrinkage<\/strong><\/td>\n<td class=\"tg-oh1n\">ASTM D-1204<\/td>\n<td class=\"tg-oh1n\">%<\/td>\n<td class=\"tg-oh1n\">MD\/TD 2.0\/0.0<\/td>\n<td class=\"tg-oh1n\">2.0\/0.0<\/td>\n<\/tr>\n<\/tbody>\n<\/table>\n<\/div>\n<\/div>\n                <\/div>\n            <\/div><\/div>[\/vc_column][\/vc_row]<\/p>\n","protected":false},"excerpt":{"rendered":"<p>[vc_row][vc_column width=&#8221;1\/4&#8243;][vc_single_image image=&#8221;2651&#8243; img_size=&#8221;full&#8221;][\/vc_column][vc_column width=&#8221;3\/4&#8243;][vc_column_text]Trading Films ofereix films de PET reciclat postconsum (PCR) fets del 60 al 100% de resina PET de PCR. Estan dissenyats amb un alt contingut de materials PET reciclats que han estat desinfectats i reconfigurats en&#8230;<\/p>\n","protected":false},"author":1,"featured_media":0,"parent":2603,"menu_order":6,"comment_status":"closed","ping_status":"closed","template":"page-test.php","meta":[],"_links":{"self":[{"href":"https:\/\/www.tradingfilms.com\/ca\/wp-json\/wp\/v2\/pages\/2650"}],"collection":[{"href":"https:\/\/www.tradingfilms.com\/ca\/wp-json\/wp\/v2\/pages"}],"about":[{"href":"https:\/\/www.tradingfilms.com\/ca\/wp-json\/wp\/v2\/types\/page"}],"author":[{"embeddable":true,"href":"https:\/\/www.tradingfilms.com\/ca\/wp-json\/wp\/v2\/users\/1"}],"replies":[{"embeddable":true,"href":"https:\/\/www.tradingfilms.com\/ca\/wp-json\/wp\/v2\/comments?post=2650"}],"version-history":[{"count":6,"href":"https:\/\/www.tradingfilms.com\/ca\/wp-json\/wp\/v2\/pages\/2650\/revisions"}],"predecessor-version":[{"id":2660,"href":"https:\/\/www.tradingfilms.com\/ca\/wp-json\/wp\/v2\/pages\/2650\/revisions\/2660"}],"up":[{"embeddable":true,"href":"https:\/\/www.tradingfilms.com\/ca\/wp-json\/wp\/v2\/pages\/2603"}],"wp:attachment":[{"href":"https:\/\/www.tradingfilms.com\/ca\/wp-json\/wp\/v2\/media?parent=2650"}],"curies":[{"name":"wp","href":"https:\/\/api.w.org\/{rel}","templated":true}]}}