{"id":597,"date":"2014-11-11T11:09:47","date_gmt":"2014-11-11T11:09:47","guid":{"rendered":"http:\/\/anpsthemes.com\/constructo\/?page_id=5"},"modified":"2022-05-19T12:03:06","modified_gmt":"2022-05-19T12:03:06","slug":"home","status":"publish","type":"page","link":"https:\/\/www.tradingfilms.com\/ca\/","title":{"rendered":"Home"},"content":{"rendered":"<p>[vc_row has_content=&#8221;true&#8221;][vc_column][rev_slider_vc alias=&#8221;main-slider&#8221;][\/vc_column][\/vc_row][vc_row css=&#8221;.vc_custom_1441365478953{padding-bottom: 50px !important;}&#8221;][vc_column width=&#8221;2\/3&#8243; offset=&#8221;vc_col-xs-12&#8243;][vc_row_inner][vc_column_inner width=&#8221;1\/2&#8243;][vc_column_text css=&#8221;.vc_custom_1495094848545{padding-top: 27px !important;}&#8221;]<\/p>\n<h3 style=\"font-size: 24px;\">EMBALATGE FLEXIBLE<\/h3>\n<p>[\/vc_column_text][vc_column_text css=&#8221;.vc_custom_1495094840371{padding-top: 5px !important;}&#8221;]<\/p>\n<p style=\"line-height: 21px; font-size: 16px; color: #000;\">Aproximadament un 60% dels films que es destinen a embalatge flexible d&#8217;aliments corresponen a films laminats de diferents materials. L&#8217;obtenci\u00f3 d&#8217;estructures multicapa ha perm\u00e8s augmentar les aplicacions dels materials pl\u00e0stics per a l&#8217;envasament d&#8217;aliments. A la majoria dels casos no hi ha un \u00fanic material que reuneixi tots els requisits necessaris per a la conservaci\u00f3 del producte, de manera que la combinaci\u00f3 de diferents materials que aporten diferents propietats i funcionalitats permet oferir una estructura \u00f2ptima per a l&#8217;envasament. Nosaltres oferim la possibilitat de comprar en un \u00fanic punt les mat\u00e8ries primeres pl\u00e0stiques i d&#8217;alumini m\u00e9s representatives en la fabricaci\u00f3 d&#8217;aquests complexos.<\/p>\n<p>[\/vc_column_text][\/vc_column_inner][vc_column_inner width=&#8221;1\/2&#8243;][vc_column_text css=&#8221;.vc_custom_1495094860627{margin-top: -18px !important;padding-top: 45px !important;}&#8221;]<\/p>\n<h3 style=\"font-size: 24px;\">ETIQUETES<\/h3>\n<p>[\/vc_column_text][vc_column_text css=&#8221;.vc_custom_1495094869656{padding-top: 5px !important;}&#8221;]<\/p>\n<p style=\"line-height: 21px; font-size: 16px; color: #000;\">Aquesta aplicaci\u00f3 podria considerar-se un submerca d&#8217;arts gr\u00e0fiques per\u00f2 donada la seva gran import\u00e0ncia el considerem per separat. Els materials m\u00e9s utilitzats en la fabricaci\u00f3 d&#8217;etiquetes s\u00f3n el paper, el PET i el BOPP. Noves tend\u00e8ncies en aquest merca han portat a desenvolupar materials que permeten col\u00b7locar l&#8217;etiqueta dins el mateix motlle d&#8217;injecci\u00f3 conferint-li acabats en els quals \u00e9s impossible separar visual o f\u00edsicament l&#8217;env\u00e0s de les etiquetes. Podem oferir una \u00e0mplia gamma de productes que inclouen aquestes innovadores aplicacions d\u2019IML, aix\u00ed com qualsevol altra aplicaci\u00f3 d&#8217;etiquetes m\u00e9s convencional.<\/p>\n<p>[\/vc_column_text][\/vc_column_inner][\/vc_row_inner][vc_row_inner][vc_column_inner width=&#8221;1\/2&#8243;][vc_column_text]<\/p>\n<h3 style=\"font-size: 24px;\">ARTS GR\u00c0FIQUES<\/h3>\n<p>[\/vc_column_text][vc_column_text css=&#8221;.vc_custom_1495094893471{padding-top: 5px !important;}&#8221;]<\/p>\n<p style=\"line-height: 21px; font-size: 16px; color: #000;\">En les aplicacions d&#8217;arts gr\u00e0fiques es procura m\u00e9s un sentit est\u00e8tic o de protecci\u00f3. Es fan servir materials per laminar damunt del paper o del cartr\u00f3 per conferir al complexe un aspecte d&#8217;acabat brillant o mat alhora que per protegir la superf\u00edcie del paper d\u2019abrasions externes. El BOPP \u00e9s dels termopl\u00e0stics m\u00e9s usats en aquest tipus d&#8217;aplicacions.<\/p>\n<p>[\/vc_column_text][\/vc_column_inner][vc_column_inner width=&#8221;1\/2&#8243;][vc_empty_space el_class=&#8221;visible-xs&#8221;][vc_column_text]<\/p>\n<h3 style=\"font-size: 24px;\">INDUSTRIAL<\/h3>\n<p>[\/vc_column_text][vc_column_text]<\/p>\n<p style=\"line-height: 21px; font-size: 16px; color: #000;\">Els termopl\u00e0stics utilitzats en aplicacions industrials busquen propietats en els materials que confereixin una rigidesa i resist\u00e8ncia mec\u00e0nica de mitjana a elevada, en ocasions tamb\u00e9 resist\u00e8ncia a la intemp\u00e8rie i l&#8217;envelliment t\u00e8rmic i propietats a\u00efllants entre altres. El PET \u00e9s dels termopl\u00e0stics m\u00e9s utilitzats per a aquest tipus d&#8217;aplicacions.<\/p>\n<p>[\/vc_column_text][\/vc_column_inner][\/vc_row_inner][vc_row_inner][vc_column_inner offset=&#8221;vc_hidden-lg vc_hidden-md vc_hidden-sm&#8221;][vc_empty_space][\/vc_column_inner][\/vc_row_inner][\/vc_column][vc_column width=&#8221;1\/3&#8243; offset=&#8221;vc_col-xs-12&#8243;]<div role=\"form\" class=\"wpcf7\" id=\"wpcf7-f1067-o1\" lang=\"en-US\" dir=\"ltr\">\n<div class=\"screen-reader-response\"><p role=\"status\" aria-live=\"polite\" aria-atomic=\"true\"><\/p> <ul><\/ul><\/div>\n<form action=\"\/ca\/wp-json\/wp\/v2\/pages\/597#wpcf7-f1067-o1\" method=\"post\" class=\"wpcf7-form init\" novalidate=\"novalidate\" data-status=\"init\">\n<div style=\"display: none;\">\n<input type=\"hidden\" name=\"_wpcf7\" value=\"1067\" \/>\n<input type=\"hidden\" name=\"_wpcf7_version\" value=\"5.4\" \/>\n<input type=\"hidden\" name=\"_wpcf7_locale\" value=\"en_US\" \/>\n<input type=\"hidden\" name=\"_wpcf7_unit_tag\" value=\"wpcf7-f1067-o1\" \/>\n<input type=\"hidden\" name=\"_wpcf7_container_post\" value=\"0\" \/>\n<input type=\"hidden\" name=\"_wpcf7_posted_data_hash\" value=\"\" \/>\n<\/div>\n<div id=\"form-home\" class=\"col-md-12 form-wrap\">\n<p class=\"form-home-title\"><strong>CONTACTA AMB NOSALTRES<\/strong><\/p>\n<p class=\"form-home-description\" style=\" font-height: 21px; line-height: 1.3;\">Ompli el seg\u00fcent formulari per contactar amb nosaltres: <\/p>\n<p>\t\t<span class=\"wpcf7-form-control-wrap NombreEmpresa\"><input type=\"text\" name=\"NombreEmpresa\" value=\"\" size=\"40\" class=\"wpcf7-form-control wpcf7-text wpcf7-validates-as-required\" aria-required=\"true\" aria-invalid=\"false\" placeholder=\"Nom \/ Empresa *\" \/><\/span><br \/>\n\t\t<span class=\"wpcf7-form-control-wrap e-mail\"><input type=\"email\" name=\"e-mail\" value=\"\" size=\"40\" class=\"wpcf7-form-control wpcf7-text wpcf7-email wpcf7-validates-as-required wpcf7-validates-as-email\" aria-required=\"true\" aria-invalid=\"false\" placeholder=\"E-mail *\" \/><\/span><br \/>\n\t\t<span class=\"wpcf7-form-control-wrap Telefono\"><input type=\"tel\" name=\"Telefono\" value=\"\" size=\"40\" class=\"wpcf7-form-control wpcf7-text wpcf7-tel wpcf7-validates-as-required wpcf7-validates-as-tel\" aria-required=\"true\" aria-invalid=\"false\" placeholder=\"Tel\u00e8fon*\" \/><\/span><br \/>\n\t\t<span class=\"wpcf7-form-control-wrap mensaje\"><textarea name=\"mensaje\" cols=\"40\" rows=\"10\" class=\"wpcf7-form-control wpcf7-textarea wpcf7-validates-as-required\" aria-required=\"true\" aria-invalid=\"false\" placeholder=\"Escriu aqu\u00ed el teu missatge... *\"><\/textarea><\/span><\/p>\n<div class=\"col-md-12 padding-0\">\n<p class=\"float-left txt-black size-text-16\" style=\"line-height: 1.3;\"><strong>Codi de seguretat:<\/strong> per evitar <i>Spam<\/i>, haur\u00e0s d\u2019omplir els seg\u00fcents numeros i\/o lletres *<\/p>\n<p class=\"col-md-1\"><input type=\"hidden\" name=\"_wpcf7_captcha_challenge_captcha-564\" value=\"4286363807\" \/><img class=\"wpcf7-form-control wpcf7-captchac wpcf7-captcha-captcha-564\" width=\"72\" height=\"24\" alt=\"captcha\" src=\"https:\/\/www.tradingfilms.com\/ca\/wp-content\/uploads\/sites\/5\/wpcf7_captcha\/4286363807.png\" \/><\/p>\n<p style=\"margin-top: 19px;\" class=\"col-md-1\"><span class=\"wpcf7-form-control-wrap captcha-564\"><input type=\"text\" name=\"captcha-564\" value=\"\" size=\"40\" class=\"wpcf7-form-control wpcf7-captchar\" autocomplete=\"off\" aria-invalid=\"false\" \/><\/span><\/p>\n<\/div>\n<div class=\"col-md-12 padding-0\" style=\" margin-top: 10px;\">\n<p class=\"padding-0 margin-0\" >\n<p class=\"aceptar-politica size-text-16\"><span><span class=\"wpcf7-form-control-wrap Politica\"><span class=\"wpcf7-form-control wpcf7-checkbox wpcf7-validates-as-required\"><span class=\"wpcf7-list-item first last\"><label><input type=\"checkbox\" name=\"Politica[]\" value=\"\" \/><span class=\"wpcf7-list-item-label\"><\/span><\/label><\/span><\/span><\/span><\/span> <span>He llegit i accepto <a href=\"http:\/\/www.tradingfilms.com\/ca\/aviso-legal-y-politica-privacidad\/\"> l\u2019av\u00eds legal i la pol\u00edtica de privacitat.<\/a><\/span>\n\t\t\t<\/p>\n<\/p>\n<div class=\"col-md-12 padding-0\">\n\t\t<span class=\"campos-requeridos\">* Camps obligatoris.<\/span><\/p>\n<div class=\"hidden-lg hidden-md hidden-sm\">\n<p>&nbsp;<\/p>\n<\/div>\n<\/div>\n<div class=\"col-md-12 padding-0\">\n<p>&nbsp;<\/p>\n<p>\t\t<input type=\"submit\" value=\"ENVIAR MISSATGE\" class=\"wpcf7-form-control wpcf7-submit\" \/><\/p>\n<div class=\"hidden-lg hidden-md hidden-sm\">\n<p>&nbsp;<\/p>\n<\/div>\n<\/div>\n<\/div>\n<\/div>\n<div class=\"wpcf7-response-output\" aria-hidden=\"true\"><\/div><\/form><\/div>[\/vc_column][\/vc_row][vc_row full_width=&#8221;stretch_row&#8221; has_content=&#8221;inside&#8221; css=&#8221;.vc_custom_1636095609232{padding-top: 80px !important;padding-bottom: 80px !important;background-image: url(https:\/\/www.tradingfilms.com\/ca\/wp-content\/uploads\/sites\/5\/2021\/11\/banner-new-home-2.jpg?id=2588) !important;background-position: center !important;background-repeat: no-repeat !important;background-size: cover !important;}&#8221;][vc_column][vc_column_text]<\/p>\n<h2 style=\"text-align: left; font-size: 30px;\"><span style=\"color: #ffffff;\"><strong>Fam\u00edlies de productes m\u00e9s representatius que comercialitzem: <\/strong><\/span><\/h2>\n<h4 style=\"text-align: left; font-size: 21px; line-height: 1.5; padding-bottom: 11px;\"><span style=\"color: #ffffff;\">Films de PET (poli\u00e8ster), BOPP (polipropil\u00e8), BOPA (poliamida) i Foil d&#8217;Alumini<\/span><\/h4>\n<p>[\/vc_column_text][vc_empty_space height=&#8221;15px&#8221;][vc_empty_space height=&#8221;15px&#8221;][vc_column_text]<a class=\"btn-red\" href=\"https:\/\/www.tradingfilms.com\/productos\/\">M\u00c9S INFORMACI\u00d3<\/a><\/p>\n<style>.btn-red{ border-radius: 4px; color: #9c1f23;font-size: 15px; padding: 12px 25px; background-color: #fff; text-decoration: none;}.btn-red:hover{ background-color: #000; color: #fff;}<\/style>\n<p>[\/vc_column_text][\/vc_column][\/vc_row][vc_row css=&#8221;.vc_custom_1441204424711{padding-top: 32px !important;}&#8221;][vc_column][vc_column_text]<\/p>\n<h2 style=\"font-weight: 500;\">SERVEIS QUE OFERIM<\/h2>\n<p>[\/vc_column_text][\/vc_column][\/vc_row][vc_row css=&#8221;.vc_custom_1441205416007{padding-top: 6px !important;padding-bottom: 15px !important;}&#8221;][vc_column width=&#8221;1\/4&#8243;][vc_single_image image=&#8221;1595&#8243; img_size=&#8221;full&#8221; alignment=&#8221;center&#8221;][vc_column_text css=&#8221;.vc_custom_1495095006282{padding-bottom: 15px !important;}&#8221;]<\/p>\n<h3 style=\"text-align: left; font-size: 18px;\"><strong>Microperforaci\u00f3<\/strong><\/h3>\n<div style=\"line-height: 21px; padding-top: 11px; font-size: 16px; color: #000;\">Molt centrats als mercas de rebosteria industrial, agro-alimentari i caf\u00e8. Requereix altes temperatures, proc\u00e9s que es realitza amb agulles calentes. Aplicacions: filtres de caf\u00e8, borses de pa, etc.<\/div>\n<div class=\"masinformacion-home\" style=\"color: #9c1f23; padding-top: 20px;\"><a href=\"http:\/\/www.tradingfilms.com\/ca\/servicios\/\">M\u00c9S INFORMACI\u00d3<\/a><\/div>\n<p>[\/vc_column_text][\/vc_column][vc_column width=&#8221;1\/4&#8243;][vc_single_image image=&#8221;1596&#8243; img_size=&#8221;full&#8221; alignment=&#8221;center&#8221;][vc_column_text css=&#8221;.vc_custom_1495095041493{padding-bottom: 15px !important;}&#8221;]<\/p>\n<h3><strong style=\"font-size: 18px;\">Macroperforaci\u00f3<\/strong><\/h3>\n<div style=\"line-height: 21px; padding-top: 11px; font-size: 16px; color: #000;\">Donant suport als mercas de vegetals, fruites, Embotits i altres carns. \u00c9s un proc\u00e9s que es realitza en fred (encunyat). Aplicacions: borses de fuet i altres Embotits, vegetals, fruites i embolcall de flors.<\/div>\n<div class=\"masinformacion-home\" style=\"color: #9c1f23; padding-top: 20px;\"><a href=\"http:\/\/www.tradingfilms.com\/ca\/servicios\/\">M\u00c9S INFORMACI\u00d3<\/a><\/div>\n<p>[\/vc_column_text][\/vc_column][vc_column width=&#8221;1\/4&#8243;][vc_single_image image=&#8221;1597&#8243; img_size=&#8221;full&#8221; alignment=&#8221;center&#8221;][vc_column_text css=&#8221;.vc_custom_1495095269127{padding-bottom: 15px !important;}&#8221;]<\/p>\n<h3><strong style=\"font-size: 18px;\">Tall en formats de PET <\/strong><\/h3>\n<div style=\"line-height: 21px; padding-top: 11px; font-size: 16px; color: #000;\">Alts micratges de 50 \u00b5 a 350 \u00b5.<\/div>\n<div class=\"masinformacion-home\" style=\"color: #9c1f23; padding-top: 20px;\"><a href=\"http:\/\/www.tradingfilms.com\/ca\/servicios\/\">M\u00c9S INFORMACI\u00d3<\/a><\/div>\n<p>[\/vc_column_text][\/vc_column][vc_column width=&#8221;1\/4&#8243;][vc_single_image image=&#8221;1598&#8243; img_size=&#8221;full&#8221; alignment=&#8221;center&#8221;][vc_column_text]<\/p>\n<h3><strong style=\"font-size: 18px;\">Tall i rebobinat <\/strong><\/h3>\n<div style=\"line-height: 21px; padding-top: 11px; font-size: 16px; color: #000;\">Talladores de 800 mm fins a 2200 mm d\u2019ample i capacitat de tall des de 10 mm fins a 2200 mm.<\/div>\n<div class=\"masinformacion-home\" style=\"color: #9c1f23; padding-top: 20px;\"><a href=\"http:\/\/www.tradingfilms.com\/ca\/servicios\/\">M\u00c9S INFORMACI\u00d3<\/a><\/div>\n<p>[\/vc_column_text][\/vc_column][\/vc_row][vc_row][vc_column][vc_empty_space height=&#8221;50px&#8221;][\/vc_column][\/vc_row][vc_row full_width=&#8221;stretch_row&#8221; has_content=&#8221;inside&#8221; css=&#8221;.vc_custom_1626259751535{padding-top: 51px !important;padding-bottom: 40px !important;background-image: url(https:\/\/www.tradingfilms.com\/wp-content\/uploads\/2021\/07\/banner-greenpackaging-home-5.jpg?id=2797) !important;background-position: center !important;background-repeat: no-repeat !important;background-size: cover !important;}&#8221;][vc_column][vc_custom_heading text=&#8221;<strong>Descobreix la nostra nova secci\u00f3:<br \/>\nGreen packaging <\/strong>&#8221; font_container=&#8221;tag:h2|font_size:30px|text_align:left|color:%23ffffff|line_height:36px&#8221; use_theme_fonts=&#8221;yes&#8221; css=&#8221;.vc_custom_1652961768669{padding-bottom: 49px !important;}&#8221;][vc_empty_space height=&#8221;15px&#8221;][vc_column_text css=&#8221;.vc_custom_1652961782997{padding-bottom: 50px !important;}&#8221;]<a class=\"btn-green\" href=\"https:\/\/www.tradingfilms.com\/ca\/green-packaging\/\">M\u00c9S INFORMACI\u00d3<\/a><\/p>\n<style>.btn-green{ border-radius: 4px; color: #66b245;font-size: 15px; padding: 12px 25px; background-color: #fff; text-decoration: none;}.btn-green:hover{ background-color: #000; color: #fff;}<\/style>\n<p>[\/vc_column_text][\/vc_column][\/vc_row]<\/p>\n","protected":false},"excerpt":{"rendered":"<p>[vc_row has_content=&#8221;true&#8221;][vc_column][rev_slider_vc alias=&#8221;main-slider&#8221;][\/vc_column][\/vc_row][vc_row css=&#8221;.vc_custom_1441365478953{padding-bottom: 50px !important;}&#8221;][vc_column width=&#8221;2\/3&#8243; offset=&#8221;vc_col-xs-12&#8243;][vc_row_inner][vc_column_inner width=&#8221;1\/2&#8243;][vc_column_text css=&#8221;.vc_custom_1495094848545{padding-top: 27px !important;}&#8221;] EMBALATGE FLEXIBLE [\/vc_column_text][vc_column_text css=&#8221;.vc_custom_1495094840371{padding-top: 5px !important;}&#8221;] Aproximadament un 60% dels films que es destinen a embalatge flexible d&#8217;aliments corresponen a films laminats de diferents materials. L&#8217;obtenci\u00f3 d&#8217;estructures multicapa&#8230;<\/p>\n","protected":false},"author":2,"featured_media":0,"parent":0,"menu_order":0,"comment_status":"open","ping_status":"closed","template":"","meta":[],"_links":{"self":[{"href":"https:\/\/www.tradingfilms.com\/ca\/wp-json\/wp\/v2\/pages\/597"}],"collection":[{"href":"https:\/\/www.tradingfilms.com\/ca\/wp-json\/wp\/v2\/pages"}],"about":[{"href":"https:\/\/www.tradingfilms.com\/ca\/wp-json\/wp\/v2\/types\/page"}],"author":[{"embeddable":true,"href":"https:\/\/www.tradingfilms.com\/ca\/wp-json\/wp\/v2\/users\/2"}],"replies":[{"embeddable":true,"href":"https:\/\/www.tradingfilms.com\/ca\/wp-json\/wp\/v2\/comments?post=597"}],"version-history":[{"count":58,"href":"https:\/\/www.tradingfilms.com\/ca\/wp-json\/wp\/v2\/pages\/597\/revisions"}],"predecessor-version":[{"id":2600,"href":"https:\/\/www.tradingfilms.com\/ca\/wp-json\/wp\/v2\/pages\/597\/revisions\/2600"}],"wp:attachment":[{"href":"https:\/\/www.tradingfilms.com\/ca\/wp-json\/wp\/v2\/media?parent=597"}],"curies":[{"name":"wp","href":"https:\/\/api.w.org\/{rel}","templated":true}]}}