{"id":1602,"date":"2015-09-02T08:46:41","date_gmt":"2015-09-02T08:46:41","guid":{"rendered":"http:\/\/www.tradingfilms.com\/fr\/?page_id=1602"},"modified":"2021-09-22T10:55:00","modified_gmt":"2021-09-22T10:55:00","slug":"empresa","status":"publish","type":"page","link":"https:\/\/www.tradingfilms.com\/fr\/empresa\/","title":{"rendered":"Compagnie"},"content":{"rendered":"<p>[vc_row][vc_column width=&#8221;1\/2&#8243;][vc_single_image image=&#8221;2579&#8243; img_size=&#8221;full&#8221; alignment=&#8221;center&#8221;][\/vc_column][vc_column width=&#8221;1\/2&#8243;][vc_column_text css=&#8221;.vc_custom_1632308075492{margin-bottom: -6px !important;padding-top: -6px !important;}&#8221;]<\/p>\n<h2 style=\"font-weight: 500;\">QUI SOMMES-NOUS?<\/h2>\n<p style=\"line-height: 1.3; font-weight: 21px; font-size: 16px; color: #000;\"><strong> Trading Films<\/strong> commercialise, distribue et manipule des polym\u00e8res thermoplastiques pour 4 secteurs commerciaux principaux:<strong> emballage flexible, industriel, arts graphiques et \u00e9tiquettes.<\/strong><\/p>\n<p style=\"line-height: 1.3; font-weight: 21px; font-size: 16px; color: #000;\">Nous offrons \u00e9galement <strong>des services de d\u00e9coupe, de micropeforation, de macroperforation et de formats.<\/strong><\/p>\n<p style=\"font-weight: 21px; font-size: 16px; color: #000;\">Les familles de produits les plus repr\u00e9sentatives commercialis\u00e9es par la compagnie sont:<\/p>\n<ul style=\"padding-left: 17px; font-weight: 21px; font-size: 16px; color: #000;\">\n<li>PET (polyester)<\/li>\n<li>BOPP (polypropyl\u00e8ne)<\/li>\n<li>BOPA (polyamide)<\/li>\n<li>Foil d&#8217;Aluminium<\/li>\n<li>Bioplastiques<\/li>\n<\/ul>\n<p style=\"line-height: 1.3; font-weight: 21px; font-size: 16px; color: #000;\">Nous sommes une entreprise jeune et dynamique et nous comptons sur des personnes pr\u00e9par\u00e9es et ayant une grande exp\u00e9rience dans le secteur.<\/p>\n<p style=\"line-height: 1.3; font-weight: 21px; font-size: 16px; color: #000;\">Nous offrons \u00e0 nos clients une attention exclusive et personnalis\u00e9e selon leurs n\u00e9cessit\u00e9s. Nous \u00e9coutons leurs inqui\u00e9tudes et nous faisons office de consultants si n\u00e9cessaire.<\/p>\n<p>[\/vc_column_text][vc_empty_space height=&#8221;15px&#8221;][vc_column_text]<\/p>\n<h2 style=\"font-weight: 500;\">MISI\u00d3N<\/h2>\n<p style=\"line-height: 1.3; font-weight: 21px; font-size: 16px; color: #000;\">Notre mission est celle d&#8217;<strong>offrir \u00e0 nos clients le meilleur service, notre soutien et notre collaboration<\/strong> et une vaste gamme de produits pour combler au mieux leurs n\u00e9cessit\u00e9s. Nous sommes proactifs et nous recherchons continuellement des mat\u00e9riaux permettant de nouveaux d\u00e9veloppements dans chacun des march\u00e9s o\u00f9 nous sommes pr\u00e9sents.<\/p>\n<p style=\"line-height: 1.3; font-weight: 21px; font-size: 16px; color: #000;\">L&#8217;une de nos priorit\u00e9s est de <strong>rester \u00e0 jour en ce qui concerne les innovations<\/strong> dans notre march\u00e9 en assistant \u00e0 des salons, \u00e9v\u00e8nements et conf\u00e9rences et en travaillant en collaboration avec quelques-uns des meilleurs fabricants de films, en assurant toujours la qualit\u00e9 finale des produits que nous vendons.<\/p>\n<p style=\"line-height: 1.3; font-weight: 21px; font-size: 16px; color: #000;\">De ce fait, Trading Films a \u00e9tabli des contrats exclusifs avec des entreprises telles que <a href=\"http:\/\/www.kolonindustries.com\/Eng\/\/Product\/product03_01.asp\" target=\"_blank\" rel=\"noopener\">Kolon Industries<\/a> de Cor\u00e9e du Sud pour sa gamme de PET et BOPA.<\/p>\n<p style=\"line-height: 1.3; font-weight: 21px; font-size: 16px; color: #000;\">Nous aimons <strong>rester proches de nos clients<\/strong> pour \u00eatre au courant de leurs nouvelles n\u00e9cessit\u00e9s et pour pouvoir leur offrir des solutions \u00e0 la hauteur de ces derni\u00e8res.<\/p>\n<p style=\"line-height: 1.3; font-weight: 21px; font-size: 16px; color: #000;\">Nous sommes <strong>respectueux de l&#8217;environnement <\/strong> et de ce fait, tous nos produits respectent la r\u00e8glementation de qualit\u00e9 en vigueur et de s\u00e9curit\u00e9 applicable \u00e0 tout moment.<\/p>\n<p style=\"line-height: 1.3; font-weight: 21px; font-size: 16px; color: #000;\"><strong>Nous croyons dans le travail d\u00b4\u00e9quipe <\/strong> et nous collaborons toujours tout au long de la cha\u00eene de valeur ; \u00e0 commercer par nos employ\u00e9s, fournisseurs, clients, et, en g\u00e9n\u00e9ral, de toute personne en rapport avec notre entreprise.<\/p>\n<p>[\/vc_column_text][\/vc_column][\/vc_row]<\/p>\n","protected":false},"excerpt":{"rendered":"<p>[vc_row][vc_column width=&#8221;1\/2&#8243;][vc_single_image image=&#8221;2579&#8243; img_size=&#8221;full&#8221; alignment=&#8221;center&#8221;][\/vc_column][vc_column width=&#8221;1\/2&#8243;][vc_column_text css=&#8221;.vc_custom_1632308075492{margin-bottom: -6px !important;padding-top: -6px !important;}&#8221;] QUI SOMMES-NOUS? Trading Films commercialise, distribue et manipule des polym\u00e8res thermoplastiques pour 4 secteurs commerciaux principaux: emballage flexible, industriel, arts graphiques et \u00e9tiquettes. Nous offrons \u00e9galement des services de&#8230;<\/p>\n","protected":false},"author":1,"featured_media":0,"parent":0,"menu_order":1,"comment_status":"closed","ping_status":"closed","template":"","meta":[],"_links":{"self":[{"href":"https:\/\/www.tradingfilms.com\/fr\/wp-json\/wp\/v2\/pages\/1602"}],"collection":[{"href":"https:\/\/www.tradingfilms.com\/fr\/wp-json\/wp\/v2\/pages"}],"about":[{"href":"https:\/\/www.tradingfilms.com\/fr\/wp-json\/wp\/v2\/types\/page"}],"author":[{"embeddable":true,"href":"https:\/\/www.tradingfilms.com\/fr\/wp-json\/wp\/v2\/users\/1"}],"replies":[{"embeddable":true,"href":"https:\/\/www.tradingfilms.com\/fr\/wp-json\/wp\/v2\/comments?post=1602"}],"version-history":[{"count":24,"href":"https:\/\/www.tradingfilms.com\/fr\/wp-json\/wp\/v2\/pages\/1602\/revisions"}],"predecessor-version":[{"id":2580,"href":"https:\/\/www.tradingfilms.com\/fr\/wp-json\/wp\/v2\/pages\/1602\/revisions\/2580"}],"wp:attachment":[{"href":"https:\/\/www.tradingfilms.com\/fr\/wp-json\/wp\/v2\/media?parent=1602"}],"curies":[{"name":"wp","href":"https:\/\/api.w.org\/{rel}","templated":true}]}}