{"id":1608,"date":"2015-09-02T09:30:37","date_gmt":"2015-09-02T09:30:37","guid":{"rendered":"http:\/\/www.tradingfilms.com\/fr\/?page_id=1608"},"modified":"2017-05-18T11:17:51","modified_gmt":"2017-05-18T11:17:51","slug":"servicios","status":"publish","type":"page","link":"https:\/\/www.tradingfilms.com\/fr\/servicios\/","title":{"rendered":"Services"},"content":{"rendered":"<p>[vc_row][vc_column width=&#8221;1\/4&#8243; css=&#8221;.vc_custom_1441208858295{padding-top: 8px !important;}&#8221;][vc_wp_custommenu nav_menu=&#8221;32&#8243; title=&#8221;Nos services&#8221;][\/vc_column][vc_column width=&#8221;3\/4&#8243; css=&#8221;.vc_custom_1441208963903{padding-top: 15px !important;}&#8221;][vc_column_text]<\/p>\n<h2 style=\"font-weight: 500;\">SERVICES TRADING FILMS<\/h2>\n<p>[\/vc_column_text][vc_empty_space][vc_gallery type=&#8221;flexslider_slide&#8221; interval=&#8221;3&#8243; images=&#8221;1940,1941,1942,1943,1944,1945,1946&#8243; img_size=&#8221;full&#8221; el_class=&#8221;slider-productos&#8221;][vc_column_text]<\/p>\n<p style=\"line-height: 1.3; font-weight: 21px; font-size: 16px;\"><strong>Trading Films<\/strong> offre <strong>des services de d\u00e9coupe, de micro et macro perforation et de formats.<\/strong><\/p>\n<p style=\"line-height: 1.3; font-weight: 21px; font-size: 16px;\">Notre \u00e9quipe de professionnels dispose de plus de 20 ans d&#8217;exp\u00e9rience dans la manipulation de films et vous conseillera pour tout type de demande.<\/p>\n<p style=\"line-height: 1.3; font-weight: 21px; font-size: 16px;\">Nous sommes essentiellement une entreprise de services et en tant que tel, nous veillons \u00e0 ce que vos n\u00e9cessit\u00e9s soient compl\u00e8tement combl\u00e9es. Notre sens de l&#8217;empathie nous m\u00e8ne \u00e0 collaborer avec vous dans la mesure du possible. Si vous aviez un doute, inqui\u00e9tude ou nouvelle n\u00e9cessit\u00e9, n&#8217;h\u00e9sitez pas \u00e0 vous mettre en contact avec nous.<\/p>\n<p>[\/vc_column_text][vc_empty_space][vc_column_text]<a name=\"corte\"><\/a><\/p>\n<h3><strong><span style=\"color: #000000;\">D\u00e9coupe et rembobinage<\/span><\/strong><\/h3>\n<p style=\"line-height: 1.3; font-weight: 21px; font-size: 16px;\">Nous sommes l&#8217;un <strong>des leaders en ce qui concerne la d\u00e9coupe et le rembobinage dans les champs de l&#8217;emballage flexible, des arts graphiques et de l&#8217;industrie.<\/strong> Avec une largeur utile d&#8217;entr\u00e9e de bobine m\u00e8re qui va de 400 mm \u00e0 2400 mm, nous pouvons fabriquer des bobines d\u00e9coup\u00e9es de 10 mm jusqu&#8217;\u00e0 2400 mm de large avec un maximum de 800 mm de diam\u00e8tre ext\u00e9rieur. Nous avons un choix de mandrins de 76 ou 152 mm de diam\u00e8tre selon la demande.<\/p>\n<p>[\/vc_column_text][vc_empty_space][vc_row_inner css=&#8221;.vc_custom_1441624307044{margin-top: 5px !important;}&#8221;][vc_column_inner width=&#8221;1\/2&#8243;][vc_column_text]<a name=\"microperforado\"><\/a><\/p>\n<h3><strong>Microperforation<\/strong><\/h3>\n<p style=\"line-height: 1.3; font-weight: 21px; font-size: 16px;\">Un autre de nos services est la microperforation \u00e0 chaud essentiellement pour la p\u00e2tisserie industrielle et pour le secteur agricole.<\/p>\n<p style=\"line-height: 1.3; font-weight: 21px; font-size: 16px;\">Caract\u00e9ristiques de la microperforation :<\/p>\n<ul style=\"padding-left: 18px; line-height: 1.3; font-weight: 21px; font-size: 16px;\">\n<li>Diam\u00e8tre de perforation : De 0,8 \u00e0 1 mm.<\/li>\n<li>Distance entre les perforations : Min 10 mm.<\/li>\n<li>Largeur maximale de bobines de microperforation : 1600 mm.<\/li>\n<li>Largeur minimale de bobines de microperforation.<\/li>\n<li>R\u00e9serves lat\u00e9rales (bandes non perfor\u00e9es) sur requ\u00eate du client.<\/li>\n<li>Diam\u00e8tre int\u00e9rieur mandrin 76 ou 152 mm.<\/li>\n<li>Diam\u00e8tre ext\u00e9rieur Jusqu&#8217;\u00e0 800 mm.<\/li>\n<\/ul>\n<p>[\/vc_column_text][\/vc_column_inner][vc_column_inner width=&#8221;1\/2&#8243;][vc_empty_space height=&#8221;17px&#8221;][vc_raw_html]JTNDYnIlM0UlM0NiciUzRSUzQ2JyJTNF[\/vc_raw_html][vc_single_image image=&#8221;1612&#8243; img_size=&#8221;full&#8221; alignment=&#8221;right&#8221;][\/vc_column_inner][\/vc_row_inner][vc_row_inner css=&#8221;.vc_custom_1441624240756{margin-top: -55px !important;margin-right: 0px !important;}&#8221;][vc_column_inner width=&#8221;1\/2&#8243;][vc_column_text]<a name=\"macroperforado\"><\/a><\/p>\n<h3><strong>Macroperforation<\/strong><\/h3>\n<p style=\"line-height: 1.3; font-weight: 21px; font-size: 16px;\">Le processus de macroperforation est r\u00e9alis\u00e9 \u00e0 froid et il est destin\u00e9 essentiellement au march\u00e9 de la charcuterie et des fruits et l\u00e9gumes.<\/p>\n<p style=\"line-height: 1.3; font-weight: 21px; font-size: 16px;\">Caract\u00e9ristiques de la macroperforation:<\/p>\n<ul style=\"padding-left: 18px; line-height: 1.3; font-weight: 21px; font-size: 16px;\">\n<li>Diam\u00e8tre de perforation : 6 mm.<\/li>\n<li>Distance entre les perforations : Min 30 mm (verticale et horizontale).<\/li>\n<li>Nombre maximal de perforation (largeur) : 15 (horizontale).<\/li>\n<li>Largeur maximale de bobines de macroperforation : 1600 mm<\/li>\n<li>Disposition des perforations sur requ\u00eate du client.<\/li>\n<li>Syst\u00e8me de d\u00e9tection pour les films imprim\u00e9s.<\/li>\n<li>Diam\u00e8tre int\u00e9rieur 76 ou 152 mm.<\/li>\n<li>Diam\u00e8tre ext\u00e9rieur Jusqu&#8217;\u00e0 800 mm.<\/li>\n<\/ul>\n<p>[\/vc_column_text][\/vc_column_inner][vc_column_inner width=&#8221;1\/2&#8243;][vc_empty_space height=&#8221;60px&#8221;][vc_single_image image=&#8221;1611&#8243; img_size=&#8221;full&#8221; alignment=&#8221;right&#8221;][vc_empty_space height=&#8221;2px&#8221;][\/vc_column_inner][\/vc_row_inner][vc_empty_space][vc_column_text css=&#8221;.vc_custom_1495106092369{margin-top: -15px !important;}&#8221;]<a name=\"resmado\"><\/a><\/p>\n<h3><strong>Formats<\/strong><\/h3>\n<p style=\"line-height: 1.3; font-weight: 21px; font-size: 16px;\"><strong>Trading Films<\/strong> peut d\u00e9couper du mat\u00e9riel en formats au lieu de le faire en bobines. Il est utilis\u00e9 normalement pour les feuilles de polyester de grandes \u00e9paisseurs (de 50 \u00e0 350 \u00b5).<\/p>\n<p style=\"line-height: 1.3; font-weight: 21px; font-size: 16px;\">Caract\u00e9ristiques des formats:<\/p>\n<ul style=\"padding-left: 18px; line-height: 1.3; font-weight: 21px; font-size: 16px;\">\n<li>D\u00e9coupes en formats majoritairement en polyester de grandes \u00e9paisseurs.<\/li>\n<li>Format maximal de 1000 x 2000 (Largeur x Longueur).<\/li>\n<li>Sur requ\u00eate du client, nous pouvons intercaler des feuilles de s\u00e9paration entre les formats.<\/li>\n<\/ul>\n<p>[\/vc_column_text][vc_empty_space]<div role=\"form\" class=\"wpcf7\" id=\"wpcf7-f1614-o1\" lang=\"es-ES\" dir=\"ltr\">\n<div class=\"screen-reader-response\"><p role=\"status\" aria-live=\"polite\" aria-atomic=\"true\"><\/p> <ul><\/ul><\/div>\n<form action=\"\/fr\/wp-json\/wp\/v2\/pages\/1608#wpcf7-f1614-o1\" method=\"post\" class=\"wpcf7-form init\" novalidate=\"novalidate\" data-status=\"init\">\n<div style=\"display: none;\">\n<input type=\"hidden\" name=\"_wpcf7\" value=\"1614\" \/>\n<input type=\"hidden\" name=\"_wpcf7_version\" value=\"5.4\" \/>\n<input type=\"hidden\" name=\"_wpcf7_locale\" value=\"es_ES\" \/>\n<input type=\"hidden\" name=\"_wpcf7_unit_tag\" value=\"wpcf7-f1614-o1\" \/>\n<input type=\"hidden\" name=\"_wpcf7_container_post\" value=\"0\" \/>\n<input type=\"hidden\" name=\"_wpcf7_posted_data_hash\" value=\"\" \/>\n<\/div>\n<div id=\"form-servicios\">\n\t<strong><br \/>\n<h3>DEMANDER PLUS D\u00b4INFORMATIONS<\/h3>\n<p><\/strong><\/br><\/p>\n<div class=\"col-md-6\">\n\t\t<span class=\"wpcf7-form-control-wrap NombreEmpresa\"><input type=\"text\" name=\"NombreEmpresa\" value=\"\" size=\"40\" class=\"wpcf7-form-control wpcf7-text wpcf7-validates-as-required\" aria-required=\"true\" aria-invalid=\"false\" placeholder=\"Nom \/ Soci\u00e9t\u00e9 *\" \/><\/span><br \/>\n\t\t<span class=\"wpcf7-form-control-wrap Pais\"><input type=\"text\" name=\"Pais\" value=\"\" size=\"40\" class=\"wpcf7-form-control wpcf7-text wpcf7-validates-as-required\" aria-required=\"true\" aria-invalid=\"false\" placeholder=\"Pays *\" \/><\/span><br \/>\n\t\t<span class=\"wpcf7-form-control-wrap Provincia\"><input type=\"text\" name=\"Provincia\" value=\"\" size=\"40\" class=\"wpcf7-form-control wpcf7-text wpcf7-validates-as-required\" aria-required=\"true\" aria-invalid=\"false\" placeholder=\"D\u00e9partement *\" \/><\/span><br \/>\n\t\t<span class=\"wpcf7-form-control-wrap Ciudad\"><input type=\"text\" name=\"Ciudad\" value=\"\" size=\"40\" class=\"wpcf7-form-control wpcf7-text wpcf7-validates-as-required\" aria-required=\"true\" aria-invalid=\"false\" placeholder=\"Ville *\" \/><\/span><br \/>\n\t\t<span class=\"wpcf7-form-control-wrap Codigopostal\"><input type=\"text\" name=\"Codigopostal\" value=\"\" size=\"40\" class=\"wpcf7-form-control wpcf7-text wpcf7-validates-as-required\" aria-required=\"true\" aria-invalid=\"false\" placeholder=\"Code postal *\" \/><\/span>\n\t<\/div>\n<div class=\"col-md-6\">\n\t\t<span class=\"wpcf7-form-control-wrap e-mail\"><input type=\"email\" name=\"e-mail\" value=\"\" size=\"40\" class=\"wpcf7-form-control wpcf7-text wpcf7-email wpcf7-validates-as-required wpcf7-validates-as-email\" aria-required=\"true\" aria-invalid=\"false\" placeholder=\"E-mail *\" \/><\/span><br \/>\n\t\t<span class=\"wpcf7-form-control-wrap Telefono\"><input type=\"tel\" name=\"Telefono\" value=\"\" size=\"40\" class=\"wpcf7-form-control wpcf7-text wpcf7-tel wpcf7-validates-as-required wpcf7-validates-as-tel\" aria-required=\"true\" aria-invalid=\"false\" placeholder=\"T\u00e9l\u00e9phone *\" \/><\/span><br \/>\n\t\t<span class=\"wpcf7-form-control-wrap mensaje\"><textarea name=\"mensaje\" cols=\"40\" rows=\"10\" class=\"wpcf7-form-control wpcf7-textarea wpcf7-validates-as-required\" aria-required=\"true\" aria-invalid=\"false\" placeholder=\"Ecrire ici votre message... *\"><\/textarea><\/span>\n\t<\/div>\n<div class=\"col-md-12 padding-0\" style=\"line-height: 19px;\">\n<p class=\"float-left size-text-16\"><strong>Code de s\u00e9curit\u00e9:<\/strong> Afin d\u00b4\u00e9viter les <i>Spams<\/i>, merci de remplir le code suivant *<\/p>\n<p class=\"col-md-1\"><input type=\"hidden\" name=\"_wpcf7_captcha_challenge_captcha-564\" value=\"154733304\" \/><img class=\"wpcf7-form-control wpcf7-captchac wpcf7-captcha-captcha-564\" width=\"72\" height=\"24\" alt=\"captcha\" src=\"https:\/\/www.tradingfilms.com\/fr\/wp-content\/uploads\/sites\/6\/wpcf7_captcha\/154733304.png\" \/><\/p>\n<div class=\"col-md-6\">\n<p style=\"margin-top: 19px;\" class=\"col-md-1\"><span class=\"wpcf7-form-control-wrap captcha-564\"><input type=\"text\" name=\"captcha-564\" value=\"\" size=\"40\" class=\"wpcf7-form-control wpcf7-captchar\" autocomplete=\"off\" aria-invalid=\"false\" \/><\/span><\/p>\n<\/div>\n<\/div>\n<div class=\"col-md-12 padding-0\">\n\t\t<span class=\"aceptar-politica size-text-16\" style=\"margin-top: -10px !important;\"><span class=\"wpcf7-form-control-wrap Politica\"><span class=\"wpcf7-form-control wpcf7-checkbox wpcf7-validates-as-required\"><span class=\"wpcf7-list-item first last\"><label><input type=\"checkbox\" name=\"Politica[]\" value=\"\" \/><span class=\"wpcf7-list-item-label\"><\/span><\/label><\/span><\/span><\/span> <span class=\"txt-black\">J\u00b4ai lu et j\u00b4accepte <\/span><a href=\"http:\/\/www.tradingfilms.com\/fr\/aviso-legal-y-politica-privacidad\/\"> l\u00b4avis l\u00e9gal et la politique de privacit\u00e9.<\/a><\/span>\n\t<\/div>\n<div class=\"col-md-12 padding-0\">\n<div class=\"hidden-lg hidden-md hidden-sm\">\n<p>&nbsp;<\/p>\n<p>&nbsp;<\/p>\n<\/div>\n<p>\t\t<span class=\"campos-requeridos\">* Champs obligatoires.<\/span>\n\t<\/div>\n<div class=\"col-md-12\">\n<div class=\"hidden-lg hidden-md hidden-sm\">\n<p>&nbsp;<\/p>\n<p>&nbsp;<\/p>\n<\/div>\n<p>\t\t<input type=\"submit\" value=\"ENVOYER MESSAGE\" class=\"wpcf7-form-control wpcf7-submit\" \/>\n\t<\/p><\/div>\n<\/div>\n<div class=\"wpcf7-response-output\" aria-hidden=\"true\"><\/div><\/form><\/div>[\/vc_column][\/vc_row]<\/p>\n","protected":false},"excerpt":{"rendered":"<p>[vc_row][vc_column width=&#8221;1\/4&#8243; css=&#8221;.vc_custom_1441208858295{padding-top: 8px !important;}&#8221;][vc_wp_custommenu nav_menu=&#8221;32&#8243; title=&#8221;Nos services&#8221;][\/vc_column][vc_column width=&#8221;3\/4&#8243; css=&#8221;.vc_custom_1441208963903{padding-top: 15px !important;}&#8221;][vc_column_text] SERVICES TRADING FILMS [\/vc_column_text][vc_empty_space][vc_gallery type=&#8221;flexslider_slide&#8221; interval=&#8221;3&#8243; images=&#8221;1940,1941,1942,1943,1944,1945,1946&#8243; img_size=&#8221;full&#8221; el_class=&#8221;slider-productos&#8221;][vc_column_text] Trading Films offre des services de d\u00e9coupe, de micro et macro perforation et de formats. Notre \u00e9quipe de professionnels&#8230;<\/p>\n","protected":false},"author":1,"featured_media":0,"parent":0,"menu_order":3,"comment_status":"closed","ping_status":"closed","template":"","meta":[],"_links":{"self":[{"href":"https:\/\/www.tradingfilms.com\/fr\/wp-json\/wp\/v2\/pages\/1608"}],"collection":[{"href":"https:\/\/www.tradingfilms.com\/fr\/wp-json\/wp\/v2\/pages"}],"about":[{"href":"https:\/\/www.tradingfilms.com\/fr\/wp-json\/wp\/v2\/types\/page"}],"author":[{"embeddable":true,"href":"https:\/\/www.tradingfilms.com\/fr\/wp-json\/wp\/v2\/users\/1"}],"replies":[{"embeddable":true,"href":"https:\/\/www.tradingfilms.com\/fr\/wp-json\/wp\/v2\/comments?post=1608"}],"version-history":[{"count":41,"href":"https:\/\/www.tradingfilms.com\/fr\/wp-json\/wp\/v2\/pages\/1608\/revisions"}],"predecessor-version":[{"id":2535,"href":"https:\/\/www.tradingfilms.com\/fr\/wp-json\/wp\/v2\/pages\/1608\/revisions\/2535"}],"wp:attachment":[{"href":"https:\/\/www.tradingfilms.com\/fr\/wp-json\/wp\/v2\/media?parent=1608"}],"curies":[{"name":"wp","href":"https:\/\/api.w.org\/{rel}","templated":true}]}}