{"id":1629,"date":"2015-09-02T10:48:15","date_gmt":"2015-09-02T10:48:15","guid":{"rendered":"http:\/\/www.tradingfilms.com\/fr\/?page_id=1629"},"modified":"2017-05-18T11:37:58","modified_gmt":"2017-05-18T11:37:58","slug":"noticias","status":"publish","type":"page","link":"https:\/\/www.tradingfilms.com\/fr\/noticias\/","title":{"rendered":"Actualit\u00e9s"},"content":{"rendered":"<div id=\"wpmem_restricted_msg\"><p>Este contenido est\u00e1 restringido a los miembros del sitio. Si usted es un usuario existente, por favor con\u00e9ctese. Los nuevos usuarios pueden registrarse a continuaci\u00f3n.<\/p><\/div>","protected":false},"excerpt":{"rendered":"<p>Este contenido est\u00e1 restringido a los miembros del sitio. Si usted es un usuario existente, por favor con\u00e9ctese. Los nuevos usuarios pueden registrarse a continuaci\u00f3n.<\/p>\n","protected":false},"author":1,"featured_media":0,"parent":0,"menu_order":4,"comment_status":"closed","ping_status":"closed","template":"","meta":[],"_links":{"self":[{"href":"https:\/\/www.tradingfilms.com\/fr\/wp-json\/wp\/v2\/pages\/1629"}],"collection":[{"href":"https:\/\/www.tradingfilms.com\/fr\/wp-json\/wp\/v2\/pages"}],"about":[{"href":"https:\/\/www.tradingfilms.com\/fr\/wp-json\/wp\/v2\/types\/page"}],"author":[{"embeddable":true,"href":"https:\/\/www.tradingfilms.com\/fr\/wp-json\/wp\/v2\/users\/1"}],"replies":[{"embeddable":true,"href":"https:\/\/www.tradingfilms.com\/fr\/wp-json\/wp\/v2\/comments?post=1629"}],"version-history":[{"count":11,"href":"https:\/\/www.tradingfilms.com\/fr\/wp-json\/wp\/v2\/pages\/1629\/revisions"}],"predecessor-version":[{"id":2542,"href":"https:\/\/www.tradingfilms.com\/fr\/wp-json\/wp\/v2\/pages\/1629\/revisions\/2542"}],"wp:attachment":[{"href":"https:\/\/www.tradingfilms.com\/fr\/wp-json\/wp\/v2\/media?parent=1629"}],"curies":[{"name":"wp","href":"https:\/\/api.w.org\/{rel}","templated":true}]}}