{"id":1690,"date":"2015-09-02T12:50:06","date_gmt":"2015-09-02T12:50:06","guid":{"rendered":"http:\/\/www.tradingfilms.com\/fr\/?page_id=1690"},"modified":"2017-05-18T11:03:02","modified_gmt":"2017-05-18T11:03:02","slug":"productos","status":"publish","type":"page","link":"https:\/\/www.tradingfilms.com\/fr\/productos\/","title":{"rendered":"Produits"},"content":{"rendered":"<p>[vc_row css=&#8221;.vc_custom_1441269064620{padding-top: 10px !important;}&#8221;][vc_column][vc_column_text]<\/p>\n<p><!--galerias por productos--><\/p>\n<div id=\"gal-aluminios-fr\">\n[vc_gallery type=&#8221;flexslider_slide&#8221; interval=&#8221;3&#8243; images=&#8221;2080,2081&#8243; img_size=&#8221;full&#8221; onclick=&#8221;&#8221; el_class=&#8221;slider-productos&#8221;]<\/p>\n<h5><strong>Foil d&#8217;Aluminium<\/strong><\/h5>\n<p>Ce mat\u00e9riel est pratiquement irrempla\u00e7able quand nous parlons de protection totale aux gaz, \u00e0 la lumi\u00e8re, \u00e0 la vapeur d&#8217;eau et \u00e0 l&#8217;ar\u00f4me. Il est toujours utilis\u00e9 comme l&#8217;une des couches de la structure dans un complexe en le laminant avec d&#8217;autres mat\u00e9riels tels que le PE, le PET, etc.\n<\/p><\/div>\n<div id=\"gal-poliamidas-fr\">\n[vc_gallery type=&#8221;flexslider_slide&#8221; interval=&#8221;3&#8243; images=&#8221;2082,2083,2084&#8243; img_size=&#8221;full&#8221; onclick=&#8221;&#8221; el_class=&#8221;slider-productos&#8221;]<\/p>\n<h5><strong>Films de BOPA<\/strong><\/h5>\n<p>Le polyamide bi-orient\u00e9 (BOPA) est un mat\u00e9riel transparent pr\u00e9sentant d&#8217;excellentes propri\u00e9t\u00e9s barri\u00e8re \u00e0 l&#8217;oxyg\u00e8ne et \u00e0 d&#8217;autres gaz tels que l&#8217;h\u00e9lium. D&#8217;un autre c\u00f4t\u00e9, sa barri\u00e8re \u00e0 la vapeur d&#8217;eau est tr\u00e8s forte car ce produit est hygroscopique (il absorbe l&#8217;humidit\u00e9 de l&#8217;air). La polyamide pr\u00e9sente \u00e9galement une haute r\u00e9sistance \u00e0 la ponction et \u00e0 l&#8217;\u00e9tirement et supporte des processus thermiques \u00e0 de hautes temp\u00e9ratures.\n<\/p><\/div>\n<div id=\"gal-poliesteres-fr\">\n[vc_gallery type=&#8221;flexslider_slide&#8221; interval=&#8221;3&#8243; images=&#8221;2085,2086,2087&#8243; img_size=&#8221;full&#8221; onclick=&#8221;&#8221; el_class=&#8221;slider-productos&#8221;]<\/p>\n<h5><strong>Films de PET<\/strong><\/h5>\n<p>Le Polyester (PET) est l&#8217;un des mat\u00e9riels les plus importants dans l&#8217;emballage flexible de par ses propri\u00e9t\u00e9s m\u00e9caniques exceptionnelles et de par sa r\u00e9sistance \u00e0 la temp\u00e9rature, ce qui le rend indispensable dans les processus thermiques qui requi\u00e8rent des temp\u00e9ratures sup\u00e9rieures \u00e0 150-180\u00baC.\n<\/p><\/div>\n<div id=\"gal-polipropilenos-fr\">\n[vc_gallery type=&#8221;flexslider_slide&#8221; interval=&#8221;3&#8243; images=&#8221;2088,2089&#8243; img_size=&#8221;full&#8221; onclick=&#8221;&#8221; el_class=&#8221;slider-productos&#8221;]<\/p>\n<h5><strong>Films de BOPP<\/strong><\/h5>\n<p>Le polypropyl\u00e8ne bi-orient\u00e9 (BOPP) est un film bien plus clair que le poly\u00e9thyl\u00e8ne (PE). De plus, il est \u00e9galement plus rigide et plus r\u00e9sistant. Il a une plus faible perm\u00e9abilit\u00e9 au gaz et \u00e0 l&#8217;humidit\u00e9, mais il a un point de fusion sup\u00e9rieur au PE et peut \u00eatre utilis\u00e9 dans des emballages qui requi\u00e8rent une certaine temp\u00e9rature.\n<\/p><\/div>\n<p><!--galerias por mercado--><\/p>\n<div id=\"gal-artes-graficas-fr\">\n[vc_gallery type=&#8221;flexslider_slide&#8221; interval=&#8221;3&#8243; images=&#8221;2090,2091,2092,2093,2094&#8243; img_size=&#8221;full&#8221; onclick=&#8221;&#8221; el_class=&#8221;slider-productos&#8221;]<\/p>\n<h5><strong>Films de PET<\/strong><\/h5>\n<p>Le Polyester (PET) est l&#8217;un des mat\u00e9riels les plus importants dans l&#8217;emballage flexible de par ses propri\u00e9t\u00e9s m\u00e9caniques exceptionnelles et de par sa r\u00e9sistance \u00e0 la temp\u00e9rature, ce qui le rend indispensable dans les processus thermiques qui requi\u00e8rent des temp\u00e9ratures sup\u00e9rieures \u00e0 150-180\u00baC.<\/p>\n<h5><strong>Films de BOPP<\/strong><\/h5>\n<p>Le polypropyl\u00e8ne bi-orient\u00e9 (BOPP) est un film bien plus clair que le poly\u00e9thyl\u00e8ne (PE). De plus, il est \u00e9galement plus rigide et plus r\u00e9sistant. Il a une plus faible perm\u00e9abilit\u00e9 au gaz et \u00e0 l&#8217;humidit\u00e9, mais il a un point de fusion sup\u00e9rieur au PE et peut \u00eatre utilis\u00e9 dans des emballages qui requi\u00e8rent une certaine temp\u00e9rature.\n<\/p><\/div>\n<div id=\"gal-embalaje-flexible-fr\">\n[vc_gallery type=&#8221;flexslider_slide&#8221; interval=&#8221;3&#8243; images=&#8221;2095,2096,2097,2098,2099,2100&#8243; img_size=&#8221;full&#8221; onclick=&#8221;&#8221; el_class=&#8221;slider-productos&#8221;]<\/p>\n<h5><strong>Films de PET<\/strong><\/h5>\n<p>Le Polyester (PET) est l&#8217;un des mat\u00e9riels les plus importants dans l&#8217;emballage flexible de par ses propri\u00e9t\u00e9s m\u00e9caniques exceptionnelles et de par sa r\u00e9sistance \u00e0 la temp\u00e9rature, ce qui le rend indispensable dans les processus thermiques qui requi\u00e8rent des temp\u00e9ratures sup\u00e9rieures \u00e0 150-180\u00baC.<\/p>\n<h5><strong>Films de BOPP<\/strong><\/h5>\n<p>Le polypropyl\u00e8ne bi-orient\u00e9 (BOPP) est un film bien plus clair que le poly\u00e9thyl\u00e8ne (PE). De plus, il est \u00e9galement plus rigide et plus r\u00e9sistant. Il a une plus faible perm\u00e9abilit\u00e9 au gaz et \u00e0 l&#8217;humidit\u00e9, mais il a un point de fusion sup\u00e9rieur au PE et peut \u00eatre utilis\u00e9 dans des emballages qui requi\u00e8rent une certaine temp\u00e9rature.<\/p>\n<h5><strong>Films de BOPA<\/strong><\/h5>\n<p>Le polyamide bi-orient\u00e9 (BOPA) est un mat\u00e9riel transparent pr\u00e9sentant d&#8217;excellentes propri\u00e9t\u00e9s barri\u00e8re \u00e0 l&#8217;oxyg\u00e8ne et \u00e0 d&#8217;autres gaz tels que l&#8217;h\u00e9lium. D&#8217;un autre c\u00f4t\u00e9, sa barri\u00e8re \u00e0 la vapeur d&#8217;eau est tr\u00e8s forte car ce produit est hygroscopique (il absorbe l&#8217;humidit\u00e9 de l&#8217;air). La polyamide pr\u00e9sente \u00e9galement une haute r\u00e9sistance \u00e0 la ponction et \u00e0 l&#8217;\u00e9tirement et supporte des processus thermiques \u00e0 de hautes temp\u00e9ratures. <\/p>\n<h5><strong>Foil d&#8217;Aluminium<\/strong><\/h5>\n<p>Ce mat\u00e9riel est pratiquement irrempla\u00e7able quand nous parlons de protection totale aux gaz, \u00e0 la lumi\u00e8re, \u00e0 la vapeur d&#8217;eau et \u00e0 l&#8217;ar\u00f4me. Il est toujours utilis\u00e9 comme l&#8217;une des couches de la structure dans un complexe en le laminant avec d&#8217;autres mat\u00e9riels tels que le PE, le PET, etc.\n<\/p><\/div>\n<div id=\"gal-etiquetas-fr\">\n[vc_gallery type=&#8221;flexslider_slide&#8221; interval=&#8221;3&#8243; images=&#8221;2101,2102,2103,2104,2105&#8243; img_size=&#8221;full&#8221; onclick=&#8221;&#8221; el_class=&#8221;slider-productos&#8221;]<\/p>\n<h5><strong>Films de PET<\/strong><\/h5>\n<p>Le Polyester (PET) est l&#8217;un des mat\u00e9riels les plus importants dans l&#8217;emballage flexible de par ses propri\u00e9t\u00e9s m\u00e9caniques exceptionnelles et de par sa r\u00e9sistance \u00e0 la temp\u00e9rature, ce qui le rend indispensable dans les processus thermiques qui requi\u00e8rent des temp\u00e9ratures sup\u00e9rieures \u00e0 150-180\u00baC.<\/p>\n<h5><strong>Films de BOPP<\/strong><\/h5>\n<p>Le polypropyl\u00e8ne bi-orient\u00e9 (BOPP) est un film bien plus clair que le poly\u00e9thyl\u00e8ne (PE). De plus, il est \u00e9galement plus rigide et plus r\u00e9sistant. Il a une plus faible perm\u00e9abilit\u00e9 au gaz et \u00e0 l&#8217;humidit\u00e9, mais il a un point de fusion sup\u00e9rieur au PE et peut \u00eatre utilis\u00e9 dans des emballages qui requi\u00e8rent une certaine temp\u00e9rature.\n<\/p><\/div>\n<div id=\"gal-industrial-fr\">\n[vc_gallery type=&#8221;flexslider_slide&#8221; interval=&#8221;3&#8243; images=&#8221;2106,2107,2108,2109&#8243; img_size=&#8221;full&#8221; onclick=&#8221;&#8221; el_class=&#8221;slider-productos&#8221;]<\/p>\n<h5><strong>Films de PET<\/strong><\/h5>\n<p>Le Polyester (PET) est l&#8217;un des mat\u00e9riels les plus importants dans l&#8217;emballage flexible de par ses propri\u00e9t\u00e9s m\u00e9caniques exceptionnelles et de par sa r\u00e9sistance \u00e0 la temp\u00e9rature, ce qui le rend indispensable dans les processus thermiques qui requi\u00e8rent des temp\u00e9ratures sup\u00e9rieures \u00e0 150-180\u00baC.<\/p>\n<h5><strong>Films de BOPP<\/strong><\/h5>\n<p>Le polypropyl\u00e8ne bi-orient\u00e9 (BOPP) est un film bien plus clair que le poly\u00e9thyl\u00e8ne (PE). De plus, il est \u00e9galement plus rigide et plus r\u00e9sistant. Il a une plus faible perm\u00e9abilit\u00e9 au gaz et \u00e0 l&#8217;humidit\u00e9, mais il a un point de fusion sup\u00e9rieur au PE et peut \u00eatre utilis\u00e9 dans des emballages qui requi\u00e8rent une certaine temp\u00e9rature.\n<\/p><\/div>\n<p>[\/vc_column_text][\/vc_column][\/vc_row]<\/p>\n","protected":false},"excerpt":{"rendered":"<p>[vc_row css=&#8221;.vc_custom_1441269064620{padding-top: 10px !important;}&#8221;][vc_column][vc_column_text] [vc_gallery type=&#8221;flexslider_slide&#8221; interval=&#8221;3&#8243; images=&#8221;2080,2081&#8243; img_size=&#8221;full&#8221; onclick=&#8221;&#8221; el_class=&#8221;slider-productos&#8221;] Foil d&#8217;Aluminium Ce mat\u00e9riel est pratiquement irrempla\u00e7able quand nous parlons de protection totale aux gaz, \u00e0 la lumi\u00e8re, \u00e0 la vapeur d&#8217;eau et \u00e0 l&#8217;ar\u00f4me. Il est toujours utilis\u00e9&#8230;<\/p>\n","protected":false},"author":1,"featured_media":0,"parent":0,"menu_order":2,"comment_status":"closed","ping_status":"closed","template":"page-productos.php","meta":[],"_links":{"self":[{"href":"https:\/\/www.tradingfilms.com\/fr\/wp-json\/wp\/v2\/pages\/1690"}],"collection":[{"href":"https:\/\/www.tradingfilms.com\/fr\/wp-json\/wp\/v2\/pages"}],"about":[{"href":"https:\/\/www.tradingfilms.com\/fr\/wp-json\/wp\/v2\/types\/page"}],"author":[{"embeddable":true,"href":"https:\/\/www.tradingfilms.com\/fr\/wp-json\/wp\/v2\/users\/1"}],"replies":[{"embeddable":true,"href":"https:\/\/www.tradingfilms.com\/fr\/wp-json\/wp\/v2\/comments?post=1690"}],"version-history":[{"count":43,"href":"https:\/\/www.tradingfilms.com\/fr\/wp-json\/wp\/v2\/pages\/1690\/revisions"}],"predecessor-version":[{"id":2532,"href":"https:\/\/www.tradingfilms.com\/fr\/wp-json\/wp\/v2\/pages\/1690\/revisions\/2532"}],"wp:attachment":[{"href":"https:\/\/www.tradingfilms.com\/fr\/wp-json\/wp\/v2\/media?parent=1690"}],"curies":[{"name":"wp","href":"https:\/\/api.w.org\/{rel}","templated":true}]}}