{"id":1721,"date":"2015-09-03T07:24:45","date_gmt":"2015-09-03T07:24:45","guid":{"rendered":"http:\/\/www.tradingfilms.com\/fr\/politica-de-cookies\/"},"modified":"2017-05-18T11:27:56","modified_gmt":"2017-05-18T11:27:56","slug":"politica-de-cookies","status":"publish","type":"page","link":"https:\/\/www.tradingfilms.com\/fr\/politica-de-cookies\/","title":{"rendered":"Politique de cookies"},"content":{"rendered":"<p>[vc_row][vc_column][vc_column_text]<\/p>\n<h1>POLITIQUE DE COOKIES<\/h1>\n<p style=\"font-size: 16px; line-height: 1.3;\">TRADING FILMS, S.L.\u00a0<strong>pour son propre compte ou celui d\u00b4un sous-traitant pour la prestation de services de statistiques, peut utiliser les cookies lorsqu\u00b4un utilisateur navigue sur le site. Les cookies sont des fichiers envoy\u00e9s au navigateur gr\u00e2ce \u00e0 un service web dont la finalit\u00e9 est d\u00b4enregistrer les activit\u00e9s de l\u00b4utilisateur durant son temps de navigation.<\/strong><\/p>\n<p style=\"font-size: 16px; line-height: 1.3;\">Les cookies utilis\u00e9s sont associ\u00e9s uniquement avec un utilisateur anonyme et son ordinateur, et ne transmettent en aucun cas les donn\u00e9es personnelles de l\u00b4utilisateur.<\/p>\n<p style=\"font-size: 16px; line-height: 1.3;\"><strong>Au travers de l\u00b4utilisation de cookies, il est possible que le serveur reconnaisse le type de navigateur web utilis\u00e9 par l\u00b4utilisateur avec comme finalit\u00e9 la simplification de la navigation.<\/strong> Ils s\u00b4utilisent aussi pour mesurer les param\u00e8tres li\u00e9s au trafic et contr\u00f4ler le processus et le nombre de visites.<\/p>\n<p style=\"font-size: 16px; line-height: 1.3;\"><strong>L\u00b4utilisateur a la possibilit\u00e9 de configurer son navigateur afin d\u00b4\u00eatre avis\u00e9 de la r\u00e9ception de cookies et d\u00b4interdire son installation sur son \u00e9quipement.<\/strong> Merci de consulter les instructions et manuels de votre navigateur web pour plus d\u00b4informations.<\/p>\n<p style=\"font-size: 16px; line-height: 1.3;\">Pour l\u00b4utilisation du site il n\u00b4est pas n\u00e9cessaire que l\u00b4utilisateur permette l\u00b4installation de cookies envoy\u00e9s au site web, ou le tiers actant en son nom, sans pr\u00e9judice de l\u00b4obligation d\u00b4ouvrir une session pour chacun des services dont la prestation requi\u00e8re une ouverture de session.<\/p>\n<p style=\"font-size: 16px; line-height: 1.3;\">Dans tous les cas, <strong>les cookies ont un caract\u00e8re temporaire <\/strong>dont la seule finalit\u00e9 est de faciliter sa prochaine transmission. Dans aucun cas il sera utilis\u00e9 pour recueillir des informations personnelles..<\/p>\n<p>[\/vc_column_text][\/vc_column][\/vc_row]<\/p>\n","protected":false},"excerpt":{"rendered":"<p>[vc_row][vc_column][vc_column_text] POLITIQUE DE COOKIES TRADING FILMS, S.L.\u00a0pour son propre compte ou celui d\u00b4un sous-traitant pour la prestation de services de statistiques, peut utiliser les cookies lorsqu\u00b4un utilisateur navigue sur le site. Les cookies sont des fichiers envoy\u00e9s au navigateur gr\u00e2ce&#8230;<\/p>\n","protected":false},"author":1,"featured_media":0,"parent":0,"menu_order":11,"comment_status":"closed","ping_status":"closed","template":"","meta":[],"_links":{"self":[{"href":"https:\/\/www.tradingfilms.com\/fr\/wp-json\/wp\/v2\/pages\/1721"}],"collection":[{"href":"https:\/\/www.tradingfilms.com\/fr\/wp-json\/wp\/v2\/pages"}],"about":[{"href":"https:\/\/www.tradingfilms.com\/fr\/wp-json\/wp\/v2\/types\/page"}],"author":[{"embeddable":true,"href":"https:\/\/www.tradingfilms.com\/fr\/wp-json\/wp\/v2\/users\/1"}],"replies":[{"embeddable":true,"href":"https:\/\/www.tradingfilms.com\/fr\/wp-json\/wp\/v2\/comments?post=1721"}],"version-history":[{"count":4,"href":"https:\/\/www.tradingfilms.com\/fr\/wp-json\/wp\/v2\/pages\/1721\/revisions"}],"predecessor-version":[{"id":2540,"href":"https:\/\/www.tradingfilms.com\/fr\/wp-json\/wp\/v2\/pages\/1721\/revisions\/2540"}],"wp:attachment":[{"href":"https:\/\/www.tradingfilms.com\/fr\/wp-json\/wp\/v2\/media?parent=1721"}],"curies":[{"name":"wp","href":"https:\/\/api.w.org\/{rel}","templated":true}]}}