{"id":1723,"date":"2015-09-03T07:46:15","date_gmt":"2015-09-03T07:46:15","guid":{"rendered":"http:\/\/www.tradingfilms.com\/fr\/?page_id=1723"},"modified":"2021-11-12T10:17:39","modified_gmt":"2021-11-12T10:17:39","slug":"aviso-legal-y-politica-privacidad","status":"publish","type":"page","link":"https:\/\/www.tradingfilms.com\/fr\/aviso-legal-y-politica-privacidad\/","title":{"rendered":"Avis l\u00e9gal et politique de privacit\u00e9"},"content":{"rendered":"<p>[vc_row][vc_column][vc_column_text]<\/p>\n<h2><span style=\"color: #000000;\">DONN\u00c9ES G\u00c9N\u00c9RALES<\/span><\/h2>\n<p style=\"font-size: 16px; line-height: 1.3;\"><strong>En accord avec l\u00b4article 10 de la loi 34\/2002 du 11 juillet des services de la soci\u00e9t\u00e9 de l\u00b4information et du commerce \u00e9lectronique nous mettons \u00e0 votre disposition les donn\u00e9es suivantes:<\/strong><\/p>\n<p style=\"font-size: 16px; line-height: 1.3;\">TRADING FILMS, S.L. domicili\u00e9e C\/ Barcelona 1, Nave B, 08850 Gav\u00e0 (Barcelona), VAT ESB65606527. Inscrit au registre du commerce de BARCELONE, Tome 42690, folio 13, feuille B414372, premi\u00e8re inscription.<\/p>\n<p style=\"font-size: 16px; line-height: 1.3;\">Sur la page web www.tradingfilms.com apparaissent des contenus \u00e0 caract\u00e8re informatifs sur l\u00b4activit\u00e9 de la soci\u00e9t\u00e9 TRADING FILMS, S.L.<\/p>\n<p style=\"font-size: 16px; line-height: 1.3;\"><strong><strong>Son principal objectif<\/strong> est de mettre \u00e0 disposition de nos clients et du public l\u00b4information relative \u00e0 la soci\u00e9t\u00e9, ses produits et les services qu\u00b4elle offre.<\/strong><\/p>\n<h2><span style=\"color: #000000;\">POLITIQUE DE CONFIDENCIALIT\u00c9<\/span><\/h2>\n<p style=\"font-size: 16px; line-height: 1.3;\">En accord avec la disposition de la <strong>loi organique 15\/1999 du 13 d\u00e9cembre sur la protection des donn\u00e9es \u00e0 caract\u00e8re personnelle (LOPD) <\/strong>l\u00b4utilisateur est inform\u00e9 que les donn\u00e9es recueillis seront incorpor\u00e9es \u00e0 un fichier, cr\u00e9e et d\u00e9tenu sous la responsabilit\u00e9 de TRADING FILMS, S.L.<\/p>\n<p style=\"font-size: 16px; line-height: 1.3;\"><strong>La confidentialit\u00e9 de vos donn\u00e9es sera seulement<\/strong> utilis\u00e9e dans le but de g\u00e9rer les services offerts, r\u00e9pondre \u00e0 vos demandes, r\u00e9aliser des t\u00e2ches administratives, comme l\u00b4envoi de documentation technique, commerciale et publicitaire par voie normale ou \u00e9lectronique.<\/p>\n<p style=\"font-size: 16px; line-height: 1.3;\">Pour exercer vos droits d\u00b4opposition, rectification ou annulation, merci de le communiquer au si\u00e8ge de la soci\u00e9t\u00e9 C\/ Barcelona 1, Nave B, 08850 Gav\u00e0 (Barcelona), nous \u00e9crire au mail suivant : admin@tradingfilms.com ou nous appeler au 932 776 861<\/p>\n<h2><span style=\"color: #000000;\">CONDITIONS D\u00b4UTILISATION<\/span><\/h2>\n<p style=\"font-size: 16px; line-height: 1.3;\"><strong>Les conditions d\u00b4acc\u00e8s et l\u00b4utilisation du pr\u00e9sent site web sont r\u00e9gies par les lois en vigueurs et par le principe de bonne foi<\/strong> compromettant l\u00b4utilisateur au bon usage du site. Les conduites allant \u00e0 l\u00b4encontre des lois, des droits et int\u00e9r\u00eats des personnes sont interdites<\/p>\n<p style=\"font-size: 16px; line-height: 1.3;\">\u00catre utilisateur du site www.tradingfilms.com implique que l\u00b4utilisateur a lu et accepter les pr\u00e9sentes conditions et celles qui s\u00b4\u00e9tendent aux normes l\u00e9gales applicable en la mati\u00e8re. Si pour n\u00b4importe quel motif l\u00b4utilisateur n\u00b4est pas d\u00b4accord avec ces conditions il devra sortir de ce site.<\/p>\n<p style=\"font-size: 16px; line-height: 1.3;\"><strong>N\u00b4importe quel type de notification et\/ou r\u00e9clamation sera valid\u00e9 seulement par courrier recommand\u00e9.<\/strong><\/p>\n<h2><span style=\"color: #000000;\">RESPONSABILIT\u00c9S<\/span><\/h2>\n<p style=\"font-size: 16px; line-height: 1.3;\">TRADING FILMS, S.L. <strong>ne peut \u00eatre tenue pour responsable des informations contenues dans les forums, r\u00e9seaux sociaux ou autres moyens <\/strong>qui permettent \u00e0 des tiers de publier du contenu de mani\u00e8re ind\u00e9pendante sur la page web du prestataire.<\/p>\n<p style=\"font-size: 16px; line-height: 1.3;\">Cependant, et en tenant compte des articles 11 et 16 de la LSI-CE, TRADING FILMS, S.L. <strong>se compromet \u00e0 retirer ou bloquer tous les contenus qui pourraient affecter ou contrevenir \u00e0 la l\u00e9gislation nationale et internationale<\/strong>, droits aux personnes, \u00e0 la morale et \u00e0 l\u00b4ordre public.<\/p>\n<p style=\"font-size: 16px; line-height: 1.3;\"><strong>La soci\u00e9t\u00e9 ne pourra \u00eatre tenue pour responsable des dommages et pr\u00e9judices occasionn\u00e9es par la mauvaise installation et\/ou utilisation des programmes install\u00e9s sur l\u00b4ordinateur de l\u00b4internaute.<\/strong> Toute responsabilit\u00e9 sera exclue pour incidence technique ou faute se produisant lorsque l\u00b4internaute se connecte \u00e0 internet. La soci\u00e9t\u00e9 ne pourra \u00eatre tenue pour responsable en cas d\u00b4interruption ou d\u00b4erreur d\u00b4acc\u00e8s au site.<\/p>\n<p style=\"font-size: 16px; line-height: 1.3;\">De la m\u00eame fa\u00e7on, TRADING FILMS, S.L., <strong>se r\u00e9serve le droit d\u00b4actualiser, de modifier ou d\u00b4\u00e9liminer l\u00b4information contenue sur sa page web, comme la configuration ou pr\u00e9sentation du site<\/strong>, \u00e0 n\u00b4importe quel moment et sans pr\u00e9avis sans en assumer la responsabilit\u00e9<\/p>\n<p style=\"font-size: 16px; line-height: 1.3;\">Nous vous informons que les prix pr\u00e9sents sur notre site sont \u00e0 titre orientatif. Si l\u00b4utilisateur souhaite connaitre le prix exact ou si le produit b\u00e9n\u00e9ficie d\u00b4une remise, il devra le solliciter au d\u00e9partement commercial de TRADING FILMS, S.L.<\/p>\n<h2><span style=\"color: #000000;\">PROPRI\u00c9T\u00c9 INTELECTUELLE ET INDUSTRIELLE<\/span><\/h2>\n<p style=\"font-size: 16px; line-height: 1.3;\">TRADING FILMS, S.L. <strong>est propri\u00e9taire de tous les droits sur le software de publication digital ainsi que de tous les droits de propri\u00e9t\u00e9s industrielles et intellectuelles se r\u00e9f\u00e9rant au contenu inclus sur le site<\/strong>, \u00e0 l\u00b4exception des droits sur les produits et services \u00e0 caract\u00e8re public n\u00b4\u00e9tant pas de sa propri\u00e9t\u00e9.<\/p>\n<p style=\"font-size: 16px; line-height: 1.3;\"><strong>Aucun mat\u00e9riel publi\u00e9 sur ce site ne peut \u00eatre reproduit, copi\u00e9 ou publi\u00e9<\/strong> sans le consentement par \u00e9crit de TRADING FILMS, S.L.<\/p>\n<p style=\"font-size: 16px; line-height: 1.3;\"><strong>Toute l\u00b4information re\u00e7ue au travers de ce site, comme les commentaires, suggestions ou id\u00e9es sera consid\u00e9r\u00e9 comme c\u00e9d\u00e9e<\/strong> \u00e0 TRADING FILMS, S.L. de mani\u00e8re gratuite. Il ne devra \u00eatre envoy\u00e9 d\u00b4informations ne rentrant pas dans cette optique.<\/p>\n<p style=\"font-size: 16px; line-height: 1.3;\">Tous les produits et services de ce site qui ne sont PAS propri\u00e9t\u00e9 de TRADING FILMS, S.L. sont des marques d\u00e9pos\u00e9es de leur propri\u00e9taires respectifs et sont reconnus comme tel par notre soci\u00e9t\u00e9. Ils apparaissent sur notre site a titre de publicit\u00e9, promotion et de recompilation d\u00b4informations. Leurs propri\u00e9taires peuvent solliciter a tout moment la modification ou l\u00b4\u00e9limination de ces informations.<\/p>\n<h2><span style=\"color: #000000;\">LOI APPLICABLE ET JURIDICTION<\/span><\/h2>\n<p style=\"font-size: 16px; line-height: 1.3;\"><strong>Les pr\u00e9sentes conditions g\u00e9n\u00e9rales sont r\u00e9gies par la l\u00e9gislation Espagnole.<\/strong><br \/>\nEn cas de litige concernant ce site ou sur son activit\u00e9, seul le tribunal de Gav\u00e0 sera comp\u00e9tant et l\u00b4utilisateur renoncera express\u00e9ment \u00e0 tout autre.<\/p>\n<p>[\/vc_column_text][\/vc_column][\/vc_row]<\/p>\n","protected":false},"excerpt":{"rendered":"<p>[vc_row][vc_column][vc_column_text] DONN\u00c9ES G\u00c9N\u00c9RALES En accord avec l\u00b4article 10 de la loi 34\/2002 du 11 juillet des services de la soci\u00e9t\u00e9 de l\u00b4information et du commerce \u00e9lectronique nous mettons \u00e0 votre disposition les donn\u00e9es suivantes: TRADING FILMS, S.L. domicili\u00e9e C\/ Barcelona&#8230;<\/p>\n","protected":false},"author":1,"featured_media":0,"parent":0,"menu_order":8,"comment_status":"closed","ping_status":"closed","template":"","meta":[],"_links":{"self":[{"href":"https:\/\/www.tradingfilms.com\/fr\/wp-json\/wp\/v2\/pages\/1723"}],"collection":[{"href":"https:\/\/www.tradingfilms.com\/fr\/wp-json\/wp\/v2\/pages"}],"about":[{"href":"https:\/\/www.tradingfilms.com\/fr\/wp-json\/wp\/v2\/types\/page"}],"author":[{"embeddable":true,"href":"https:\/\/www.tradingfilms.com\/fr\/wp-json\/wp\/v2\/users\/1"}],"replies":[{"embeddable":true,"href":"https:\/\/www.tradingfilms.com\/fr\/wp-json\/wp\/v2\/comments?post=1723"}],"version-history":[{"count":13,"href":"https:\/\/www.tradingfilms.com\/fr\/wp-json\/wp\/v2\/pages\/1723\/revisions"}],"predecessor-version":[{"id":1726,"href":"https:\/\/www.tradingfilms.com\/fr\/wp-json\/wp\/v2\/pages\/1723\/revisions\/1726"}],"wp:attachment":[{"href":"https:\/\/www.tradingfilms.com\/fr\/wp-json\/wp\/v2\/media?parent=1723"}],"curies":[{"name":"wp","href":"https:\/\/api.w.org\/{rel}","templated":true}]}}