{"id":2607,"date":"2022-05-11T07:31:14","date_gmt":"2022-05-11T07:31:14","guid":{"rendered":"https:\/\/www.tradingfilms.com\/fr\/?page_id=2607"},"modified":"2022-05-11T07:32:45","modified_gmt":"2022-05-11T07:32:45","slug":"definitions","status":"publish","type":"page","link":"https:\/\/www.tradingfilms.com\/fr\/green-packaging\/definitions\/","title":{"rendered":"D\u00e9finitions"},"content":{"rendered":"<p>[vc_row][vc_column width=&#8221;1\/3&#8243;][vc_single_image image=&#8221;2598&#8243; img_size=&#8221;full&#8221;][vc_single_image image=&#8221;2608&#8243; img_size=&#8221;full&#8221; alignment=&#8221;center&#8221; onclick=&#8221;link_image&#8221;][\/vc_column][vc_column width=&#8221;2\/3&#8243;][vc_custom_heading text=&#8221;<strong>Bioplastiques\/Biopolym\u00e8res<\/strong>&#8221; font_container=&#8221;tag:h2|font_size:32px|text_align:left|color:%23000000|line_height:42px&#8221; use_theme_fonts=&#8221;yes&#8221;][vc_column_text css=&#8221;.vc_custom_1652254363609{margin-bottom: -6px !important;padding-top: -6px !important;}&#8221;]Les bioplastiques repr\u00e9sentent une large famille de mat\u00e9riaux polym\u00e8res biod\u00e9gradables et\/ou \u00e0 base de mati\u00e8res premi\u00e8res renouvelables.<\/p>\n<p>Ces mat\u00e9riaux constituent une alternative attractive et durable aux mati\u00e8res plastiques conventionnelles. D&#8217;un c\u00f4t\u00e9, l&#8217;utilisation de mati\u00e8res premi\u00e8res d&#8217;origine naturelle permet de r\u00e9duire la d\u00e9pendance aux mat\u00e9riaux d&#8217;origine p\u00e9trochimique et les \u00e9missions de gaz \u00e0 effet de serre dans l&#8217;atmosph\u00e8re en fin de vie (30-80% selon le mat\u00e9riau et l&#8217;application). D&#8217;un autre c\u00f4t\u00e9, les mat\u00e9riaux biod\u00e9gradables offrent la possibilit\u00e9 d&#8217;\u00eatre g\u00e9r\u00e9s conjointement avec la fraction organique des autres d\u00e9chets. Par exemple, les restes de nourriture.<br \/>\nAu niveau structurel, les mat\u00e9riaux biod\u00e9gradables pr\u00e9sentent certaines limitations en termes de propri\u00e9t\u00e9s physiques, chimiques et\/ou m\u00e9caniques. N\u00e9anmoins, sa capacit\u00e9 de production actuelle est bien inf\u00e9rieure \u00e0 celle des mat\u00e9riaux conventionnels, r\u00e9duisant son potentiel de substitution et augmentant les co\u00fbts du produit final, parfois bien sup\u00e9rieurs \u00e0 ceux des mat\u00e9riaux conventionnels.<\/p>\n<p>Selon le contexte, le pr\u00e9fixe \u00ab bio \u00bb identifie diff\u00e9rents types de mat\u00e9riaux polym\u00e8res:<\/p>\n<ul>\n<li aria-level=\"1\"><b>Polym\u00e8res \u00e0 base de mati\u00e8res premi\u00e8res renouvelables<\/b> (Bio-based). Celles-ci peuvent \u00e0 leur tour \u00eatre de deux types\n<ul>\n<li aria-level=\"2\">Naturel: polym\u00e8res naturels synth\u00e9tis\u00e9s par des organismes vivants tels que les polysaccharides (amidon, cellulose), les prot\u00e9ines et les polyhydroxyalcanoates.<\/li>\n<li aria-level=\"2\">Synth\u00e9tiques: ils sont issus de ressources renouvelables mais la conversion en polym\u00e8res se fait par une transformation chimique. Ce groupe comprend le PLA, le PE d&#8217;origine naturelle (BIO-PE) et le polyamide 11 (BIO-PA) obtenu \u00e0 partir d&#8217;huile de ricin.<\/li>\n<\/ul>\n<\/li>\n<li aria-level=\"1\"><b>Polym\u00e8res biod\u00e9gradables<\/b>. Dans ce contexte, le pr\u00e9fixe \u00ab bio \u00bb met l&#8217;accent sur la biod\u00e9gradabilit\u00e9 et la possibilit\u00e9 de valorisation organique des d\u00e9chets. A cette occasion, le terme biopolym\u00e8re d\u00e9signe des polym\u00e8res susceptibles d&#8217;\u00eatre d\u00e9grad\u00e9s de mani\u00e8re a\u00e9robie (en pr\u00e9sence d&#8217;oxyg\u00e8ne) ou ana\u00e9robie (en l&#8217;absence d&#8217;oxyg\u00e8ne) par l&#8217;action de microorganismes naturellement pr\u00e9sents dans le milieu, tels que des bact\u00e9ries, des champignons et\/ou des algues.<\/li>\n<\/ul>\n<p>Parfois, le terme \u00ab biod\u00e9gradable \u00bb est remplac\u00e9 par le terme \u00ab compostable \u00bb malgr\u00e9 des significations diff\u00e9rentes. Contrairement \u00e0 un plastique biod\u00e9gradable, un mat\u00e9riau compostable est un mat\u00e9riau qui subit une d\u00e9gradation biologique lors de la formation du compost pour produire du dioxyde de carbone, de l&#8217;eau, des compos\u00e9s inorganiques et de la biomasse, \u00e0 un rythme similaire \u00e0 d&#8217;autres mat\u00e9riaux compostables, sans g\u00e9n\u00e9rer de d\u00e9chets visuellement distinguables ou de r\u00e9sidus toxiques. En d&#8217;autres termes, un plastique compostable est toujours biod\u00e9gradable alors qu&#8217;un plastique biod\u00e9gradable n&#8217;est pas toujours compostable.<\/p>\n<p>La norme europ\u00e9enne EN13432 r\u00e9sout tr\u00e8s bien cette possible confusion entre biod\u00e9gradabilit\u00e9 et compostabilit\u00e9, puisqu&#8217;elle d\u00e9finit que pour qu&#8217;un mat\u00e9riau soit compostable, au moins 90% du mat\u00e9riau doit se biod\u00e9grader, devenant CO2, eau et biomasse sous l&#8217;action de micro-organismes dans un d\u00e9lai maximum environ 180 jours \u00e0 60\u00baC.<\/p>\n<p>En d\u00e9finitive, les bioplastiques repr\u00e9sentent environ 1 % des plus de 368 millions de tonnes de plastique produites annuellement. Mais \u00e0 mesure que la demande augmente, et avec des applications de plus en plus sophistiqu\u00e9es et des produits \u00e9mergents, le march\u00e9 des bioplastiques continuera de cro\u00eetre et de se diversifier. La production mondiale de bioplastiques passera de 2,11 millions de tonnes en 2020 \u00e0 environ 2,87 millions de tonnes en 2025.[\/vc_column_text][vc_empty_space][\/vc_column][\/vc_row]<\/p>\n","protected":false},"excerpt":{"rendered":"<p>[vc_row][vc_column width=&#8221;1\/3&#8243;][vc_single_image image=&#8221;2598&#8243; img_size=&#8221;full&#8221;][vc_single_image image=&#8221;2608&#8243; img_size=&#8221;full&#8221; alignment=&#8221;center&#8221; onclick=&#8221;link_image&#8221;][\/vc_column][vc_column width=&#8221;2\/3&#8243;][vc_custom_heading text=&#8221;Bioplastiques\/Biopolym\u00e8res&#8221; font_container=&#8221;tag:h2|font_size:32px|text_align:left|color:%23000000|line_height:42px&#8221; use_theme_fonts=&#8221;yes&#8221;][vc_column_text css=&#8221;.vc_custom_1652254363609{margin-bottom: -6px !important;padding-top: -6px !important;}&#8221;]Les bioplastiques repr\u00e9sentent une large famille de mat\u00e9riaux polym\u00e8res biod\u00e9gradables et\/ou \u00e0 base de mati\u00e8res premi\u00e8res renouvelables. Ces mat\u00e9riaux constituent une alternative attractive et&#8230;<\/p>\n","protected":false},"author":1,"featured_media":0,"parent":2589,"menu_order":0,"comment_status":"closed","ping_status":"closed","template":"page-test.php","meta":[],"_links":{"self":[{"href":"https:\/\/www.tradingfilms.com\/fr\/wp-json\/wp\/v2\/pages\/2607"}],"collection":[{"href":"https:\/\/www.tradingfilms.com\/fr\/wp-json\/wp\/v2\/pages"}],"about":[{"href":"https:\/\/www.tradingfilms.com\/fr\/wp-json\/wp\/v2\/types\/page"}],"author":[{"embeddable":true,"href":"https:\/\/www.tradingfilms.com\/fr\/wp-json\/wp\/v2\/users\/1"}],"replies":[{"embeddable":true,"href":"https:\/\/www.tradingfilms.com\/fr\/wp-json\/wp\/v2\/comments?post=2607"}],"version-history":[{"count":3,"href":"https:\/\/www.tradingfilms.com\/fr\/wp-json\/wp\/v2\/pages\/2607\/revisions"}],"predecessor-version":[{"id":2611,"href":"https:\/\/www.tradingfilms.com\/fr\/wp-json\/wp\/v2\/pages\/2607\/revisions\/2611"}],"up":[{"embeddable":true,"href":"https:\/\/www.tradingfilms.com\/fr\/wp-json\/wp\/v2\/pages\/2589"}],"wp:attachment":[{"href":"https:\/\/www.tradingfilms.com\/fr\/wp-json\/wp\/v2\/media?parent=2607"}],"curies":[{"name":"wp","href":"https:\/\/api.w.org\/{rel}","templated":true}]}}