{"id":2612,"date":"2022-05-11T07:36:01","date_gmt":"2022-05-11T07:36:01","guid":{"rendered":"https:\/\/www.tradingfilms.com\/fr\/?page_id=2612"},"modified":"2022-05-11T07:45:27","modified_gmt":"2022-05-11T07:45:27","slug":"mesures-et-tendances","status":"publish","type":"page","link":"https:\/\/www.tradingfilms.com\/fr\/green-packaging\/mesures-et-tendances\/","title":{"rendered":"Mesures et tendances"},"content":{"rendered":"<p>[vc_row][vc_column width=&#8221;1\/6&#8243;][\/vc_column][vc_column width=&#8221;2\/3&#8243;][vc_custom_heading text=&#8221;<strong>Capacit\u00e9s mondiales de production de mat\u00e9riaux bioplastiques en 2020:<br \/>\nbiosourc\u00e9 non biod\u00e9gradable vs biosourc\u00e9 biod\u00e9gradable<\/strong>&#8221; font_container=&#8221;tag:h2|font_size:18px|text_align:left|color:%23565656|line_height:22px&#8221; use_theme_fonts=&#8221;yes&#8221;][vc_empty_space height=&#8221;20px&#8221;][vc_custom_heading text=&#8221;41,9% des mat\u00e9riaux bioplastiques produits en 2020 sont biosourc\u00e9s, c&#8217;est-\u00e0-dire d&#8217;origine non fossile bien qu&#8217;ils ne soient PAS biod\u00e9gradables. Au sein de cette typologie de mat\u00e9riaux d&#8217;origine naturelle, le PA (polyamide) et le PE (poly\u00e9thyl\u00e8ne) se distinguent.&#8221; font_container=&#8221;tag:p|font_size:14px|text_align:left|line_height:16px&#8221; use_theme_fonts=&#8221;yes&#8221;][vc_custom_heading text=&#8221;58,1% des mat\u00e9riaux bioplastiques, en plus d&#8217;\u00eatre biosourc\u00e9s, sont biod\u00e9gradables et les plus populaires sont le PLA et d&#8217;autres produits d\u00e9riv\u00e9s de m\u00e9langes d&#8217;amidon.&#8221; font_container=&#8221;tag:p|font_size:14px|text_align:left|line_height:16px&#8221; use_theme_fonts=&#8221;yes&#8221;][vc_empty_space height=&#8221;20px&#8221;][vc_single_image image=&#8221;2614&#8243; img_size=&#8221;full&#8221; alignment=&#8221;center&#8221;][vc_empty_space height=&#8221;50px&#8221;][\/vc_column][vc_column width=&#8221;1\/6&#8243;][\/vc_column][\/vc_row][vc_row][vc_column width=&#8221;1\/6&#8243;][\/vc_column][vc_column width=&#8221;2\/3&#8243;][vc_custom_heading text=&#8221;<strong>Comparaison des capacit\u00e9s mondiales de production de mat\u00e9riaux bioplastiques en 2020 et 2025: biosourc\u00e9 non biod\u00e9gradable vs biosourc\u00e9 biod\u00e9gradable<\/strong>&#8221; font_container=&#8221;tag:h2|font_size:18px|text_align:left|color:%23565656|line_height:22px&#8221; use_theme_fonts=&#8221;yes&#8221;][vc_empty_space height=&#8221;20px&#8221;][vc_custom_heading text=&#8221;La production de mat\u00e9riaux biosourc\u00e9s et biod\u00e9gradables passera de 58,1% en 2020 \u00e0 62,7% en 2025.&#8221; font_container=&#8221;tag:p|font_size:14px|text_align:left|line_height:16px&#8221; use_theme_fonts=&#8221;yes&#8221;][vc_custom_heading text=&#8221;Parmi les mat\u00e9riaux biosourc\u00e9s et non biod\u00e9gradables, le PA et le PE continueront d&#8217;\u00eatre les plus utilis\u00e9s et fabriqu\u00e9s en 2025 ; D&#8217;autre part, au sein du biosourc\u00e9 biod\u00e9gradable, il y aura une tendance \u00e0 la hausse des PHA (polyhydroxyalcanoates) et les PLA atteindront 11,5% du total des bioplastiques.&#8221; font_container=&#8221;tag:p|font_size:14px|text_align:left|line_height:16px&#8221; use_theme_fonts=&#8221;yes&#8221;][vc_empty_space height=&#8221;20px&#8221;][\/vc_column][vc_column width=&#8221;1\/6&#8243;][\/vc_column][\/vc_row][vc_row][vc_column width=&#8221;1\/6&#8243;][\/vc_column][vc_column width=&#8221;1\/3&#8243;][vc_single_image image=&#8221;2616&#8243; img_size=&#8221;full&#8221; alignment=&#8221;center&#8221;][vc_custom_heading text=&#8221;<sup>*<\/sup> PDF is currently in development and predicted to be available in commercial scale in 2023.&#8221; font_container=&#8221;tag:p|font_size:12px|text_align:left|line_height:14px&#8221; use_theme_fonts=&#8221;yes&#8221;][vc_custom_heading text=&#8221;<sup>1<\/sup> World plastics production 1950-2019 (estimation), Plastics Europe, 2020&#8243; font_container=&#8221;tag:p|font_size:14px|text_align:left|line_height:16px&#8221; use_theme_fonts=&#8221;yes&#8221;][vc_empty_space height=&#8221;50px&#8221;][\/vc_column][vc_column width=&#8221;1\/3&#8243;][vc_single_image image=&#8221;2617&#8243; img_size=&#8221;full&#8221; alignment=&#8221;center&#8221;][vc_empty_space height=&#8221;50px&#8221;][\/vc_column][vc_column width=&#8221;1\/6&#8243;][\/vc_column][\/vc_row][vc_row][vc_column width=&#8221;1\/6&#8243;][\/vc_column][vc_column width=&#8221;2\/3&#8243;][vc_custom_heading text=&#8221;<strong>Capacit\u00e9s mondiales de production de bioplastiques en 2020 par secteurs industriels<\/strong>&#8221; font_container=&#8221;tag:h2|font_size:18px|text_align:left|color:%23565656|line_height:22px&#8221; use_theme_fonts=&#8221;yes&#8221;][vc_empty_space height=&#8221;20px&#8221;][vc_custom_heading text=&#8221;47% des mati\u00e8res bioplastiques fabriqu\u00e9es en 2020 \u00e9taient destin\u00e9es au march\u00e9 des emballages souples et rigides, 12% aux biens de consommation et 11% \u00e0 l&#8217;industrie textile.&#8221; font_container=&#8221;tag:p|font_size:14px|text_align:left|line_height:16px&#8221; use_theme_fonts=&#8221;yes&#8221;][vc_empty_space height=&#8221;20px&#8221;][vc_single_image image=&#8221;2620&#8243; img_size=&#8221;full&#8221; alignment=&#8221;center&#8221;][vc_empty_space height=&#8221;50px&#8221;][\/vc_column][vc_column width=&#8221;1\/6&#8243;][\/vc_column][\/vc_row][vc_row][vc_column width=&#8221;1\/6&#8243;][\/vc_column][vc_column width=&#8221;2\/3&#8243;][vc_custom_heading text=&#8221;<strong>Capacit\u00e9s productives mondiales des bioplastiques en 2020 par r\u00e9gion<\/strong>&#8221; font_container=&#8221;tag:h2|font_size:18px|text_align:left|color:%23565656|line_height:22px&#8221; use_theme_fonts=&#8221;yes&#8221;][vc_empty_space height=&#8221;20px&#8221;][vc_custom_heading text=&#8221;46% de la production mondiale de bioplastiques a \u00e9t\u00e9 produite en Asie suivi de 26% qui a \u00e9t\u00e9 fabriqu\u00e9 en Europe.&#8221; font_container=&#8221;tag:p|font_size:14px|text_align:left|line_height:16px&#8221; use_theme_fonts=&#8221;yes&#8221;][vc_empty_space height=&#8221;20px&#8221;][vc_single_image image=&#8221;2622&#8243; img_size=&#8221;full&#8221; alignment=&#8221;center&#8221;][vc_empty_space height=&#8221;50px&#8221;][\/vc_column][vc_column width=&#8221;1\/6&#8243;][\/vc_column][\/vc_row][vc_row][vc_column width=&#8221;1\/6&#8243;][\/vc_column][vc_column width=&#8221;2\/3&#8243;][vc_custom_heading text=&#8221;<strong>\u00c9volution des capacit\u00e9s mondiales de production de bioplastiques<br \/>\n<\/strong>&#8221; font_container=&#8221;tag:h2|font_size:18px|text_align:left|color:%23565656|line_height:22px&#8221; use_theme_fonts=&#8221;yes&#8221;][vc_empty_space height=&#8221;20px&#8221;][vc_custom_heading text=&#8221;La production mondiale de bioplastiques passera de 2,1 millions de tonnes en 2020 \u00e0 2,9 millions de tonnes en 2025. De plus, comme le montre le graphique, la fabrication de mat\u00e9riaux biosourc\u00e9s et biod\u00e9gradables fabriqu\u00e9s devrait toujours d\u00e9passer la fabrication de bio- mat\u00e9riaux basiques mais non biod\u00e9gradables.&#8221; font_container=&#8221;tag:p|font_size:14px|text_align:left|line_height:16px&#8221; use_theme_fonts=&#8221;yes&#8221;][vc_empty_space height=&#8221;20px&#8221;][vc_single_image image=&#8221;2623&#8243; img_size=&#8221;full&#8221; alignment=&#8221;center&#8221;][vc_empty_space height=&#8221;50px&#8221;][\/vc_column][vc_column width=&#8221;1\/6&#8243;][\/vc_column][\/vc_row][vc_row][vc_column width=&#8221;1\/6&#8243;][\/vc_column][vc_column width=&#8221;2\/3&#8243;][vc_custom_heading text=&#8221;<strong>\u00c9volution de la production mondiale de bioplastiques en 2020 par secteurs industriels<\/strong>&#8221; font_container=&#8221;tag:h2|font_size:18px|text_align:left|color:%23565656|line_height:22px&#8221; use_theme_fonts=&#8221;yes&#8221;][vc_empty_space height=&#8221;20px&#8221;][vc_custom_heading text=&#8221;Les secteurs des emballages souples et rigides dominent de loin le reste des secteurs industriels, les secteurs les plus demand\u00e9s \u00e9tant les biens de consommation et le textile.&#8221; font_container=&#8221;tag:p|font_size:14px|text_align:left|line_height:16px&#8221; use_theme_fonts=&#8221;yes&#8221;][vc_empty_space height=&#8221;20px&#8221;][vc_single_image image=&#8221;2624&#8243; img_size=&#8221;full&#8221; alignment=&#8221;center&#8221;][vc_empty_space height=&#8221;50px&#8221;][\/vc_column][vc_column width=&#8221;1\/6&#8243;][\/vc_column][\/vc_row][vc_row][vc_column width=&#8221;1\/6&#8243;][\/vc_column][vc_column width=&#8221;2\/3&#8243;][vc_column_text]<\/p>\n<hr \/>\n<p>[\/vc_column_text][vc_empty_space height=&#8221;20px&#8221;][vc_custom_heading text=&#8221;La source: European Bioplastics, nova-Institute (2020).<br \/>\nPlus d&#8217;informations: <strong>www.european-bioplastics.org\/market<\/strong> and <strong>www.bio-based.eu\/markets<\/strong>&#8221; font_container=&#8221;tag:p|font_size:14px|text_align:left|line_height:16px&#8221; use_theme_fonts=&#8221;yes&#8221;][vc_empty_space height=&#8221;50px&#8221;][\/vc_column][vc_column width=&#8221;1\/6&#8243;][\/vc_column][\/vc_row]<\/p>\n","protected":false},"excerpt":{"rendered":"<p>[vc_row][vc_column width=&#8221;1\/6&#8243;][\/vc_column][vc_column width=&#8221;2\/3&#8243;][vc_custom_heading text=&#8221;Capacit\u00e9s mondiales de production de mat\u00e9riaux bioplastiques en 2020: biosourc\u00e9 non biod\u00e9gradable vs biosourc\u00e9 biod\u00e9gradable&#8221; font_container=&#8221;tag:h2|font_size:18px|text_align:left|color:%23565656|line_height:22px&#8221; use_theme_fonts=&#8221;yes&#8221;][vc_empty_space height=&#8221;20px&#8221;][vc_custom_heading text=&#8221;41,9% des mat\u00e9riaux bioplastiques produits en 2020 sont biosourc\u00e9s, c&#8217;est-\u00e0-dire d&#8217;origine non fossile bien qu&#8217;ils ne soient PAS biod\u00e9gradables&#8230;.<\/p>\n","protected":false},"author":1,"featured_media":0,"parent":2589,"menu_order":2,"comment_status":"closed","ping_status":"closed","template":"page-test.php","meta":[],"_links":{"self":[{"href":"https:\/\/www.tradingfilms.com\/fr\/wp-json\/wp\/v2\/pages\/2612"}],"collection":[{"href":"https:\/\/www.tradingfilms.com\/fr\/wp-json\/wp\/v2\/pages"}],"about":[{"href":"https:\/\/www.tradingfilms.com\/fr\/wp-json\/wp\/v2\/types\/page"}],"author":[{"embeddable":true,"href":"https:\/\/www.tradingfilms.com\/fr\/wp-json\/wp\/v2\/users\/1"}],"replies":[{"embeddable":true,"href":"https:\/\/www.tradingfilms.com\/fr\/wp-json\/wp\/v2\/comments?post=2612"}],"version-history":[{"count":6,"href":"https:\/\/www.tradingfilms.com\/fr\/wp-json\/wp\/v2\/pages\/2612\/revisions"}],"predecessor-version":[{"id":2625,"href":"https:\/\/www.tradingfilms.com\/fr\/wp-json\/wp\/v2\/pages\/2612\/revisions\/2625"}],"up":[{"embeddable":true,"href":"https:\/\/www.tradingfilms.com\/fr\/wp-json\/wp\/v2\/pages\/2589"}],"wp:attachment":[{"href":"https:\/\/www.tradingfilms.com\/fr\/wp-json\/wp\/v2\/media?parent=2612"}],"curies":[{"name":"wp","href":"https:\/\/api.w.org\/{rel}","templated":true}]}}