{"id":2626,"date":"2022-05-11T08:16:36","date_gmt":"2022-05-11T08:16:36","guid":{"rendered":"https:\/\/www.tradingfilms.com\/fr\/?page_id=2626"},"modified":"2022-05-23T11:40:35","modified_gmt":"2022-05-23T11:40:35","slug":"pla","status":"publish","type":"page","link":"https:\/\/www.tradingfilms.com\/fr\/green-packaging\/pla\/","title":{"rendered":"PLA"},"content":{"rendered":"<p>[vc_row][vc_column][vc_column_text]En 1890, on d\u00e9couvre l&#8217;acide polylactique (PLA), un polym\u00e8re thermoplastique d&#8217;origine naturelle, biod\u00e9gradable, biocompatible et d&#8217;origine renouvelable, obtenu par polym\u00e9risation d&#8217;acide lactique issu du ma\u00efs, d&#8217;autres amidons ou d&#8217;autres sources de sucre (betterave, etc). L&#8217;acide lactique quant \u00e0 lui est obtenu par fermentation bact\u00e9rienne de polysaccharides ou par synth\u00e8se chimique.<\/p>\n<p>Le PLA a contribu\u00e9 \u00e0 orienter l&#8217;industrie de l&#8217;emballage flexible vers des solutions plus durables et offre aux consommateurs la possibilit\u00e9 de choisir des produits naturels qui r\u00e9duisent les gaz \u00e0 effet de serre, les \u00e9missions de CO2 et les d\u00e9chets post-consommation. Les feuilles de PLA peuvent remplacer les plastiques conventionnels tels que le polypropyl\u00e8ne, le polyester et le poly\u00e9thyl\u00e8ne offrant deux avantages environnementaux : origine biosourc\u00e9e et certification T\u00dcV Autriche pour la compostabilit\u00e9 selon EN13432.<\/p>\n<p>La gamme de produits PLA que nous pouvons vous proposer comprend des feuilles thermoscellables transparentes de 20 \u00e0 75 microns, blanches, m\u00e9tallis\u00e9es, avec Alox et enfin thermor\u00e9tractables qui couvrent un large \u00e9ventail d&#8217;applications pour le march\u00e9 de l&#8217;emballage souple tant dans l&#8217;alimentaire que dans d&#8217;autres secteurs tels que des \u00e9tiquettes (manchette).<\/p>\n<p>Produits:<\/p>\n<ul>\n<li><a href=\"https:\/\/www.tradingfilms.com\/fr\/wp-content\/uploads\/sites\/6\/2022\/05\/9001-PLA-HEAT-SEALABLE-2-SIDES-S.pdf\" target=\"_blank\" rel=\"noopener\">9001: PLA. TRANSPARENT THERMOSOUDABLE 2\/F (de 20 \u00e0 75 \u00b5)<\/a><\/li>\n<li><a href=\"https:\/\/www.tradingfilms.com\/fr\/wp-content\/uploads\/sites\/6\/2022\/05\/9002-PLA-HEAT-SELABLE-2-SIDES-AMD-MICROPERFORATED-S.pdf\" target=\"_blank\" rel=\"noopener\">9002: PLA. MICROPERFOR\u00c9 (de 20 \u00e0 75 \u00b5)<\/a><\/li>\n<li><a href=\"https:\/\/www.tradingfilms.com\/fr\/wp-content\/uploads\/sites\/6\/2022\/05\/9003-PLA-HIGH-BARRIER-ALOX-TRANSPARENT-HEAT-SEAL-S.pdf\" target=\"_blank\" rel=\"noopener\">9003: PLA. AVEC BARRI\u00c8RE TRANSPARENTE \u2013 AlOx (20-30 \u00b5)<\/a><\/li>\n<li><a href=\"https:\/\/www.tradingfilms.com\/fr\/wp-content\/uploads\/sites\/6\/2022\/05\/9004-PLA-METALLIZED-AND-HEAT-SEALABLE-S.pdf\" target=\"_blank\" rel=\"noopener\">9004: PLA. AVEC BARRI\u00c8RE M\u00c9TALLIS\u00c9 THERMOSOUDABLE (20-30 \u00b5)<\/a><\/li>\n<li><a href=\"https:\/\/www.tradingfilms.com\/fr\/wp-content\/uploads\/sites\/6\/2022\/05\/9005-PLA.-HEAT-SHRINKABLE.pdf\" target=\"_blank\" rel=\"noopener\">9005: PLA. THERMOR\u00c9TRACTABLE POUR MANCHON (45-50 \u00b5)<\/a><\/li>\n<li>9006: PLA. THERMOSOUDABLE BLANCHE (de 20 \u00e0 40 \u00b5)<\/li>\n<\/ul>\n<p>[\/vc_column_text][vc_empty_space height=&#8221;50px&#8221;][vc_single_image image=&#8221;2660&#8243; img_size=&#8221;full&#8221; alignment=&#8221;center&#8221;][\/vc_column][\/vc_row]<\/p>\n","protected":false},"excerpt":{"rendered":"<p>[vc_row][vc_column][vc_column_text]En 1890, on d\u00e9couvre l&#8217;acide polylactique (PLA), un polym\u00e8re thermoplastique d&#8217;origine naturelle, biod\u00e9gradable, biocompatible et d&#8217;origine renouvelable, obtenu par polym\u00e9risation d&#8217;acide lactique issu du ma\u00efs, d&#8217;autres amidons ou d&#8217;autres sources de sucre (betterave, etc). L&#8217;acide lactique quant \u00e0 lui est&#8230;<\/p>\n","protected":false},"author":1,"featured_media":0,"parent":2589,"menu_order":3,"comment_status":"closed","ping_status":"closed","template":"page-test.php","meta":[],"_links":{"self":[{"href":"https:\/\/www.tradingfilms.com\/fr\/wp-json\/wp\/v2\/pages\/2626"}],"collection":[{"href":"https:\/\/www.tradingfilms.com\/fr\/wp-json\/wp\/v2\/pages"}],"about":[{"href":"https:\/\/www.tradingfilms.com\/fr\/wp-json\/wp\/v2\/types\/page"}],"author":[{"embeddable":true,"href":"https:\/\/www.tradingfilms.com\/fr\/wp-json\/wp\/v2\/users\/1"}],"replies":[{"embeddable":true,"href":"https:\/\/www.tradingfilms.com\/fr\/wp-json\/wp\/v2\/comments?post=2626"}],"version-history":[{"count":5,"href":"https:\/\/www.tradingfilms.com\/fr\/wp-json\/wp\/v2\/pages\/2626\/revisions"}],"predecessor-version":[{"id":2672,"href":"https:\/\/www.tradingfilms.com\/fr\/wp-json\/wp\/v2\/pages\/2626\/revisions\/2672"}],"up":[{"embeddable":true,"href":"https:\/\/www.tradingfilms.com\/fr\/wp-json\/wp\/v2\/pages\/2589"}],"wp:attachment":[{"href":"https:\/\/www.tradingfilms.com\/fr\/wp-json\/wp\/v2\/media?parent=2626"}],"curies":[{"name":"wp","href":"https:\/\/api.w.org\/{rel}","templated":true}]}}