{"id":2629,"date":"2022-05-11T08:53:44","date_gmt":"2022-05-11T08:53:44","guid":{"rendered":"https:\/\/www.tradingfilms.com\/fr\/?page_id=2629"},"modified":"2022-05-11T08:54:40","modified_gmt":"2022-05-11T08:54:40","slug":"pha","status":"publish","type":"page","link":"https:\/\/www.tradingfilms.com\/fr\/green-packaging\/pha\/","title":{"rendered":"PHA"},"content":{"rendered":"<p>[vc_row][vc_column width=&#8221;1\/3&#8243;][vc_single_image image=&#8221;2630&#8243; img_size=&#8221;full&#8221;][vc_single_image image=&#8221;2631&#8243; img_size=&#8221;full&#8221;][\/vc_column][vc_column width=&#8221;2\/3&#8243;][vc_column_text]Les polyhydroxyalcanoates (PHA) constituent une large famille de polym\u00e8res d&#8217;origine renouvelable, synth\u00e9tis\u00e9s naturellement par des proc\u00e9d\u00e9s de fermentation bact\u00e9rienne de sucres ou de lipides. Ces biopolym\u00e8res se retrouvent dans les cellules sous forme de granul\u00e9s et agissent comme une r\u00e9serve d&#8217;\u00e9nergie et de carbone.<\/p>\n<p>En g\u00e9n\u00e9ral, les PHA ont des propri\u00e9t\u00e9s compatibles avec le poly\u00e9thyl\u00e8ne (PE) et le polypropyl\u00e8ne (PP).<\/p>\n<p>Les trois polyhydroxyalcanoates les plus importants sont le poly (3-hydroxybutyrate) (<strong>PHB<\/strong>), le polyhydroxyval\u00e9rate (<strong>PHV<\/strong>) et le polyhydroxyhexanoate (<strong>PHH<\/strong>). Plusieurs entreprises sont impliqu\u00e9es dans la production de PHA. Le march\u00e9 est actuellement relativement petit, mais on s&#8217;attend \u00e0 ce qu&#8217;il se d\u00e9veloppe de mani\u00e8re significative. Les applications typiques des PHA incluent les articles de vaisselle jetables tels que les tasses, les couverts, les plateaux, les assiettes et les r\u00e9cipients alimentaires. Certaines autres applications (potentielles) comprennent les feuilles de r\u00e9tention du sol et autres films agricoles, les sacs \u00e0 ordures et \u00e0 provisions, et l&#8217;utilisation comme mat\u00e9riau d&#8217;emballage g\u00e9n\u00e9ral. Les PHA peuvent \u00e9galement \u00eatre fil\u00e9s en fibres qui pourraient \u00eatre utilis\u00e9es pour la fabrication d&#8217;articles textiles biod\u00e9gradables \u00e0 usage unique : tissus tiss\u00e9s et non tiss\u00e9s, tels que des sutures chirurgicales. D&#8217;autres applications biom\u00e9dicales (potentielles) comprennent les syst\u00e8mes d&#8217;administration de m\u00e9dicaments (microcapsules ou microsph\u00e8res) et les dispositifs m\u00e9dicaux implant\u00e9s biod\u00e9gradables.[\/vc_column_text][\/vc_column][\/vc_row]<\/p>\n","protected":false},"excerpt":{"rendered":"<p>[vc_row][vc_column width=&#8221;1\/3&#8243;][vc_single_image image=&#8221;2630&#8243; img_size=&#8221;full&#8221;][vc_single_image image=&#8221;2631&#8243; img_size=&#8221;full&#8221;][\/vc_column][vc_column width=&#8221;2\/3&#8243;][vc_column_text]Les polyhydroxyalcanoates (PHA) constituent une large famille de polym\u00e8res d&#8217;origine renouvelable, synth\u00e9tis\u00e9s naturellement par des proc\u00e9d\u00e9s de fermentation bact\u00e9rienne de sucres ou de lipides. Ces biopolym\u00e8res se retrouvent dans les cellules sous forme de&#8230;<\/p>\n","protected":false},"author":1,"featured_media":0,"parent":2589,"menu_order":4,"comment_status":"closed","ping_status":"closed","template":"page-test.php","meta":[],"_links":{"self":[{"href":"https:\/\/www.tradingfilms.com\/fr\/wp-json\/wp\/v2\/pages\/2629"}],"collection":[{"href":"https:\/\/www.tradingfilms.com\/fr\/wp-json\/wp\/v2\/pages"}],"about":[{"href":"https:\/\/www.tradingfilms.com\/fr\/wp-json\/wp\/v2\/types\/page"}],"author":[{"embeddable":true,"href":"https:\/\/www.tradingfilms.com\/fr\/wp-json\/wp\/v2\/users\/1"}],"replies":[{"embeddable":true,"href":"https:\/\/www.tradingfilms.com\/fr\/wp-json\/wp\/v2\/comments?post=2629"}],"version-history":[{"count":3,"href":"https:\/\/www.tradingfilms.com\/fr\/wp-json\/wp\/v2\/pages\/2629\/revisions"}],"predecessor-version":[{"id":2634,"href":"https:\/\/www.tradingfilms.com\/fr\/wp-json\/wp\/v2\/pages\/2629\/revisions\/2634"}],"up":[{"embeddable":true,"href":"https:\/\/www.tradingfilms.com\/fr\/wp-json\/wp\/v2\/pages\/2589"}],"wp:attachment":[{"href":"https:\/\/www.tradingfilms.com\/fr\/wp-json\/wp\/v2\/media?parent=2629"}],"curies":[{"name":"wp","href":"https:\/\/api.w.org\/{rel}","templated":true}]}}