{"id":2635,"date":"2022-05-11T09:00:09","date_gmt":"2022-05-11T09:00:09","guid":{"rendered":"https:\/\/www.tradingfilms.com\/fr\/?page_id=2635"},"modified":"2022-05-13T06:04:29","modified_gmt":"2022-05-13T06:04:29","slug":"pbs","status":"publish","type":"page","link":"https:\/\/www.tradingfilms.com\/fr\/green-packaging\/pbs\/","title":{"rendered":"PBS"},"content":{"rendered":"<p>[vc_row][vc_column width=&#8221;1\/4&#8243;][vc_single_image image=&#8221;2636&#8243; img_size=&#8221;full&#8221;][vc_single_image image=&#8221;2637&#8243; img_size=&#8221;full&#8221;][\/vc_column][vc_column width=&#8221;3\/4&#8243;][vc_column_text]Issu d&#8217;un mat\u00e9riau renouvelable et connu pour sa biod\u00e9gradabilit\u00e9 sup\u00e9rieure, le BioPBS (Bio-Based Polybutyl\u00e8ne Succinate) est r\u00e9volutionnaire dans sa double propri\u00e9t\u00e9 biologique.<\/p>\n<ul>\n<li>BAS\u00c9 SUR BIO<br \/>\nUtilisant une technologie de pointe, il s&#8217;agit d&#8217;un plastique biosourc\u00e9 et biod\u00e9gradable.<\/li>\n<li>COMPOSTABLES<br \/>\nD\u00e9riv\u00e9 de ressources naturelles, telles que la canne \u00e0 sucre, le manioc et le ma\u00efs, le BioPBS est compostable en biomasse, en dioxyde de carbone et en eau. Les produits fabriqu\u00e9s avec BioPBS peuvent \u00eatre \u00e9limin\u00e9s avec les d\u00e9chets organiques. BioPBS n&#8217;a aucun effet n\u00e9faste sur l&#8217;environnement et est naturellement compostable, sans n\u00e9cessiter d&#8217;installation de compostage sp\u00e9cialis\u00e9e.<\/li>\n<\/ul>\n<p><strong>Avantages du PBS<\/strong><\/p>\n<ul>\n<li>Temp\u00e9rature de service \u00e9lev\u00e9e : les applications faites par BioPBS peuvent supporter jusqu&#8217;\u00e0 100\u00b0 C. BioPBS peut \u00eatre utilis\u00e9 pour les tasses de boissons chaudes, les bo\u00eetes et les ustensiles pour les aliments fra\u00eechement cuits.<\/li>\n<li>Thermosoudabilit\u00e9 haute performance \u2013 Poss\u00e8de au moins le m\u00eame niveau de r\u00e9sistance de scellement que le p\u00e9troplastique conventionnel, mais est obtenu \u00e0 une temp\u00e9rature plus basse. Nous fournissons la m\u00eame performance avec un co\u00fbt moindre en frais d&#8217;\u00e9limination des d\u00e9chets.<\/li>\n<li>Bonne imprimabilit\u00e9 sans pr\u00e9traitement.o<\/li>\n<li>Compatible avec les fibres naturelles.<\/li>\n<li>Excellente aptitude au traitement.<\/li>\n<li>Compatibilit\u00e9 mutuelle avec d&#8217;autres plastiques biod\u00e9gradables tels que l&#8217;acide polylactique (PLA). Le m\u00e9lange de BioPBS avec d&#8217;autres types de biopolym\u00e8res peut r\u00e9pondre aux exigences des clients \u00e0 un degr\u00e9 plus \u00e9lev\u00e9 de propri\u00e9t\u00e9s.<\/li>\n<\/ul>\n<p>Il a des propri\u00e9t\u00e9s comparables au poly\u00e9thyl\u00e8ne t\u00e9r\u00e9phtalate (PET) ; Il a d&#8217;excellentes propri\u00e9t\u00e9s m\u00e9caniques et, comme d&#8217;autres polyesters aliphatiques, est thermiquement stable jusqu&#8217;\u00e0 des temp\u00e9ratures d&#8217;environ 90-120C. De plus, il pr\u00e9sente de bonnes caract\u00e9ristiques de s\u00e9chage et est biod\u00e9gradable.<\/p>\n<p>Le PBS a une tr\u00e8s bonne aptitude au traitement et peut \u00eatre trait\u00e9 par des techniques de traitement conventionnelles telles que l&#8217;extrusion, l&#8217;injection ou le moulage par soufflage.[\/vc_column_text][\/vc_column][\/vc_row]<\/p>\n","protected":false},"excerpt":{"rendered":"<p>[vc_row][vc_column width=&#8221;1\/4&#8243;][vc_single_image image=&#8221;2636&#8243; img_size=&#8221;full&#8221;][vc_single_image image=&#8221;2637&#8243; img_size=&#8221;full&#8221;][\/vc_column][vc_column width=&#8221;3\/4&#8243;][vc_column_text]Issu d&#8217;un mat\u00e9riau renouvelable et connu pour sa biod\u00e9gradabilit\u00e9 sup\u00e9rieure, le BioPBS (Bio-Based Polybutyl\u00e8ne Succinate) est r\u00e9volutionnaire dans sa double propri\u00e9t\u00e9 biologique. BAS\u00c9 SUR BIO Utilisant une technologie de pointe, il s&#8217;agit d&#8217;un plastique&#8230;<\/p>\n","protected":false},"author":1,"featured_media":0,"parent":2589,"menu_order":5,"comment_status":"closed","ping_status":"closed","template":"page-test.php","meta":[],"_links":{"self":[{"href":"https:\/\/www.tradingfilms.com\/fr\/wp-json\/wp\/v2\/pages\/2635"}],"collection":[{"href":"https:\/\/www.tradingfilms.com\/fr\/wp-json\/wp\/v2\/pages"}],"about":[{"href":"https:\/\/www.tradingfilms.com\/fr\/wp-json\/wp\/v2\/types\/page"}],"author":[{"embeddable":true,"href":"https:\/\/www.tradingfilms.com\/fr\/wp-json\/wp\/v2\/users\/1"}],"replies":[{"embeddable":true,"href":"https:\/\/www.tradingfilms.com\/fr\/wp-json\/wp\/v2\/comments?post=2635"}],"version-history":[{"count":4,"href":"https:\/\/www.tradingfilms.com\/fr\/wp-json\/wp\/v2\/pages\/2635\/revisions"}],"predecessor-version":[{"id":2657,"href":"https:\/\/www.tradingfilms.com\/fr\/wp-json\/wp\/v2\/pages\/2635\/revisions\/2657"}],"up":[{"embeddable":true,"href":"https:\/\/www.tradingfilms.com\/fr\/wp-json\/wp\/v2\/pages\/2589"}],"wp:attachment":[{"href":"https:\/\/www.tradingfilms.com\/fr\/wp-json\/wp\/v2\/media?parent=2635"}],"curies":[{"name":"wp","href":"https:\/\/api.w.org\/{rel}","templated":true}]}}