{"id":2640,"date":"2022-05-11T09:03:27","date_gmt":"2022-05-11T09:03:27","guid":{"rendered":"https:\/\/www.tradingfilms.com\/fr\/?page_id=2640"},"modified":"2022-05-11T09:03:27","modified_gmt":"2022-05-11T09:03:27","slug":"r-bopp-ou-pcr-bopp","status":"publish","type":"page","link":"https:\/\/www.tradingfilms.com\/fr\/green-packaging\/r-bopp-ou-pcr-bopp\/","title":{"rendered":"R-BOPP ou PCR BOPP"},"content":{"rendered":"<p>[vc_row][vc_column width=&#8221;1\/4&#8243;][vc_single_image image=&#8221;2641&#8243; img_size=&#8221;full&#8221; alignment=&#8221;center&#8221;][\/vc_column][vc_column width=&#8221;3\/4&#8243;][vc_column_text]De la m\u00eame mani\u00e8re que les films PET PCR sont fabriqu\u00e9s, les feuilles BOPP PCR commencent \u00e0 \u00eatre fabriqu\u00e9es, bien qu&#8217;encore de mani\u00e8re tr\u00e8s naissante. Contactez-nous si vous avez besoin de BOPP COEXT en 30-40 microns avec une teneur en PCR certifi\u00e9e de 30 ou 50 %. Mat\u00e9riau LTS (Low Temperature Sealing) \u00e9galement possible avec un contenu certifi\u00e9 ISCC \u00e0 30%.[\/vc_column_text][\/vc_column][\/vc_row]<\/p>\n","protected":false},"excerpt":{"rendered":"<p>[vc_row][vc_column width=&#8221;1\/4&#8243;][vc_single_image image=&#8221;2641&#8243; img_size=&#8221;full&#8221; alignment=&#8221;center&#8221;][\/vc_column][vc_column width=&#8221;3\/4&#8243;][vc_column_text]De la m\u00eame mani\u00e8re que les films PET PCR sont fabriqu\u00e9s, les feuilles BOPP PCR commencent \u00e0 \u00eatre fabriqu\u00e9es, bien qu&#8217;encore de mani\u00e8re tr\u00e8s naissante. Contactez-nous si vous avez besoin de BOPP COEXT en 30-40&#8230;<\/p>\n","protected":false},"author":1,"featured_media":0,"parent":2589,"menu_order":7,"comment_status":"closed","ping_status":"closed","template":"page-test.php","meta":[],"_links":{"self":[{"href":"https:\/\/www.tradingfilms.com\/fr\/wp-json\/wp\/v2\/pages\/2640"}],"collection":[{"href":"https:\/\/www.tradingfilms.com\/fr\/wp-json\/wp\/v2\/pages"}],"about":[{"href":"https:\/\/www.tradingfilms.com\/fr\/wp-json\/wp\/v2\/types\/page"}],"author":[{"embeddable":true,"href":"https:\/\/www.tradingfilms.com\/fr\/wp-json\/wp\/v2\/users\/1"}],"replies":[{"embeddable":true,"href":"https:\/\/www.tradingfilms.com\/fr\/wp-json\/wp\/v2\/comments?post=2640"}],"version-history":[{"count":1,"href":"https:\/\/www.tradingfilms.com\/fr\/wp-json\/wp\/v2\/pages\/2640\/revisions"}],"predecessor-version":[{"id":2642,"href":"https:\/\/www.tradingfilms.com\/fr\/wp-json\/wp\/v2\/pages\/2640\/revisions\/2642"}],"up":[{"embeddable":true,"href":"https:\/\/www.tradingfilms.com\/fr\/wp-json\/wp\/v2\/pages\/2589"}],"wp:attachment":[{"href":"https:\/\/www.tradingfilms.com\/fr\/wp-json\/wp\/v2\/media?parent=2640"}],"curies":[{"name":"wp","href":"https:\/\/api.w.org\/{rel}","templated":true}]}}