{"id":2643,"date":"2022-05-11T09:14:25","date_gmt":"2022-05-11T09:14:25","guid":{"rendered":"https:\/\/www.tradingfilms.com\/fr\/?page_id=2643"},"modified":"2022-05-20T09:35:26","modified_gmt":"2022-05-20T09:35:26","slug":"r-pet-ou-pcr-pet","status":"publish","type":"page","link":"https:\/\/www.tradingfilms.com\/fr\/green-packaging\/r-pet-ou-pcr-pet\/","title":{"rendered":"R-PET ou PCR PET"},"content":{"rendered":"<p>[vc_row][vc_column width=&#8221;1\/4&#8243;][vc_single_image image=&#8221;2644&#8243; img_size=&#8221;full&#8221;][\/vc_column][vc_column width=&#8221;3\/4&#8243;][vc_column_text]Trading Films propose des films PET recycl\u00e9s post-consommation (PCR) fabriqu\u00e9s \u00e0 partir de 60 \u00e0 100 % de r\u00e9sine PET PCR. Ils sont con\u00e7us avec une teneur \u00e9lev\u00e9e en mat\u00e9riaux PET recycl\u00e9s qui ont \u00e9t\u00e9 d\u00e9sinfect\u00e9s et reconfigur\u00e9s en r\u00e9sine de fabrication de feuilles PET, ce qui les rend respectueux de l&#8217;environnement et 100 % conformes aux exigences de durabilit\u00e9.<\/p>\n<p>Les r\u00e9sines utilis\u00e9es pour produire ces films PET sont fabriqu\u00e9es \u00e0 partir de bouteilles PET recycl\u00e9es de qualit\u00e9 post-consommation en utilisant une technologie de pointe et sont enti\u00e8rement approuv\u00e9es par la FDA et l&#8217;UE pour une utilisation en contact avec les aliments et d&#8217;autres applications de produits. Ils pr\u00e9sentent les m\u00eames sp\u00e9cifications de performance que les autres films PET, offrant une r\u00e9sistance \u00e9lev\u00e9e aux chocs et des propri\u00e9t\u00e9s de barri\u00e8re extr\u00eamement efficaces contre l&#8217;eau, le dioxyde de carbone, l&#8217;oxyg\u00e8ne et l&#8217;azote.[\/vc_column_text][vc_empty_space height=&#8221;50px&#8221;][vc_custom_heading text=&#8221;<strong>Liste des produits contenant du PCR (post-consommation recycl\u00e9)<\/strong>&#8221; font_container=&#8221;tag:h2|font_size:22px|text_align:left|color:%23000000|line_height:30px&#8221; use_theme_fonts=&#8221;yes&#8221;][vc_column_text]<\/p>\n<div class=\"tg-wrap\">\n<p>Toutes les r\u00e9f\u00e9rences de produits qui consomment en PET peuvent \u00eatre produites avec un contenu PCR<\/p>\n<table class=\"tg\">\n<tbody>\n<tr>\n<th class=\"tg-20ty\">Sr. N\u00ba.<\/th>\n<th class=\"tg-20ty\">R\u00e9f\u00e9rence<\/th>\n<th class=\"tg-20ty\">La description<\/th>\n<\/tr>\n<tr>\n<td class=\"tg-oh1n\">1<\/td>\n<td class=\"tg-oh1n\">1022-60%<\/td>\n<td class=\"tg-oh1n\">PET de 12 \u00e0 75 microns non trait\u00e9 pour applications industrielles. 60% de contenu PCR<\/td>\n<\/tr>\n<tr>\n<td class=\"tg-7i0n\">2<\/td>\n<td class=\"tg-7i0n\">1022-90%<\/td>\n<td class=\"tg-7i0n\">PET de 12 \u00e0 75 microns non trait\u00e9 pour applications industrielles. 90% de contenu PCR<\/td>\n<\/tr>\n<tr>\n<td class=\"tg-oh1n\">3<\/td>\n<td class=\"tg-oh1n\">1022-100%<\/td>\n<td class=\"tg-oh1n\">PET de 12 \u00e0 75 microns non trait\u00e9 pour applications industrielles. 100 % de contenu PCR<\/td>\n<\/tr>\n<tr>\n<td class=\"tg-7i0n\">4<\/td>\n<td class=\"tg-7i0n\">1009-60%<\/td>\n<td class=\"tg-7i0n\">PET de 12 \u00e0 36 microns trait\u00e9 chimiquement 1\/F. 60 % de contenu PCR<\/td>\n<\/tr>\n<tr>\n<td class=\"tg-oh1n\">5<\/td>\n<td class=\"tg-oh1n\">1009-90%+<\/td>\n<td class=\"tg-oh1n\">PET de 12 \u00e0 36 microns trait\u00e9 chimiquement 1\/F. 90 % de contenu PCR<\/td>\n<\/tr>\n<tr>\n<td class=\"tg-7i0n\">6<\/td>\n<td class=\"tg-7i0n\">1009-100%<\/td>\n<td class=\"tg-7i0n\">PET de 12 \u00e0 36 microns trait\u00e9 chimiquement 1\/F. 100 % de contenu PCR<\/td>\n<\/tr>\n<tr>\n<td class=\"tg-oh1n\">7<\/td>\n<td class=\"tg-oh1n\">1042-60%<\/td>\n<td class=\"tg-oh1n\">PET de 12 \u00e0 36 microns trait\u00e9 chimiquement 1\/F et corona 1\/F. 60 % de contenu PCR<\/td>\n<\/tr>\n<tr>\n<td class=\"tg-7i0n\">8<\/td>\n<td class=\"tg-7i0n\">1042-90%<\/td>\n<td class=\"tg-7i0n\">PET de 12 \u00e0 36 microns trait\u00e9 chimiquement 1\/F et corona 1\/F. 90 % de contenu PCR<\/td>\n<\/tr>\n<tr>\n<td class=\"tg-oh1n\">9<\/td>\n<td class=\"tg-oh1n\">1042-100%<\/td>\n<td class=\"tg-oh1n\">PET de 12 \u00e0 36 microns trait\u00e9 chimiquement 1\/F et corona 1\/F. 100 % de contenu PCR<\/td>\n<\/tr>\n<tr>\n<td class=\"tg-7i0n\">10<\/td>\n<td class=\"tg-7i0n\">1030-60%<\/td>\n<td class=\"tg-7i0n\">PET de 12 \u00e0 36 microns trait\u00e9 corona 1\/F. 60 % de contenu PCR<\/td>\n<\/tr>\n<tr>\n<td class=\"tg-oh1n\">11<\/td>\n<td class=\"tg-oh1n\">1030-90%<\/td>\n<td class=\"tg-oh1n\">PET de 12 \u00e0 36 microns trait\u00e9 corona 1\/F. 90 % de contenu PCR<\/td>\n<\/tr>\n<tr>\n<td class=\"tg-7i0n\">12<\/td>\n<td class=\"tg-7i0n\">1030-100%<\/td>\n<td class=\"tg-7i0n\">PET de 12 \u00e0 36 microns trait\u00e9 corona 1\/F. 100 % de contenu PCR<\/td>\n<\/tr>\n<tr>\n<td class=\"tg-7i0n\">13<\/td>\n<td class=\"tg-7i0n\">1036-30%<\/td>\n<td class=\"tg-7i0n\">PET blanc opaque de 12 \u00e0 50 microns trait\u00e9 corona 1\/F. 30 % de contenu PCR<\/td>\n<\/tr>\n<tr>\n<td class=\"tg-oh1n\">14<\/td>\n<td class=\"tg-oh1n\">1028-70%<\/td>\n<td class=\"tg-oh1n\">PET de 12 \u00e0 30 microns thermoscellable \u00e0 l&#8217;int\u00e9rieur et trait\u00e9 corona \u00e0 l&#8217;ext\u00e9rieur ou inversement. 70 % de contenu PCR<\/td>\n<\/tr>\n<tr>\n<td class=\"tg-7i0n\">15<\/td>\n<td class=\"tg-7i0n\">1043-70%<\/td>\n<td class=\"tg-7i0n\">PET de 12 \u00e0 36 microns Mat corona trait\u00e9 1\/F. 70 % % de contenu PCR<\/td>\n<\/tr>\n<tr>\n<td class=\"tg-oh1n\">16<\/td>\n<td class=\"tg-oh1n\">1055-70%<\/td>\n<td class=\"tg-oh1n\">PET de 12 \u00e0 36 microns Mat trait\u00e9 chimiquement 1\/F. 70 % de contenu PCR<\/td>\n<\/tr>\n<tr>\n<td class=\"tg-7i0n\">17<\/td>\n<td class=\"tg-7i0n\">1015-90%<\/td>\n<td class=\"tg-7i0n\">PET de 12 \u00e0 36 microns m\u00e9tallis\u00e9 et trait\u00e9 corona 1\/F -D.O 2.2. 70 % de contenu PCR<\/td>\n<\/tr>\n<tr>\n<td class=\"tg-oh1n\">18<\/td>\n<td class=\"tg-oh1n\">1044-60%<\/td>\n<td class=\"tg-oh1n\">PET de 12 \u00e0 36 microns m\u00e9tallis\u00e9 trait\u00e9 chimiquement 1\/F et trait\u00e9 corona 1\/C -D.O 2.2. 60 % de contenu PCR<\/td>\n<\/tr>\n<tr>\n<td class=\"tg-7i0n\">19<\/td>\n<td class=\"tg-7i0n\">1044-90%<\/td>\n<td class=\"tg-7i0n\">PET de 12 \u00e0 36 microns m\u00e9tallis\u00e9 trait\u00e9 chimiquement 1\/F et trait\u00e9 corona 1\/C -D.O 2.2. 90 % de contenu PCR<\/td>\n<\/tr>\n<tr>\n<td class=\"tg-oh1n\">20<\/td>\n<td class=\"tg-oh1n\">1048-70%<\/td>\n<td class=\"tg-oh1n\">PET de 12 \u00e0 36 microns m\u00e9tallis\u00e9 et trait\u00e9 corona 1\/F faible densit\u00e9 optique (suscepteur) -D.O 0.30 70 % de contenu PCR<\/td>\n<\/tr>\n<tr>\n<td class=\"tg-7i0n\">21<\/td>\n<td class=\"tg-7i0n\">1073-PCR contenu<\/td>\n<td class=\"tg-7i0n\">PET m\u00e9tallis\u00e9 haute barri\u00e8re de 12 \u00e0 36 microns -D.O 3.0. Contenu PCR \u00e0 s\u00e9lectionner<\/td>\n<\/tr>\n<tr>\n<td class=\"tg-oh1n\">22<\/td>\n<td class=\"tg-oh1n\">1057-60%<\/td>\n<td class=\"tg-oh1n\">PET de 12 \u00e0 36 microns m\u00e9tallis\u00e9 or et trait\u00e9 couronne 1\/F -D.O 2.2. 60 % de contenu PCR<\/td>\n<\/tr>\n<tr>\n<td class=\"tg-7i0n\">23<\/td>\n<td class=\"tg-7i0n\">1057-90%<\/td>\n<td class=\"tg-7i0n\">PET de 12 \u00e0 36 microns m\u00e9tallis\u00e9 or et trait\u00e9 couronne 1\/F -D.O 2.2. 90 % de contenu PCR<\/td>\n<\/tr>\n<tr>\n<td class=\"tg-oh1n\" colspan=\"3\">Le % de contenu PCR peut \u00eatre choisi par le client, dans cette liste nous n&#8217;avons montr\u00e9 que quelques exemples<\/td>\n<\/tr>\n<tr>\n<td class=\"tg-oh1n\" colspan=\"3\">Toutes les r\u00e9f\u00e9rences de produits qui consomment en PET peuvent \u00eatre produites avec un contenu PCR<\/td>\n<\/tr>\n<\/tbody>\n<\/table>\n<\/div>\n<p>[\/vc_column_text][vc_raw_html]JTNDc3R5bGUlMjB0eXBlJTNEJTIydGV4dCUyRmNzcyUyMiUzRSUwQSUyMCUyMCUyMCUyMCUyMCUyMCUyMCUyMCUyMCUyMCUyMCUyMCUyMCUyMCUyMCUyMC5jb250LXByb2R1Y3RvJTdCbWF4LXdpZHRoJTNBJTIwMTAwJTI1JTNCJTIwZm9udC1mYW1pbHklM0ElMjAlMjJPcGVuJTIwU2FucyUyMiUzQiU3RCUwQSUyMCUyMCUyMCUyMCUyMCUyMCUyMCUyMCUyMCUyMCUyMCUyMCUyMCUyMCUyMCUyMC5wYWRkaW5nLWxlZnQtMCU3Qm1hcmdpbi1sZWZ0JTNBMCUyMCUyMWltcG9ydGFudCUzQiUyMG1hcmdpbi1sZWZ0JTNBJTIwMCUyMCUyMWltcG9ydGFudCUzQiU3RCUwQSUyMCUyMCUyMCUyMCUyMCUyMCUyMCUyMCUyMCUyMCUyMCUyMCUyMCUyMCUyMCUyMC50ZyUyMCUyMCU3QmJvcmRlci1jb2xsYXBzZSUzQWNvbGxhcHNlJTNCYm9yZGVyLXNwYWNpbmclM0EwJTNCJTIwd2lkdGglM0ElMjAxMDAlMjUlM0IlN0QlMEElMjAlMjAlMjAlMjAlMjAlMjAlMjAlMjAlMjAlMjAlMjAlMjAlMjAlMjAlMjAlMjAudGclMjB0ZCU3QmZvbnQtZmFtaWx5JTNBJTIyT3BlbiUyMFNhbnMlMjIlM0Jmb250LXNpemUlM0ExNHB4JTNCcGFkZGluZyUzQTE0cHglMjAyMHB4JTNCYm9yZGVyJTNBJTIwMXB4JTIwc29saWQlMjAlMjNmZmYlM0JvdmVyZmxvdyUzQWhpZGRlbiUzQndvcmQtYnJlYWslM0Fub3JtYWwlM0IlN0QlMEElMjAlMjAlMjAlMjAlMjAlMjAlMjAlMjAlMjAlMjAlMjAlMjAlMjAlMjAlMjAlMjAudGclMjB0aCU3QmZvbnQtZmFtaWx5JTNBJTIyT3BlbiUyMFNhbnMlMjIlM0Jmb250LXNpemUlM0ExNHB4JTNCZm9udC13ZWlnaHQlM0Fub3JtYWwlM0JwYWRkaW5nJTNBMTRweCUyMDIwcHglM0Jib3JkZXIlM0ElMjAxcHglMjBzb2xpZCUyMCUyM2ZmZiUzQm92ZXJmbG93JTNBaGlkZGVuJTNCd29yZC1icmVhayUzQW5vcm1hbCUzQiU3RCUwQSUyMCUyMCUyMCUyMCUyMCUyMCUyMCUyMCUyMCUyMCUyMCUyMCUyMCUyMCUyMCUyMC50ZyUyMC50Zy0yMHR5JTdCZm9udC13ZWlnaHQlM0Fib2xkJTNCYmFja2dyb3VuZC1jb2xvciUzQSUyMzY2YjI0NSUzQmNvbG9yJTNBJTIzZmZmZmZmJTNCdGV4dC1hbGlnbiUzQWxlZnQlM0IlN0QlMEElMjAlMjAlMjAlMjAlMjAlMjAlMjAlMjAlMjAlMjAlMjAlMjAlMjAlMjAlMjAlMjAudGclMjAudGctb2gxbiU3QmJhY2tncm91bmQtY29sb3IlM0ElMjNlNWU1ZTUlM0Jjb2xvciUzQSUyMzAwMDAwMCUzQnRleHQtYWxpZ24lM0FsZWZ0JTNCYm9yZGVyJTNBJTIwMXB4JTIwc29saWQlMjAlMjNmZmYlM0IlN0QlMEElMjAlMjAlMjAlMjAlMjAlMjAlMjAlMjAlMjAlMjAlMjAlMjAlMjAlMjAlMjAlMjAudGclMjAudGctN2kwbiU3QmJhY2tncm91bmQtY29sb3IlM0ElMjNmMmYyZjIlM0Jjb2xvciUzQSUyMzAwMDAwMCUzQnRleHQtYWxpZ24lM0FsZWZ0JTNCYm9yZGVyJTNBJTIwMXB4JTIwc29saWQlMjAlMjNmZmYlM0IlN0QlMEElMjAlMjAlMjAlMjAlMjAlMjAlMjAlMjAlMjAlMjAlMjAlMjAlMjAlMjAlMjAlMjAlM0MlMkZzdHlsZSUzRQ==[\/vc_raw_html][vc_empty_space]<div class=\"panel-group\" id=\"accordion1\"><div class=\"panel\">\n                <div class=\"panel-heading\">\n                    <h4 class=\"panel-title\">\n                        <a data-toggle=\"collapse\"  class='collapsed' href=\"#collapse1\"><strong>1009: COMPARAISON PET-RPET CHIMIQUEMENT TRAIT\u00c9 <\/strong><\/a>\n                    <\/h4>\n                <\/div>\n                <div id=\"collapse1\" class=\"panel-collapse collapse\">\n                    <div class=\"panel-body\">\n<div class=\"tg-wrap\">\n<table class=\"tg\">\n<thead>\n<tr>\n<th class=\"tg-20ty\">Propri\u00e9t\u00e9s<\/th>\n<th class=\"tg-20ty\">M\u00e9thode<\/th>\n<th class=\"tg-20ty\">Unit\u00e9<\/th>\n<th class=\"tg-20ty\" colspan=\"2\">Valeurs typiques<\/th>\n<\/tr>\n<\/thead>\n<tbody>\n<tr>\n<td class=\"tg-oh1n\" style=\"text-align: left;\" colspan=\"3\"><strong>Physique<\/strong><\/td>\n<td class=\"tg-oh1n\">R-PET@100%<\/td>\n<td class=\"tg-oh1n\">PET<\/td>\n<\/tr>\n<tr>\n<td class=\"tg-oh1n\">Micronage<\/td>\n<td class=\"tg-oh1n\">Interno<\/td>\n<td class=\"tg-oh1n\">\u00b5<\/td>\n<td class=\"tg-oh1n\">12<\/td>\n<td class=\"tg-oh1n\">12<\/td>\n<\/tr>\n<tr>\n<td class=\"tg-oh1n\">Performance<\/td>\n<td class=\"tg-oh1n\">Interno<\/td>\n<td class=\"tg-oh1n\">M<sup>2<\/sup>\/Kg<\/td>\n<td class=\"tg-oh1n\">59.5<\/td>\n<td class=\"tg-oh1n\">59.5<\/td>\n<\/tr>\n<tr>\n<td class=\"tg-7i0n\" style=\"text-align: left;\" colspan=\"5\"><strong>M\u00e9canique<\/strong><\/td>\n<\/tr>\n<tr>\n<td class=\"tg-7i0n\">R\u00e9sistance \u00e0 la rupture MD<br \/>\nR\u00e9sistance \u00e0 la rupture TD<\/td>\n<td class=\"tg-7i0n\">ASTM D-882<\/td>\n<td class=\"tg-7i0n\">Kg\/cm<sup>2<\/sup><\/td>\n<td class=\"tg-7i0n\">1900<br \/>\n2000<\/td>\n<td class=\"tg-7i0n\">2000<br \/>\n2100<\/td>\n<\/tr>\n<tr>\n<td class=\"tg-7i0n\">Allongement MD<br \/>\nAllongement TD<\/td>\n<td class=\"tg-7i0n\">ASTM D-882<\/td>\n<td class=\"tg-7i0n\">%<\/td>\n<td class=\"tg-7i0n\">100<br \/>\n90<\/td>\n<td class=\"tg-7i0n\">100<br \/>\n90<\/td>\n<\/tr>\n<tr>\n<td class=\"tg-oh1n\" style=\"text-align: left;\" colspan=\"5\"><strong>R\u00e9gion<\/strong><\/td>\n<\/tr>\n<tr>\n<td class=\"tg-oh1n\">Coefficient de frottement St<br \/>\nCoefficient de frottement Dy<\/td>\n<td class=\"tg-oh1n\">ASTM D-1894<\/td>\n<td class=\"tg-oh1n\">&#8211;<br \/>\n&#8211;<\/td>\n<td class=\"tg-oh1n\">0.48<br \/>\n0.42<\/td>\n<td class=\"tg-oh1n\">0.48<br \/>\n0.40<\/td>\n<\/tr>\n<tr>\n<td class=\"tg-oh1n\">Tension superficielle<\/td>\n<td class=\"tg-oh1n\">ASTM D-2578<\/td>\n<td class=\"tg-oh1n\">Dinas\/cm<\/td>\n<td class=\"tg-oh1n\">46<\/td>\n<td class=\"tg-oh1n\">54<\/td>\n<\/tr>\n<tr>\n<td class=\"tg-7i0n\"><strong>Optique<\/strong> &#8211; Brume<\/td>\n<td class=\"tg-7i0n\">ASTM D-1003<\/td>\n<td class=\"tg-7i0n\">%<\/td>\n<td class=\"tg-7i0n\">3.5<\/td>\n<td class=\"tg-7i0n\">3.5<\/td>\n<\/tr>\n<tr>\n<td class=\"tg-oh1n\"><strong>Retrait thermique<\/strong><\/td>\n<td class=\"tg-oh1n\">ASTM D-1204<\/td>\n<td class=\"tg-oh1n\">%<\/td>\n<td class=\"tg-oh1n\">MD\/TD 2.0\/0.0<\/td>\n<td class=\"tg-oh1n\">2.0\/0.0<\/td>\n<\/tr>\n<\/tbody>\n<\/table>\n<\/div>\n<\/div>\n                <\/div>\n            <\/div><div class=\"panel\">\n                <div class=\"panel-heading\">\n                    <h4 class=\"panel-title\">\n                        <a data-toggle=\"collapse\"  class='collapsed' href=\"#collapse2\"><strong>1030: COMPARAISON PET-RPET TRAIT\u00c9 CORONA <\/strong><\/a>\n                    <\/h4>\n                <\/div>\n                <div id=\"collapse2\" class=\"panel-collapse collapse\">\n                    <div class=\"panel-body\">\n<div class=\"tg-wrap\">\n<table class=\"tg\">\n<thead>\n<tr>\n<th class=\"tg-20ty\">Propri\u00e9t\u00e9s<\/th>\n<th class=\"tg-20ty\">M\u00e9thode<\/th>\n<th class=\"tg-20ty\">Unit\u00e9<\/th>\n<th class=\"tg-20ty\" colspan=\"2\">Valeurs typiques<\/th>\n<\/tr>\n<\/thead>\n<tbody>\n<tr>\n<td class=\"tg-oh1n\" style=\"text-align: left;\" colspan=\"3\"><strong>Physique<\/strong><\/td>\n<td class=\"tg-oh1n\">R-PET@100%<\/td>\n<td class=\"tg-oh1n\">PET<\/td>\n<\/tr>\n<tr>\n<td class=\"tg-oh1n\">Micronage<\/td>\n<td class=\"tg-oh1n\">Interno<\/td>\n<td class=\"tg-oh1n\">\u00b5<\/td>\n<td class=\"tg-oh1n\">12<\/td>\n<td class=\"tg-oh1n\">12<\/td>\n<\/tr>\n<tr>\n<td class=\"tg-oh1n\">Performance<\/td>\n<td class=\"tg-oh1n\">Interno<\/td>\n<td class=\"tg-oh1n\">M<sup>2<\/sup>\/Kg<\/td>\n<td class=\"tg-oh1n\">59.5<\/td>\n<td class=\"tg-oh1n\">59.5<\/td>\n<\/tr>\n<tr>\n<td class=\"tg-7i0n\" style=\"text-align: left;\" colspan=\"5\"><strong>M\u00e9canique<\/strong><\/td>\n<\/tr>\n<tr>\n<td class=\"tg-7i0n\">R\u00e9sistance \u00e0 la rupture MD<br \/>\nR\u00e9sistance \u00e0 la rupture TD<\/td>\n<td class=\"tg-7i0n\">ASTM D-882<\/td>\n<td class=\"tg-7i0n\">Kg\/cm<sup>2<\/sup><\/td>\n<td class=\"tg-7i0n\">1900<br \/>\n2000<\/td>\n<td class=\"tg-7i0n\">2000<br \/>\n2100<\/td>\n<\/tr>\n<tr>\n<td class=\"tg-7i0n\">Allongement MD<br \/>\nAllongement TD<\/td>\n<td class=\"tg-7i0n\">ASTM D-882<\/td>\n<td class=\"tg-7i0n\">%<\/td>\n<td class=\"tg-7i0n\">100<br \/>\n90<\/td>\n<td class=\"tg-7i0n\">100<br \/>\n90<\/td>\n<\/tr>\n<tr>\n<td class=\"tg-oh1n\" style=\"text-align: left;\" colspan=\"5\"><strong>R\u00e9gion<\/strong><\/td>\n<\/tr>\n<tr>\n<td class=\"tg-oh1n\">Coefficient de frottement St<br \/>\nCoefficient de frottement Dy<\/td>\n<td class=\"tg-oh1n\">ASTM D-1894<\/td>\n<td class=\"tg-oh1n\">&#8211;<br \/>\n&#8211;<\/td>\n<td class=\"tg-oh1n\">0.50<br \/>\n0.45<\/td>\n<td class=\"tg-oh1n\">0.54<br \/>\n0.48<\/td>\n<\/tr>\n<tr>\n<td class=\"tg-oh1n\">Tension superficielle<\/td>\n<td class=\"tg-oh1n\">ASTM D-2578<\/td>\n<td class=\"tg-oh1n\">Dinas\/cm<\/td>\n<td class=\"tg-oh1n\">52<\/td>\n<td class=\"tg-oh1n\">52<\/td>\n<\/tr>\n<tr>\n<td class=\"tg-7i0n\"><strong>Optique <\/strong> &#8211; Brume<\/td>\n<td class=\"tg-7i0n\">ASTM D-1003<\/td>\n<td class=\"tg-7i0n\">%<\/td>\n<td class=\"tg-7i0n\">3.5<\/td>\n<td class=\"tg-7i0n\">3.5<\/td>\n<\/tr>\n<tr>\n<td class=\"tg-oh1n\"><strong>Retrait thermique<\/strong><\/td>\n<td class=\"tg-oh1n\">ASTM D-1204<\/td>\n<td class=\"tg-oh1n\">%<\/td>\n<td class=\"tg-oh1n\">MD\/TD 2.0\/0.0<\/td>\n<td class=\"tg-oh1n\">2.0\/0.0<\/td>\n<\/tr>\n<\/tbody>\n<\/table>\n<\/div>\n<\/div>\n                <\/div>\n            <\/div><div class=\"panel\">\n                <div class=\"panel-heading\">\n                    <h4 class=\"panel-title\">\n                        <a data-toggle=\"collapse\"  class='collapsed' href=\"#collapse3\"><strong>1055: COMPARAISON PET-RPET CHIMIQUE ET MAT TRAIT\u00c9 <\/strong><\/a>\n                    <\/h4>\n                <\/div>\n                <div id=\"collapse3\" class=\"panel-collapse collapse\">\n                    <div class=\"panel-body\">\n<div class=\"tg-wrap\">\n<table class=\"tg\">\n<thead>\n<tr>\n<th class=\"tg-20ty\">Propri\u00e9t\u00e9s<\/th>\n<th class=\"tg-20ty\">M\u00e9thode<\/th>\n<th class=\"tg-20ty\">Unit\u00e9<\/th>\n<th class=\"tg-20ty\" colspan=\"2\">Valeurs typiques<\/th>\n<\/tr>\n<\/thead>\n<tbody>\n<tr>\n<td class=\"tg-oh1n\" style=\"text-align: left;\" colspan=\"3\"><strong>Physique<\/strong><\/td>\n<td class=\"tg-oh1n\">R-PET@70%<\/td>\n<td class=\"tg-oh1n\">PET<\/td>\n<\/tr>\n<tr>\n<td class=\"tg-oh1n\">Micronage<\/td>\n<td class=\"tg-oh1n\">Interno<\/td>\n<td class=\"tg-oh1n\">\u00b5<\/td>\n<td class=\"tg-oh1n\">12<\/td>\n<td class=\"tg-oh1n\">12<\/td>\n<\/tr>\n<tr>\n<td class=\"tg-oh1n\">Performance<\/td>\n<td class=\"tg-oh1n\">Interno<\/td>\n<td class=\"tg-oh1n\">M<sup>2<\/sup>\/Kg<\/td>\n<td class=\"tg-oh1n\">59.5<\/td>\n<td class=\"tg-oh1n\">59.5<\/td>\n<\/tr>\n<tr>\n<td class=\"tg-7i0n\" style=\"text-align: left;\" colspan=\"5\"><strong>M\u00e9canique<\/strong><\/td>\n<\/tr>\n<tr>\n<td class=\"tg-7i0n\">R\u00e9sistance \u00e0 la rupture MD<br \/>\nR\u00e9sistance \u00e0 la rupture TD<\/td>\n<td class=\"tg-7i0n\">ASTM D-882<\/td>\n<td class=\"tg-7i0n\">Kg\/cm<sup>2<\/sup><\/td>\n<td class=\"tg-7i0n\">1900<br \/>\n2000<\/td>\n<td class=\"tg-7i0n\">1900<br \/>\n2000<\/td>\n<\/tr>\n<tr>\n<td class=\"tg-7i0n\">Allongement MD<br \/>\nAllongement TD<\/td>\n<td class=\"tg-7i0n\">ASTM D-882<\/td>\n<td class=\"tg-7i0n\">%<\/td>\n<td class=\"tg-7i0n\">100<br \/>\n90<\/td>\n<td class=\"tg-7i0n\">100<br \/>\n90<\/td>\n<\/tr>\n<tr>\n<td class=\"tg-oh1n\" style=\"text-align: left;\" colspan=\"5\"><strong>R\u00e9gion<\/strong><\/td>\n<\/tr>\n<tr>\n<td class=\"tg-oh1n\">Coefficient de frottement St<br \/>\nCoefficient de frottement Dy<\/td>\n<td class=\"tg-oh1n\">ASTM D-1894<\/td>\n<td class=\"tg-oh1n\">&#8211;<br \/>\n&#8211;<\/td>\n<td class=\"tg-oh1n\">0.40<br \/>\n0.36<\/td>\n<td class=\"tg-oh1n\">0.40<br \/>\n0.36<\/td>\n<\/tr>\n<tr>\n<td class=\"tg-oh1n\">Tension superficielle<\/td>\n<td class=\"tg-oh1n\">ASTM D-2578<\/td>\n<td class=\"tg-oh1n\">Dinas\/cm<\/td>\n<td class=\"tg-oh1n\">46<\/td>\n<td class=\"tg-oh1n\">46<\/td>\n<\/tr>\n<tr>\n<td class=\"tg-7i0n\"><strong>Optique <\/strong> &#8211; Brume<\/td>\n<td class=\"tg-7i0n\">ASTM D-1003<\/td>\n<td class=\"tg-7i0n\">%<\/td>\n<td class=\"tg-7i0n\">45<\/td>\n<td class=\"tg-7i0n\">45<\/td>\n<\/tr>\n<tr>\n<td class=\"tg-oh1n\"><strong>Retrait thermique<\/strong><\/td>\n<td class=\"tg-oh1n\">ASTM D-1204<\/td>\n<td class=\"tg-oh1n\">%<\/td>\n<td class=\"tg-oh1n\">MD\/TD 2.0\/0.0<\/td>\n<td class=\"tg-oh1n\">2.0\/0.0<\/td>\n<\/tr>\n<\/tbody>\n<\/table>\n<\/div>\n<\/div>\n                <\/div>\n            <\/div><div class=\"panel\">\n                <div class=\"panel-heading\">\n                    <h4 class=\"panel-title\">\n                        <a data-toggle=\"collapse\"  class='collapsed' href=\"#collapse4\"><strong>1080: COMPARAISON PET-RPET M\u00c9TALLIS\u00c9 ET BITR\u00c9 (CHIMIQUE\/CORONA) <\/strong><\/a>\n                    <\/h4>\n                <\/div>\n                <div id=\"collapse4\" class=\"panel-collapse collapse\">\n                    <div class=\"panel-body\">\n<div class=\"tg-wrap\">\n<table class=\"tg\">\n<thead>\n<tr>\n<th class=\"tg-20ty\">Propri\u00e9t\u00e9s<\/th>\n<th class=\"tg-20ty\">M\u00e9thode<\/th>\n<th class=\"tg-20ty\">Unit\u00e9<\/th>\n<th class=\"tg-20ty\" colspan=\"2\">Valeurs typiques<\/th>\n<\/tr>\n<\/thead>\n<tbody>\n<tr>\n<td class=\"tg-oh1n\" style=\"text-align: left;\" colspan=\"3\"><strong>Physique<\/strong><\/td>\n<td class=\"tg-oh1n\">R-PET@100%<\/td>\n<td class=\"tg-oh1n\">PET<\/td>\n<\/tr>\n<tr>\n<td class=\"tg-oh1n\">Micronage<\/td>\n<td class=\"tg-oh1n\">Interno<\/td>\n<td class=\"tg-oh1n\">\u00b5<\/td>\n<td class=\"tg-oh1n\">12<\/td>\n<td class=\"tg-oh1n\">12<\/td>\n<\/tr>\n<tr>\n<td class=\"tg-oh1n\">Performance<\/td>\n<td class=\"tg-oh1n\">Interno<\/td>\n<td class=\"tg-oh1n\">M<sup>2<\/sup>\/Kg<\/td>\n<td class=\"tg-oh1n\">59.5<\/td>\n<td class=\"tg-oh1n\">59.5<\/td>\n<\/tr>\n<tr>\n<td class=\"tg-7i0n\" style=\"text-align: left;\" colspan=\"5\"><strong>M\u00e9canique<\/strong><\/td>\n<\/tr>\n<tr>\n<td class=\"tg-7i0n\">R\u00e9sistance \u00e0 la rupture MD<br \/>\nR\u00e9sistance \u00e0 la rupture TD<\/td>\n<td class=\"tg-7i0n\">ASTM D-882<\/td>\n<td class=\"tg-7i0n\">Kg\/cm<sup>2<\/sup><\/td>\n<td class=\"tg-7i0n\">1900<br \/>\n2000<\/td>\n<td class=\"tg-7i0n\">2000<br \/>\n2100<\/td>\n<\/tr>\n<tr>\n<td class=\"tg-7i0n\">Allongement MD<br \/>\nAllongement TD<\/td>\n<td class=\"tg-7i0n\">ASTM D-882<\/td>\n<td class=\"tg-7i0n\">%<\/td>\n<td class=\"tg-7i0n\">100<br \/>\n90<\/td>\n<td class=\"tg-7i0n\">100<br \/>\n90<\/td>\n<\/tr>\n<tr>\n<td class=\"tg-oh1n\" style=\"text-align: left;\" colspan=\"5\"><strong>R\u00e9gion<\/strong><\/td>\n<\/tr>\n<tr>\n<td class=\"tg-oh1n\">Coefficient de frottement St<br \/>\nCoefficient de frottement Dy<\/td>\n<td class=\"tg-oh1n\">ASTM D-1894<\/td>\n<td class=\"tg-oh1n\">&#8211;<br \/>\n&#8211;<\/td>\n<td class=\"tg-oh1n\">0.70<br \/>\n0.60<\/td>\n<td class=\"tg-oh1n\">0.70<br \/>\n0.60<\/td>\n<\/tr>\n<tr>\n<td class=\"tg-oh1n\">Tension superficielle<\/td>\n<td class=\"tg-oh1n\">ASTM D-2578<\/td>\n<td class=\"tg-oh1n\">Dinas\/cm<\/td>\n<td class=\"tg-oh1n\">54<\/td>\n<td class=\"tg-oh1n\">54<\/td>\n<\/tr>\n<tr>\n<td class=\"tg-7i0n\"><strong>Optique<\/strong> &#8211; Brume<\/td>\n<td class=\"tg-7i0n\">ASTM D-1003<\/td>\n<td class=\"tg-7i0n\">%<\/td>\n<td class=\"tg-7i0n\">2.2<\/td>\n<td class=\"tg-7i0n\">2.2<\/td>\n<\/tr>\n<tr>\n<td class=\"tg-oh1n\"><strong>Retrait thermique<\/strong><\/td>\n<td class=\"tg-oh1n\">ASTM D-1204<\/td>\n<td class=\"tg-oh1n\">%<\/td>\n<td class=\"tg-oh1n\">MD\/TD 2.0\/0.0<\/td>\n<td class=\"tg-oh1n\">2.0\/0.0<\/td>\n<\/tr>\n<\/tbody>\n<\/table>\n<\/div>\n<\/div>\n                <\/div>\n            <\/div><div class=\"panel\">\n                <div class=\"panel-heading\">\n                    <h4 class=\"panel-title\">\n                        <a data-toggle=\"collapse\"  class='collapsed' href=\"#collapse5\"><strong>1048: COMPARAISON PET-RPET SUSCEPTOR LOW OPTICAL DENSITY 0.30 <\/strong><\/a>\n                    <\/h4>\n                <\/div>\n                <div id=\"collapse5\" class=\"panel-collapse collapse\">\n                    <div class=\"panel-body\">\n<div class=\"tg-wrap\">\n<table class=\"tg\">\n<thead>\n<tr>\n<th class=\"tg-20ty\">Propri\u00e9t\u00e9s<\/th>\n<th class=\"tg-20ty\">M\u00e9thode<\/th>\n<th class=\"tg-20ty\">Unit\u00e9<\/th>\n<th class=\"tg-20ty\" colspan=\"2\">Valeurs typiques<\/th>\n<\/tr>\n<\/thead>\n<tbody>\n<tr>\n<td class=\"tg-oh1n\" style=\"text-align: left;\" colspan=\"3\"><strong>Physique<\/strong><\/td>\n<td class=\"tg-oh1n\">R-PET@100%<\/td>\n<td class=\"tg-oh1n\">PET<\/td>\n<\/tr>\n<tr>\n<td class=\"tg-oh1n\">Micronage<\/td>\n<td class=\"tg-oh1n\">Interno<\/td>\n<td class=\"tg-oh1n\">\u00b5<\/td>\n<td class=\"tg-oh1n\">12<\/td>\n<td class=\"tg-oh1n\">12<\/td>\n<\/tr>\n<tr>\n<td class=\"tg-oh1n\">Performance<\/td>\n<td class=\"tg-oh1n\">Interno<\/td>\n<td class=\"tg-oh1n\">M<sup>2<\/sup>\/Kg<\/td>\n<td class=\"tg-oh1n\">59.5<\/td>\n<td class=\"tg-oh1n\">59.5<\/td>\n<\/tr>\n<tr>\n<td class=\"tg-7i0n\" style=\"text-align: left;\" colspan=\"5\"><strong>M\u00e9canique<\/strong><\/td>\n<\/tr>\n<tr>\n<td class=\"tg-7i0n\">R\u00e9sistance \u00e0 la rupture MD<br \/>\nR\u00e9sistance \u00e0 la rupture TD<\/td>\n<td class=\"tg-7i0n\">ASTM D-882<\/td>\n<td class=\"tg-7i0n\">Kg\/cm<sup>2<\/sup><\/td>\n<td class=\"tg-7i0n\"><span style=\"font-weight: 400;\">2000<\/span><br \/>\n2100<\/td>\n<td class=\"tg-7i0n\">2000<br \/>\n2100<\/td>\n<\/tr>\n<tr>\n<td class=\"tg-7i0n\">Allongement MD<br \/>\nAllongement TD<\/td>\n<td class=\"tg-7i0n\">ASTM D-882<\/td>\n<td class=\"tg-7i0n\">%<\/td>\n<td class=\"tg-7i0n\">100<br \/>\n90<\/td>\n<td class=\"tg-7i0n\">100<br \/>\n90<\/td>\n<\/tr>\n<tr>\n<td class=\"tg-oh1n\" style=\"text-align: left;\" colspan=\"5\"><strong>R\u00e9gion<\/strong><\/td>\n<\/tr>\n<tr>\n<td class=\"tg-oh1n\">MVTR (38\u00baC-RH90%)<br \/>\nOTR (23\u00baC-RH0%)<br \/>\nTension superficielle<\/td>\n<td class=\"tg-oh1n\">ASTM F-1249<br \/>\nASTM D-3985<br \/>\nASTM D-2578<\/td>\n<td class=\"tg-oh1n\">gm\/m<sup>2<\/sup>\/dia<br \/>\ncc\/m<sup>2<\/sup>\/dia<br \/>\nDinas\/cm<\/td>\n<td class=\"tg-oh1n\">40.0<br \/>\n3.50<br \/>\n56<\/td>\n<td class=\"tg-oh1n\">40.0<br \/>\n3.50<br \/>\n56<\/td>\n<\/tr>\n<tr>\n<td class=\"tg-7i0n\"><strong>Optique <\/strong> \u2013 O.D.<\/td>\n<td class=\"tg-7i0n\">ASTM D-1003<\/td>\n<td class=\"tg-7i0n\">%<\/td>\n<td class=\"tg-7i0n\">0.3<\/td>\n<td class=\"tg-7i0n\">0.3<\/td>\n<\/tr>\n<tr>\n<td class=\"tg-oh1n\"><strong>Retrait thermique<\/strong><\/td>\n<td class=\"tg-oh1n\">ASTM D-1204<\/td>\n<td class=\"tg-oh1n\">%<\/td>\n<td class=\"tg-oh1n\">MD\/TD 2.0\/0.0<\/td>\n<td class=\"tg-oh1n\">2.0\/0.0<\/td>\n<\/tr>\n<\/tbody>\n<\/table>\n<\/div>\n<\/div>\n                <\/div>\n            <\/div><\/div>[\/vc_column][\/vc_row]<\/p>\n","protected":false},"excerpt":{"rendered":"<p>[vc_row][vc_column width=&#8221;1\/4&#8243;][vc_single_image image=&#8221;2644&#8243; img_size=&#8221;full&#8221;][\/vc_column][vc_column width=&#8221;3\/4&#8243;][vc_column_text]Trading Films propose des films PET recycl\u00e9s post-consommation (PCR) fabriqu\u00e9s \u00e0 partir de 60 \u00e0 100 % de r\u00e9sine PET PCR. Ils sont con\u00e7us avec une teneur \u00e9lev\u00e9e en mat\u00e9riaux PET recycl\u00e9s qui ont \u00e9t\u00e9 d\u00e9sinfect\u00e9s&#8230;<\/p>\n","protected":false},"author":1,"featured_media":0,"parent":2589,"menu_order":6,"comment_status":"closed","ping_status":"closed","template":"page-test.php","meta":[],"_links":{"self":[{"href":"https:\/\/www.tradingfilms.com\/fr\/wp-json\/wp\/v2\/pages\/2643"}],"collection":[{"href":"https:\/\/www.tradingfilms.com\/fr\/wp-json\/wp\/v2\/pages"}],"about":[{"href":"https:\/\/www.tradingfilms.com\/fr\/wp-json\/wp\/v2\/types\/page"}],"author":[{"embeddable":true,"href":"https:\/\/www.tradingfilms.com\/fr\/wp-json\/wp\/v2\/users\/1"}],"replies":[{"embeddable":true,"href":"https:\/\/www.tradingfilms.com\/fr\/wp-json\/wp\/v2\/comments?post=2643"}],"version-history":[{"count":11,"href":"https:\/\/www.tradingfilms.com\/fr\/wp-json\/wp\/v2\/pages\/2643\/revisions"}],"predecessor-version":[{"id":2665,"href":"https:\/\/www.tradingfilms.com\/fr\/wp-json\/wp\/v2\/pages\/2643\/revisions\/2665"}],"up":[{"embeddable":true,"href":"https:\/\/www.tradingfilms.com\/fr\/wp-json\/wp\/v2\/pages\/2589"}],"wp:attachment":[{"href":"https:\/\/www.tradingfilms.com\/fr\/wp-json\/wp\/v2\/media?parent=2643"}],"curies":[{"name":"wp","href":"https:\/\/api.w.org\/{rel}","templated":true}]}}