{"id":597,"date":"2014-11-11T11:09:47","date_gmt":"2014-11-11T11:09:47","guid":{"rendered":"http:\/\/anpsthemes.com\/constructo\/?page_id=5"},"modified":"2022-05-11T10:15:54","modified_gmt":"2022-05-11T10:15:54","slug":"home","status":"publish","type":"page","link":"https:\/\/www.tradingfilms.com\/fr\/","title":{"rendered":"Home"},"content":{"rendered":"<p>[vc_row has_content=&#8221;true&#8221;][vc_column][rev_slider_vc alias=&#8221;main-slider&#8221;][\/vc_column][\/vc_row][vc_row css=&#8221;.vc_custom_1441365478953{padding-bottom: 50px !important;}&#8221;][vc_column width=&#8221;2\/3&#8243; offset=&#8221;vc_col-xs-12&#8243;][vc_row_inner][vc_column_inner width=&#8221;1\/2&#8243;][vc_column_text css=&#8221;.vc_custom_1495103526836{padding-top: 27px !important;}&#8221;]<\/p>\n<h3 style=\"font-size: 24px;\">EMBALLAGE FLEXIBLE<\/h3>\n<p>[\/vc_column_text][vc_column_text css=&#8221;.vc_custom_1495103572233{padding-top: 5px !important;}&#8221;]<\/p>\n<p style=\"line-height: 21px; font-size: 16px; color: #000;\">Approximativement 60% des films destin\u00e9s \u00e0 l&#8217;<strong>emballage flexible d&#8217;aliments<\/strong> correspond \u00e0 des films lamin\u00e9s de plusieurs mat\u00e9riels. L&#8217;obtention de structures multicouches a permis d&#8217;augmenter l\u00b4\u00e9ventail d\u00b4applications pour l&#8217;emballage d&#8217;aliments. Dans la plupart des cas, il n&#8217;existe pas un seul mat\u00e9riel r\u00e9unissant toutes les conditions n\u00e9cessaires \u00e0 la conservation du produit, de sorte que la combinaison de plusieurs mat\u00e9riels apporte plusieurs propri\u00e9t\u00e9s et fonctionnalit\u00e9s qui permettent d&#8217;offrir une structure optimale pour le conditionnement. Nous vous offrons la possibilit\u00e9 d\u00b4avoir un seul fournisseur pour les mati\u00e8res premi\u00e8res plastiques et en aluminium les plus repr\u00e9sentatives dans la fabrication de ces complexes.<\/p>\n<p>[\/vc_column_text][\/vc_column_inner][vc_column_inner width=&#8221;1\/2&#8243;][vc_column_text css=&#8221;.vc_custom_1495103533478{margin-top: -18px !important;padding-top: 45px !important;}&#8221;]<\/p>\n<h3 style=\"font-size: 24px;\">\u00c9TIQUETTES<\/h3>\n<p>[\/vc_column_text][vc_column_text css=&#8221;.vc_custom_1495103543333{padding-top: 5px !important;}&#8221;]<\/p>\n<p style=\"line-height: 21px; font-size: 16px; color: #000;\">Cette application pourrait \u00eatre consid\u00e9r\u00e9e comme un march\u00e9 dans l\u00b4arts graphiques mais \u00e9tant donn\u00e9 sa grande importance, nous le consid\u00e9rons s\u00e9par\u00e9ment. Les mat\u00e9riels les plus utilis\u00e9s pour la fabrication d&#8217;\u00e9tiquettes sont le Papier, le PET et le BOPP. De nouvelles tendances dans ce march\u00e9 nous ont pouss\u00e9es \u00e0 d\u00e9velopper des mat\u00e9riels qui permettent de d\u00e9poser l&#8217;\u00e9tiquette directement dans le moule d\u00b4injection conf\u00e9rant au produit une finition o\u00f9 il est impossible de s\u00e9parer visuellement ou physiquement l&#8217;emballage de l\u00b4\u00e9tiquette. Nous offrons une vaste gamme de produits qui supportent ces applications innovatrices d&#8217;IML ainsi que toutes autres applications d&#8217;\u00e9tiquettes plus conventionnelle.<\/p>\n<p>[\/vc_column_text][\/vc_column_inner][\/vc_row_inner][vc_row_inner][vc_column_inner width=&#8221;1\/2&#8243;][vc_column_text]<\/p>\n<h3 style=\"font-size: 24px;\">ARTS GRAPHIQUES<\/h3>\n<p>[\/vc_column_text][vc_column_text css=&#8221;.vc_custom_1495103605728{padding-top: 5px !important;}&#8221;]<\/p>\n<p style=\"line-height: 21px; font-size: 16px; color: #000;\">Dans les applications d\u00b4arts graphiques, nous recherchons plus un aspect esth\u00e9tique ou de protection. Nous utilisons des mat\u00e9riels pour laminer au-dessus du papier ou du carton afin d&#8217;accorder au complexe une finition brillante ou mat et de prot\u00e9ger en m\u00eame temps la surface du papier des abrasions externes. Le BOPP est l&#8217;un des thermoplastiques de plus utilis\u00e9s pour ce genre d&#8217;applications.<\/p>\n<p>[\/vc_column_text][\/vc_column_inner][vc_column_inner width=&#8221;1\/2&#8243;][vc_empty_space el_class=&#8221;visible-xs&#8221;][vc_column_text]<\/p>\n<h3 style=\"font-size: 24px;\">INDUSTRIELS<\/h3>\n<p>[\/vc_column_text][vc_column_text]<\/p>\n<p style=\"line-height: 21px; font-size: 16px; color: #000;\">Les thermoplastiques utilis\u00e9s dans les applications industrielles n\u00e9cessitent des propri\u00e9t\u00e9s tel que : rigidit\u00e9, r\u00e9sistance m\u00e9canique moyenne voire \u00e9lev\u00e9e et parfois aussi de la r\u00e9sistance aux intemp\u00e9ries et au vieillissement ainsi que des propri\u00e9t\u00e9s isolantes, entre autres&#8230; Le PET est l&#8217;un des thermoplastiques les plus utilis\u00e9s pour ce genre d&#8217;applications.<\/p>\n<p>[\/vc_column_text][\/vc_column_inner][\/vc_row_inner][vc_row_inner][vc_column_inner offset=&#8221;vc_hidden-lg vc_hidden-md vc_hidden-sm&#8221;][vc_empty_space][\/vc_column_inner][\/vc_row_inner][\/vc_column][vc_column width=&#8221;1\/3&#8243; offset=&#8221;vc_col-xs-12&#8243;]<div role=\"form\" class=\"wpcf7\" id=\"wpcf7-f1067-o1\" lang=\"en-US\" dir=\"ltr\">\n<div class=\"screen-reader-response\"><p role=\"status\" aria-live=\"polite\" aria-atomic=\"true\"><\/p> <ul><\/ul><\/div>\n<form action=\"\/fr\/wp-json\/wp\/v2\/pages\/597#wpcf7-f1067-o1\" method=\"post\" class=\"wpcf7-form init\" novalidate=\"novalidate\" data-status=\"init\">\n<div style=\"display: none;\">\n<input type=\"hidden\" name=\"_wpcf7\" value=\"1067\" \/>\n<input type=\"hidden\" name=\"_wpcf7_version\" value=\"5.4\" \/>\n<input type=\"hidden\" name=\"_wpcf7_locale\" value=\"en_US\" \/>\n<input type=\"hidden\" name=\"_wpcf7_unit_tag\" value=\"wpcf7-f1067-o1\" \/>\n<input type=\"hidden\" name=\"_wpcf7_container_post\" value=\"0\" \/>\n<input type=\"hidden\" name=\"_wpcf7_posted_data_hash\" value=\"\" \/>\n<\/div>\n<div id=\"form-home\" class=\"col-md-12 form-wrap\">\n<p class=\"form-home-title\"><strong>NOUS CONTACTER<\/strong><\/p>\n<p class=\"form-home-description\" style=\" font-height: 21px; line-height: 1.3;\">Remplir le formulaire suivants afin de nous contacter: <\/p>\n<p>\t\t<span class=\"wpcf7-form-control-wrap NombreEmpresa\"><input type=\"text\" name=\"NombreEmpresa\" value=\"\" size=\"40\" class=\"wpcf7-form-control wpcf7-text wpcf7-validates-as-required\" aria-required=\"true\" aria-invalid=\"false\" placeholder=\"Nom \/ Soci\u00e9t\u00e9 *\" \/><\/span><br \/>\n\t\t<span class=\"wpcf7-form-control-wrap e-mail\"><input type=\"email\" name=\"e-mail\" value=\"\" size=\"40\" class=\"wpcf7-form-control wpcf7-text wpcf7-email wpcf7-validates-as-required wpcf7-validates-as-email\" aria-required=\"true\" aria-invalid=\"false\" placeholder=\"E-mail *\" \/><\/span><br \/>\n\t\t<span class=\"wpcf7-form-control-wrap Telefono\"><input type=\"tel\" name=\"Telefono\" value=\"\" size=\"40\" class=\"wpcf7-form-control wpcf7-text wpcf7-tel wpcf7-validates-as-required wpcf7-validates-as-tel\" aria-required=\"true\" aria-invalid=\"false\" placeholder=\"T\u00e9l\u00e9phone *\" \/><\/span><br \/>\n\t\t<span class=\"wpcf7-form-control-wrap mensaje\"><textarea name=\"mensaje\" cols=\"40\" rows=\"10\" class=\"wpcf7-form-control wpcf7-textarea wpcf7-validates-as-required\" aria-required=\"true\" aria-invalid=\"false\" placeholder=\"Ecrire ici votre message... *\"><\/textarea><\/span><\/p>\n<div class=\"col-md-12 padding-0\">\n<p class=\"float-left txt-black size-text-16\" style=\"line-height: 1.3;\"><strong>Code de s\u00e9curit\u00e9:<\/strong> Afin d\u00b4\u00e9viter les <i>Spams<\/i>, merci de remplir le code suivant *<\/p>\n<p class=\"col-md-1\"><input type=\"hidden\" name=\"_wpcf7_captcha_challenge_captcha-564\" value=\"2543737740\" \/><img class=\"wpcf7-form-control wpcf7-captchac wpcf7-captcha-captcha-564\" width=\"72\" height=\"24\" alt=\"captcha\" src=\"https:\/\/www.tradingfilms.com\/fr\/wp-content\/uploads\/sites\/6\/wpcf7_captcha\/2543737740.png\" \/><\/p>\n<p style=\"margin-top: 19px;\" class=\"col-md-1\"><span class=\"wpcf7-form-control-wrap captcha-564\"><input type=\"text\" name=\"captcha-564\" value=\"\" size=\"40\" class=\"wpcf7-form-control wpcf7-captchar\" autocomplete=\"off\" aria-invalid=\"false\" \/><\/span><\/p>\n<\/div>\n<div class=\"col-md-12 padding-0\" style=\" margin-top: 10px;\">\n<p class=\"padding-0 margin-0\" >\n<p class=\"aceptar-politica size-text-16\"><span><span class=\"wpcf7-form-control-wrap Politica\"><span class=\"wpcf7-form-control wpcf7-checkbox wpcf7-validates-as-required\"><span class=\"wpcf7-list-item first last\"><label><input type=\"checkbox\" name=\"Politica[]\" value=\"\" \/><span class=\"wpcf7-list-item-label\"><\/span><\/label><\/span><\/span><\/span><\/span> <span>J\u00b4ai lu et j\u00b4accepte l\u00b4<a href=\"http:\/\/www.tradingfilms.com\/fr\/aviso-legal-y-politica-privacidad\/\"> avis l\u00e9gal et la politique de privacit\u00e9<\/a><\/span>\n\t\t\t<\/p>\n<\/p>\n<div class=\"col-md-12 padding-0\">\n\t\t<span class=\"campos-requeridos\">* Champs obligatoires.<\/span><\/p>\n<div class=\"hidden-lg hidden-md hidden-sm\">\n<p>&nbsp;<\/p>\n<\/div>\n<\/div>\n<div class=\"col-md-12 padding-0\">\n<p>&nbsp;<\/p>\n<p>\t\t<input type=\"submit\" value=\"ENVOYER MESSAGE\" class=\"wpcf7-form-control wpcf7-submit\" \/><\/p>\n<div class=\"hidden-lg hidden-md hidden-sm\">\n<p>&nbsp;<\/p>\n<\/div>\n<\/div>\n<\/div>\n<\/div>\n<div class=\"wpcf7-response-output\" aria-hidden=\"true\"><\/div><\/form><\/div>[\/vc_column][\/vc_row][vc_row full_width=&#8221;stretch_row&#8221; has_content=&#8221;inside&#8221; css=&#8221;.vc_custom_1636095610525{padding-top: 80px !important;padding-bottom: 80px !important;background-image: url(https:\/\/www.tradingfilms.com\/fr\/wp-content\/uploads\/sites\/6\/2021\/11\/banner-new-home-2.jpg?id=2582) !important;background-position: center !important;background-repeat: no-repeat !important;background-size: cover !important;}&#8221;][vc_column][vc_column_text]<\/p>\n<h2 style=\"text-align: left; font-size: 30px;\"><span style=\"color: #ffffff;\"><strong>Famille de produit les plus repr\u00e9sentatives que nous commercialisons: <\/strong><\/span><\/h2>\n<h4 style=\"text-align: left; font-size: 21px; line-height: 1.5; padding-bottom: 11px;\"><span style=\"color: #ffffff;\">Films PET (polyester), BOPA (polyamide), BOPP (polypropyl\u00e8ne) et Foil d\u00b4aluminium<\/span><\/h4>\n<p>[\/vc_column_text][vc_empty_space height=&#8221;15px&#8221;][vc_empty_space height=&#8221;15px&#8221;][vc_column_text]<a class=\"btn-red\" href=\"https:\/\/www.tradingfilms.com\/fr\/productos\/\">PLUS D&#8217;INFORMATIONS<\/a><\/p>\n<style>.btn-red{ border-radius: 4px; color: #9c1f23;font-size: 15px; padding: 12px 25px; background-color: #fff; text-decoration: none;}.btn-red:hover{ background-color: #000; color: #fff;}<\/style>\n<p>[\/vc_column_text][\/vc_column][\/vc_row][vc_row css=&#8221;.vc_custom_1441204424711{padding-top: 32px !important;}&#8221;][vc_column][vc_column_text]<\/p>\n<h2 style=\"font-weight: 500;\">SERVICES QUE NOUS OFFRONS<\/h2>\n<p>[\/vc_column_text][\/vc_column][\/vc_row][vc_row css=&#8221;.vc_custom_1441205416007{padding-top: 6px !important;padding-bottom: 15px !important;}&#8221;][vc_column width=&#8221;1\/4&#8243;][vc_single_image image=&#8221;1595&#8243; img_size=&#8221;full&#8221; alignment=&#8221;center&#8221;][vc_column_text css=&#8221;.vc_custom_1495103708035{padding-bottom: 15px !important;}&#8221;]<\/p>\n<h3 style=\"text-align: left; font-size: 18px;\"><strong>Micro-perforation<\/strong><\/h3>\n<div style=\"line-height: 21px; padding-top: 11px; font-size: 16px; color: #000;\">Beaucoup plus centrer sur les march\u00e9s de Boulangerie industrielle, agro-alimentaire et caf\u00e9.<br \/>\nN\u00e9cessite de hautes temp\u00e9ratures, processus r\u00e9alis\u00e9 gr\u00e2ce a des aiguilles chauff\u00e9es.<br \/>\nApplications: filtres \u00e0 caf\u00e9, sachets de pain, etc&#8230;<\/div>\n<div class=\"masinformacion-home\" style=\"color: #9c1f23; padding-top: 20px;\"><a href=\"http:\/\/www.tradingfilms.com\/fr\/servicios\/\">PLUS D\u00b4INFORMATIONS<\/a><\/div>\n<p>[\/vc_column_text][\/vc_column][vc_column width=&#8221;1\/4&#8243;][vc_single_image image=&#8221;1596&#8243; img_size=&#8221;full&#8221; alignment=&#8221;center&#8221;][vc_column_text css=&#8221;.vc_custom_1495103784550{padding-bottom: 15px !important;}&#8221;]<\/p>\n<h3><strong style=\"font-size: 18px;\">Macro-perforation<\/strong><\/h3>\n<div style=\"line-height: 21px; padding-top: 11px; font-size: 16px; color: #000;\">Pour les march\u00e9s de l\u00e9gumes, fruits, charcuterie et viande.<br \/>\nProcessus r\u00e9alis\u00e9 \u00e0 froid (poin\u00e7onnage). Applications: Sachet de saucissons et autres produits de charcuterie, l\u00e9gumes, fruits et emballages de fleurs.<\/div>\n<div class=\"masinformacion-home\" style=\"color: #9c1f23; padding-top: 20px;\"><a href=\"http:\/\/www.tradingfilms.com\/fr\/servicios\/\">PLUS D\u00b4INFORMATIONS<\/a><\/div>\n<p>[\/vc_column_text][\/vc_column][vc_column width=&#8221;1\/4&#8243;][vc_single_image image=&#8221;1597&#8243; img_size=&#8221;full&#8221; alignment=&#8221;center&#8221;][vc_column_text css=&#8221;.vc_custom_1495103765144{padding-bottom: 15px !important;}&#8221;]<\/p>\n<h3><strong style=\"font-size: 18px;\">D\u00e9coupe de formats PET <\/strong><\/h3>\n<div style=\"line-height: 21px; padding-top: 11px; font-size: 16px; color: #000;\">Epaisseurs sup\u00e9rieures \u00e0 50\u00b5 jusqu\u00b4\u00e0 350\u00b5.<\/div>\n<div class=\"masinformacion-home\" style=\"color: #9c1f23; padding-top: 20px;\"><a href=\"http:\/\/www.tradingfilms.com\/fr\/servicios\/\">PLUS D\u00b4INFORMATIONS<\/a><\/div>\n<p>[\/vc_column_text][\/vc_column][vc_column width=&#8221;1\/4&#8243;][vc_single_image image=&#8221;1598&#8243; img_size=&#8221;full&#8221; alignment=&#8221;center&#8221;][vc_column_text]<\/p>\n<h3><strong style=\"font-size: 18px;\">D\u00e9coupe et rembobinage <\/strong><\/h3>\n<div style=\"line-height: 21px; padding-top: 11px; font-size: 16px; color: #000;\">Machines de d\u00e9coupe de 800mm jusqu\u00b4\u00e0 2200mm de laize et capacit\u00e9 de d\u00e9coupe finale de 10mm jusqu\u00b4\u00e0 2200mm.<\/div>\n<div class=\"masinformacion-home\" style=\"color: #9c1f23; padding-top: 20px;\"><a href=\"http:\/\/www.tradingfilms.com\/fr\/servicios\/\">PLUS D\u00b4INFORMATIONS<\/a><\/div>\n<p>[\/vc_column_text][\/vc_column][\/vc_row][vc_row css=&#8221;.vc_custom_1441204424711{padding-top: 32px !important;}&#8221;][vc_column][vc_empty_space height=&#8221;50px&#8221;][\/vc_column][\/vc_row][vc_row full_width=&#8221;stretch_row&#8221; has_content=&#8221;inside&#8221; css=&#8221;.vc_custom_1626259751535{padding-top: 51px !important;padding-bottom: 40px !important;background-image: url(https:\/\/www.tradingfilms.com\/wp-content\/uploads\/2021\/07\/banner-greenpackaging-home-5.jpg?id=2797) !important;background-position: center !important;background-repeat: no-repeat !important;background-size: cover !important;}&#8221;][vc_column][vc_custom_heading text=&#8221;<strong>D\u00e9couvrez notre nouvelle rubrique:<br \/>\nGreen packaging <\/strong>&#8221; font_container=&#8221;tag:h2|font_size:30px|text_align:left|color:%23ffffff|line_height:36px&#8221; use_theme_fonts=&#8221;yes&#8221; css=&#8221;.vc_custom_1652264152064{padding-bottom: 49px !important;}&#8221;][vc_empty_space height=&#8221;15px&#8221;][vc_column_text css=&#8221;.vc_custom_1652264131177{padding-bottom: 50px !important;}&#8221;]<a class=\"btn-green\" href=\"https:\/\/www.tradingfilms.com\/fr\/green-packaging\/\">PLUS D&#8217;INFORMATIONS<\/a><\/p>\n<style>.btn-green{ border-radius: 4px; color: #66b245;font-size: 15px; padding: 12px 25px; background-color: #fff; text-decoration: none;}.btn-green:hover{ background-color: #000; color: #fff;}<\/style>\n<p>[\/vc_column_text][\/vc_column][\/vc_row]<\/p>\n","protected":false},"excerpt":{"rendered":"<p>[vc_row has_content=&#8221;true&#8221;][vc_column][rev_slider_vc alias=&#8221;main-slider&#8221;][\/vc_column][\/vc_row][vc_row css=&#8221;.vc_custom_1441365478953{padding-bottom: 50px !important;}&#8221;][vc_column width=&#8221;2\/3&#8243; offset=&#8221;vc_col-xs-12&#8243;][vc_row_inner][vc_column_inner width=&#8221;1\/2&#8243;][vc_column_text css=&#8221;.vc_custom_1495103526836{padding-top: 27px !important;}&#8221;] EMBALLAGE FLEXIBLE [\/vc_column_text][vc_column_text css=&#8221;.vc_custom_1495103572233{padding-top: 5px !important;}&#8221;] Approximativement 60% des films destin\u00e9s \u00e0 l&#8217;emballage flexible d&#8217;aliments correspond \u00e0 des films lamin\u00e9s de plusieurs mat\u00e9riels. L&#8217;obtention de structures multicouches a&#8230;<\/p>\n","protected":false},"author":2,"featured_media":0,"parent":0,"menu_order":0,"comment_status":"open","ping_status":"closed","template":"","meta":[],"_links":{"self":[{"href":"https:\/\/www.tradingfilms.com\/fr\/wp-json\/wp\/v2\/pages\/597"}],"collection":[{"href":"https:\/\/www.tradingfilms.com\/fr\/wp-json\/wp\/v2\/pages"}],"about":[{"href":"https:\/\/www.tradingfilms.com\/fr\/wp-json\/wp\/v2\/types\/page"}],"author":[{"embeddable":true,"href":"https:\/\/www.tradingfilms.com\/fr\/wp-json\/wp\/v2\/users\/2"}],"replies":[{"embeddable":true,"href":"https:\/\/www.tradingfilms.com\/fr\/wp-json\/wp\/v2\/comments?post=597"}],"version-history":[{"count":57,"href":"https:\/\/www.tradingfilms.com\/fr\/wp-json\/wp\/v2\/pages\/597\/revisions"}],"predecessor-version":[{"id":2655,"href":"https:\/\/www.tradingfilms.com\/fr\/wp-json\/wp\/v2\/pages\/597\/revisions\/2655"}],"wp:attachment":[{"href":"https:\/\/www.tradingfilms.com\/fr\/wp-json\/wp\/v2\/media?parent=597"}],"curies":[{"name":"wp","href":"https:\/\/api.w.org\/{rel}","templated":true}]}}